{"id":735641,"date":"2025-08-27T22:51:36","date_gmt":"2025-08-27T19:51:36","guid":{"rendered":"https:\/\/roveyayinevi.com.tr\/index.php\/urun\/boncuk-ile-boo\/"},"modified":"2026-04-16T02:43:55","modified_gmt":"2026-04-15T23:43:55","slug":"boncuk-ile-boo","status":"publish","type":"product","link":"https:\/\/roveyayinevi.com.tr\/index.php\/urun\/boncuk-ile-boo\/","title":{"rendered":"Boncuk \u0130le B\u00f6\u00f6"},"content":{"rendered":"<p>Davetsiz bir misafir aniden \u00e7ay keyfini b\u00f6ld\u00fc\u011f\u00fcnde Boncuk hi\u00e7 mutlu olmam\u0131\u015ft\u0131. Can s\u0131k\u0131c\u0131 bir al\u0131\u015fkanl\u0131\u011f\u0131 olan bu minik yarat\u0131k kalmaya karar verdi\u011finde ise dostumuz deh\u015fete kap\u0131ld\u0131. \u0130stenmeyen misafiri b\u00fct\u00fcn g\u00fcn aya\u011f\u0131n\u0131n alt\u0131nda dola\u015f\u0131rken, Boncuk\u2019un b\u00f6lgede bir ay\u0131n\u0131n g\u00f6r\u00fcld\u00fc\u011f\u00fcne ili\u015fkin i\u015faretleri g\u00f6zden ka\u00e7\u0131rmas\u0131 pek kolayd\u0131. Boncuk, ay\u0131dan nas\u0131l kurtulacak? Arkada\u015fl\u0131k, ho\u015fg\u00f6r\u00fc ve s\u00fcrpriz sonu\u00e7lar hakk\u0131nda \u00e7ok sevimli bir \u00f6yk\u00fc. <\/p>\n","protected":false},"excerpt":{"rendered":"<p>Davetsiz bir misafir aniden \u00e7ay keyfini b\u00f6ld\u00fc\u011f\u00fcnde Boncuk hi\u00e7 mutlu olmam\u0131\u015ft\u0131. Can s\u0131k\u0131c\u0131 bir al\u0131\u015fkanl\u0131\u011f\u0131 olan bu minik yarat\u0131k kalmaya karar verdi\u011finde ise dostumuz deh\u015fete kap\u0131ld\u0131.<span class=\"excerpt-hellip\"> [\u2026]<\/span><\/p>\n","protected":false},"featured_media":0,"template":"","meta":{"_monsterinsights_skip_tracking":false,"_monsterinsights_sitenote_active":false,"_monsterinsights_sitenote_note":"","_monsterinsights_sitenote_category":0},"product_brand":[],"product_cat":[12274,12518],"product_tag":[],"class_list":{"0":"post-735641","1":"product","2":"type-product","3":"status-publish","5":"product_cat-cocuk-ve-genclik-kitaplari","6":"product_cat-okul-oncesi-kitaplar","7":"pa_cilt-ciltsiz","8":"pa_tur-kitap","9":"pa_yayinevi-is-bankasi-kultur-yayinlari","10":"pa_yazar-megan-brewis","12":"first","13":"instock","14":"sale","15":"shipping-taxable","16":"purchasable","17":"product-type-simple"},"_links":{"self":[{"href":"https:\/\/roveyayinevi.com.tr\/index.php\/wp-json\/wp\/v2\/product\/735641","targetHints":{"allow":["GET"]}}],"collection":[{"href":"https:\/\/roveyayinevi.com.tr\/index.php\/wp-json\/wp\/v2\/product"}],"about":[{"href":"https:\/\/roveyayinevi.com.tr\/index.php\/wp-json\/wp\/v2\/types\/product"}],"wp:attachment":[{"href":"https:\/\/roveyayinevi.com.tr\/index.php\/wp-json\/wp\/v2\/media?parent=735641"}],"wp:term":[{"taxonomy":"product_brand","embeddable":true,"href":"https:\/\/roveyayinevi.com.tr\/index.php\/wp-json\/wp\/v2\/product_brand?post=735641"},{"taxonomy":"product_cat","embeddable":true,"href":"https:\/\/roveyayinevi.com.tr\/index.php\/wp-json\/wp\/v2\/product_cat?post=735641"},{"taxonomy":"product_tag","embeddable":true,"href":"https:\/\/roveyayinevi.com.tr\/index.php\/wp-json\/wp\/v2\/product_tag?post=735641"}],"curies":[{"name":"wp","href":"https:\/\/api.w.org\/{rel}","templated":true}]}}