{"id":735640,"date":"2025-08-27T22:51:35","date_gmt":"2025-08-27T19:51:35","guid":{"rendered":"https:\/\/roveyayinevi.com.tr\/index.php\/urun\/sirinin-maceralari\/"},"modified":"2026-04-16T02:43:55","modified_gmt":"2026-04-15T23:43:55","slug":"sirinin-maceralari","status":"publish","type":"product","link":"https:\/\/roveyayinevi.com.tr\/index.php\/urun\/sirinin-maceralari\/","title":{"rendered":"\u015eirin&#8217;in Maceralar\u0131"},"content":{"rendered":"<p>\u015eirin, eski ama \u00e7ok g\u00fczel bir bez bebek. Y\u0131llar boyu pek \u00e7ok ser\u00fcven ya\u015fam\u0131\u015f ama \u015fimdi bir kenara at\u0131lm\u0131\u015f. Erdem ve ablas\u0131, \u015eirin\u2019e rastlad\u0131. Onu evlerine g\u00f6t\u00fcrmeye karar verdiler. Birlikte macera dolu bir hafta ya\u015fayacaklar\u0131ndan habersizler!                                                                                                                      Times Y\u0131l\u0131n \u00c7ocuk Kitab\u0131 \u00d6d\u00fcl\u00fc     <\/p>\n","protected":false},"excerpt":{"rendered":"<p>\u015eirin, eski ama \u00e7ok g\u00fczel bir bez bebek. Y\u0131llar boyu pek \u00e7ok ser\u00fcven ya\u015fam\u0131\u015f ama \u015fimdi bir kenara at\u0131lm\u0131\u015f. Erdem ve ablas\u0131, \u015eirin\u2019e rastlad\u0131. Onu evlerine<span class=\"excerpt-hellip\"> [\u2026]<\/span><\/p>\n","protected":false},"featured_media":0,"template":"","meta":{"_monsterinsights_skip_tracking":false,"_monsterinsights_sitenote_active":false,"_monsterinsights_sitenote_note":"","_monsterinsights_sitenote_category":0},"product_brand":[],"product_cat":[12274,12518],"product_tag":[],"class_list":{"0":"post-735640","1":"product","2":"type-product","3":"status-publish","5":"product_cat-cocuk-ve-genclik-kitaplari","6":"product_cat-okul-oncesi-kitaplar","7":"pa_cilt-ciltsiz","8":"pa_tur-kitap","9":"pa_yayinevi-is-bankasi-kultur-yayinlari","10":"pa_yazar-ben-manley","12":"first","13":"instock","14":"sale","15":"shipping-taxable","16":"purchasable","17":"product-type-simple"},"_links":{"self":[{"href":"https:\/\/roveyayinevi.com.tr\/index.php\/wp-json\/wp\/v2\/product\/735640","targetHints":{"allow":["GET"]}}],"collection":[{"href":"https:\/\/roveyayinevi.com.tr\/index.php\/wp-json\/wp\/v2\/product"}],"about":[{"href":"https:\/\/roveyayinevi.com.tr\/index.php\/wp-json\/wp\/v2\/types\/product"}],"wp:attachment":[{"href":"https:\/\/roveyayinevi.com.tr\/index.php\/wp-json\/wp\/v2\/media?parent=735640"}],"wp:term":[{"taxonomy":"product_brand","embeddable":true,"href":"https:\/\/roveyayinevi.com.tr\/index.php\/wp-json\/wp\/v2\/product_brand?post=735640"},{"taxonomy":"product_cat","embeddable":true,"href":"https:\/\/roveyayinevi.com.tr\/index.php\/wp-json\/wp\/v2\/product_cat?post=735640"},{"taxonomy":"product_tag","embeddable":true,"href":"https:\/\/roveyayinevi.com.tr\/index.php\/wp-json\/wp\/v2\/product_tag?post=735640"}],"curies":[{"name":"wp","href":"https:\/\/api.w.org\/{rel}","templated":true}]}}