{"id":735639,"date":"2025-08-27T22:51:34","date_gmt":"2025-08-27T19:51:34","guid":{"rendered":"https:\/\/roveyayinevi.com.tr\/index.php\/urun\/robin-robin\/"},"modified":"2026-04-16T02:43:55","modified_gmt":"2026-04-15T23:43:55","slug":"robin-robin","status":"publish","type":"product","link":"https:\/\/roveyayinevi.com.tr\/index.php\/urun\/robin-robin\/","title":{"rendered":"Robin Robin"},"content":{"rendered":"<p>S\u0131cac\u0131k bir aile \u00f6yk\u00fcs\u00fc \u00c7ocuklar\u0131n bay\u0131ld\u0131\u011f\u0131 \u00fcnl\u00fc Robin Robin m\u00fczikalinden uyarlanan bu harika \u00f6yk\u00fcde minik bir k\u0131z\u0131lgerdan olan Robin\u2019in maceralar\u0131 anlat\u0131l\u0131yor. <\/p>\n","protected":false},"excerpt":{"rendered":"<p>S\u0131cac\u0131k bir aile \u00f6yk\u00fcs\u00fc \u00c7ocuklar\u0131n bay\u0131ld\u0131\u011f\u0131 \u00fcnl\u00fc Robin Robin m\u00fczikalinden uyarlanan bu harika \u00f6yk\u00fcde minik bir k\u0131z\u0131lgerdan olan Robin\u2019in maceralar\u0131 anlat\u0131l\u0131yor.<\/p>\n","protected":false},"featured_media":0,"template":"","meta":{"_monsterinsights_skip_tracking":false,"_monsterinsights_sitenote_active":false,"_monsterinsights_sitenote_note":"","_monsterinsights_sitenote_category":0},"product_brand":[],"product_cat":[12274,12518],"product_tag":[],"class_list":{"0":"post-735639","1":"product","2":"type-product","3":"status-publish","5":"product_cat-cocuk-ve-genclik-kitaplari","6":"product_cat-okul-oncesi-kitaplar","7":"pa_cilt-ciltsiz","8":"pa_tur-kitap","9":"pa_yayinevi-is-bankasi-kultur-yayinlari","10":"pa_yazar-dan-ojari-mikey-please","12":"first","13":"instock","14":"sale","15":"shipping-taxable","16":"purchasable","17":"product-type-simple"},"_links":{"self":[{"href":"https:\/\/roveyayinevi.com.tr\/index.php\/wp-json\/wp\/v2\/product\/735639","targetHints":{"allow":["GET"]}}],"collection":[{"href":"https:\/\/roveyayinevi.com.tr\/index.php\/wp-json\/wp\/v2\/product"}],"about":[{"href":"https:\/\/roveyayinevi.com.tr\/index.php\/wp-json\/wp\/v2\/types\/product"}],"wp:attachment":[{"href":"https:\/\/roveyayinevi.com.tr\/index.php\/wp-json\/wp\/v2\/media?parent=735639"}],"wp:term":[{"taxonomy":"product_brand","embeddable":true,"href":"https:\/\/roveyayinevi.com.tr\/index.php\/wp-json\/wp\/v2\/product_brand?post=735639"},{"taxonomy":"product_cat","embeddable":true,"href":"https:\/\/roveyayinevi.com.tr\/index.php\/wp-json\/wp\/v2\/product_cat?post=735639"},{"taxonomy":"product_tag","embeddable":true,"href":"https:\/\/roveyayinevi.com.tr\/index.php\/wp-json\/wp\/v2\/product_tag?post=735639"}],"curies":[{"name":"wp","href":"https:\/\/api.w.org\/{rel}","templated":true}]}}