{"id":735638,"date":"2025-08-27T22:51:32","date_gmt":"2025-08-27T19:51:32","guid":{"rendered":"https:\/\/roveyayinevi.com.tr\/index.php\/urun\/lydianin-ikinci-hayati\/"},"modified":"2026-04-16T02:43:55","modified_gmt":"2026-04-15T23:43:55","slug":"lydianin-ikinci-hayati","status":"publish","type":"product","link":"https:\/\/roveyayinevi.com.tr\/index.php\/urun\/lydianin-ikinci-hayati\/","title":{"rendered":"Lydia\u2019n\u0131n \u0130kinci Hayat\u0131"},"content":{"rendered":"<p>\u00c7oksatan H\u00e2l\u00e2 Zaman\u0131m\u0131z Varken adl\u0131 roman\u0131n yazar\u0131ndan. Josie Silver\u2019\u0131n s\u0131cak, duygusal ve esprili anlat\u0131m\u0131 ile y\u00fcreklere dokunan Lydia\u2019n\u0131n \u0130kinci Hayat\u0131, hayat\u0131m\u0131z\u0131 de\u011fi\u015ftiren k\u00f6t\u00fc olaylar hi\u00e7 ya\u015fanmasayd\u0131 hayat\u0131m\u0131z nas\u0131l olurdu sorusuna cevap arayan, g\u00fc\u00e7l\u00fc ve heyecan dolu bir a\u015fk hik\u00e2yesi. Lydia ve Freddie birbirine \u00e7ok \u00e2\u015f\u0131k, evlenmek \u00fczere olan mutlu bir \u00e7ifttir. Ancak Freddie\u2019nin trafik kazas\u0131 sonucu \u00f6l\u00fcm\u00fcyle Lydia\u2019n\u0131n hayalleri, umutlar\u0131 parampar\u00e7a olur ve hayat\u0131 geri d\u00f6n\u00fclmez bi\u00e7imde de\u011fi\u015fir. Ka\u00e7\u0131n\u0131lmaz bir yas s\u00fcrecine giren Lydia aylarca evden d\u0131\u015far\u0131 \u00e7\u0131kamaz, i\u015fe gidemez, kimse ile g\u00f6r\u00fc\u015fmek istemez. Ta ki Freddie ile ya\u015famak istedi\u011fi hayat \u00e2deta bir paralel evrene ad\u0131m atm\u0131\u015f\u00e7as\u0131na mucizevi bi\u00e7imde \u00f6n\u00fcne serilene kadar. Bu bamba\u015fka d\u00fcnyada Freddie h\u00e2l\u00e2 ya\u015f\u0131yordur ve evlilik haz\u0131rl\u0131klar\u0131 t\u00fcm h\u0131z\u0131yla devam etmektedir. Ba\u015fta ola\u011fan\u00fcst\u00fc gelen bu durum, zamanla Lydia\u2019n\u0131n hangi hayat\u0131 ya\u015famak istedi\u011fini sorgulamas\u0131na sebep olacak ve kendinden ka\u00e7mak i\u00e7in \u00f6dedi\u011fi bedeller, onu iki hayat aras\u0131nda bir se\u00e7im yapmaya zorlayacakt\u0131r. Lydia\u2019n\u0131n \u0130kinci Hayat\u0131, iki farkl\u0131 d\u00fcnya aras\u0131nda, kederin etraf\u0131nda, s\u00fcrprizlerle dolu, yepyeni bir d\u00fczen kurma yolculu\u011fu\u2026 Yastan ka\u00e7may\u0131p t\u00fcm duygular\u0131n\u0131 hassasiyetle kucaklamak isteyenler ve t\u00fcm kay\u0131plara ra\u011fmen devam etmenin yollar\u0131n\u0131 arayanlar i\u00e7in ilham verici ve benzersiz bir roman\u2026<\/p>\n","protected":false},"excerpt":{"rendered":"<p>\u00c7oksatan H\u00e2l\u00e2 Zaman\u0131m\u0131z Varken adl\u0131 roman\u0131n yazar\u0131ndan. Josie Silver\u2019\u0131n s\u0131cak, duygusal ve esprili anlat\u0131m\u0131 ile y\u00fcreklere dokunan Lydia\u2019n\u0131n \u0130kinci Hayat\u0131, hayat\u0131m\u0131z\u0131 de\u011fi\u015ftiren k\u00f6t\u00fc olaylar hi\u00e7 ya\u015fanmasayd\u0131<span class=\"excerpt-hellip\"> [\u2026]<\/span><\/p>\n","protected":false},"featured_media":0,"template":"","meta":{"_monsterinsights_skip_tracking":false,"_monsterinsights_sitenote_active":false,"_monsterinsights_sitenote_note":"","_monsterinsights_sitenote_category":0},"product_brand":[],"product_cat":[12291,12711],"product_tag":[],"class_list":{"0":"post-735638","1":"product","2":"type-product","3":"status-publish","5":"product_cat-edebiyat","6":"product_cat-roman-oyku","7":"pa_cilt-ciltsiz","8":"pa_tur-kitap","9":"pa_yayinevi-epsilon-yayinlari","10":"pa_yazar-josie-silver","12":"first","13":"instock","14":"sale","15":"shipping-taxable","16":"purchasable","17":"product-type-simple"},"_links":{"self":[{"href":"https:\/\/roveyayinevi.com.tr\/index.php\/wp-json\/wp\/v2\/product\/735638","targetHints":{"allow":["GET"]}}],"collection":[{"href":"https:\/\/roveyayinevi.com.tr\/index.php\/wp-json\/wp\/v2\/product"}],"about":[{"href":"https:\/\/roveyayinevi.com.tr\/index.php\/wp-json\/wp\/v2\/types\/product"}],"wp:attachment":[{"href":"https:\/\/roveyayinevi.com.tr\/index.php\/wp-json\/wp\/v2\/media?parent=735638"}],"wp:term":[{"taxonomy":"product_brand","embeddable":true,"href":"https:\/\/roveyayinevi.com.tr\/index.php\/wp-json\/wp\/v2\/product_brand?post=735638"},{"taxonomy":"product_cat","embeddable":true,"href":"https:\/\/roveyayinevi.com.tr\/index.php\/wp-json\/wp\/v2\/product_cat?post=735638"},{"taxonomy":"product_tag","embeddable":true,"href":"https:\/\/roveyayinevi.com.tr\/index.php\/wp-json\/wp\/v2\/product_tag?post=735638"}],"curies":[{"name":"wp","href":"https:\/\/api.w.org\/{rel}","templated":true}]}}