{"id":735637,"date":"2025-08-27T22:51:32","date_gmt":"2025-08-27T19:51:32","guid":{"rendered":"https:\/\/roveyayinevi.com.tr\/index.php\/urun\/astrolojik-mucize-rehberi\/"},"modified":"2026-04-16T02:43:55","modified_gmt":"2026-04-15T23:43:55","slug":"astrolojik-mucize-rehberi","status":"publish","type":"product","link":"https:\/\/roveyayinevi.com.tr\/index.php\/urun\/astrolojik-mucize-rehberi\/","title":{"rendered":"Astrolojik Mucize Rehberi"},"content":{"rendered":"<p>Sen bir mucizesin! Astrolojinin ve kadim bilgilerin \u0131\u015f\u0131\u011f\u0131nda kendini ke\u015ffet\u2026   Hepimiz gelece\u011fimizi merak ederiz. Acaba ba\u015f\u0131m\u0131za neler gelecek, neler ya\u015fayaca\u011f\u0131z, bizi ya\u015fam yolumuzda neler bekliyor, bir t\u00fcr i\u00e7g\u00fcd\u00fcyle \u00f6nceden bilmek ve haz\u0131rl\u0131kl\u0131 olmak isteriz. \u0130lk\u00e7a\u011flardan g\u00fcn\u00fcm\u00fcze kadar bu anlamda insanl\u0131k bir\u00e7ok yola ba\u015fvurmu\u015ftur ve bunlardan biri de y\u0131ld\u0131zlar\u0131n k\u0131lavuzlu\u011fu olan astrolojidir.   Bunun \u00f6tesinde gezegenlerin ve y\u0131ld\u0131zlar\u0131n rehberli\u011finde hayat\u0131m\u0131zda s\u00fcrekli kendini tekrar eden k\u0131s\u0131r d\u00f6ng\u00fcleri k\u0131rmaya, ya\u015fad\u0131\u011f\u0131m\u0131z kaos dolu d\u00fcnyada stresimizi atmam\u0131za yard\u0131mc\u0131 olacak \u00e7al\u0131\u015fmalarla ve yapaca\u011f\u0131m\u0131z ufak de\u011fi\u015fikliklerle ya\u015fam\u0131m\u0131z\u0131n kontrol\u00fcn\u00fc\u0308 elimize alabilir; zay\u0131f yanlar\u0131m\u0131z\u0131 gerek ta\u015flar, gerek kendimize uygun yoga duru\u015flar\u0131 ya da zorlu gezegen transitleri ve Retrolar\u0131nda uygulayaca\u011f\u0131m\u0131z basit uygulamalarla g\u00fc\u00e7lendirebilir; hem kendimiz hem de etraf\u0131m\u0131zdaki insanlarla uyum i\u00e7inde ve dengede kalarak ya\u015fayabiliriz. B\u00f6ylece tek\u00e2m\u00fcle giden yolda da y\u0131ld\u0131zlarla ayn\u0131 dili konu\u015farak fark\u0131ndal\u0131\u011f\u0131m\u0131z\u0131 art\u0131rarak daha derin bir bilin\u00e7 seviyesine ula\u015fabiliriz.   Elif Bozkurter, Astrolojik Mucize Rehberi adl\u0131 kitab\u0131nda, y\u0131ld\u0131zlar\u0131n ve gezegenlerin rehberli\u011finde bizi kendi i\u00e7imizde bir yolculu\u011fa \u00e7\u0131kararak, i\u00e7imizdeki g\u00fcc\u00fc\u0308 ke\u015ffetmeye ve kendimizden ald\u0131\u011f\u0131m\u0131z g\u00fc\u00e7le ya\u015fam\u0131m\u0131zda ger\u00e7ekle\u015ftirece\u011fimiz sihirli dokunu\u015flarla ger\u00e7ekle\u015fecek mucizeleri kucaklamaya davet ediyor. <\/p>\n","protected":false},"excerpt":{"rendered":"<p>Sen bir mucizesin! Astrolojinin ve kadim bilgilerin \u0131\u015f\u0131\u011f\u0131nda kendini ke\u015ffet\u2026 Hepimiz gelece\u011fimizi merak ederiz. Acaba ba\u015f\u0131m\u0131za neler gelecek, neler ya\u015fayaca\u011f\u0131z, bizi ya\u015fam yolumuzda neler bekliyor, bir<span class=\"excerpt-hellip\"> [\u2026]<\/span><\/p>\n","protected":false},"featured_media":0,"template":"","meta":{"_monsterinsights_skip_tracking":false,"_monsterinsights_sitenote_active":false,"_monsterinsights_sitenote_note":"","_monsterinsights_sitenote_category":0},"product_brand":[],"product_cat":[19840,12364],"product_tag":[],"class_list":{"0":"post-735637","1":"product","2":"type-product","3":"status-publish","5":"product_cat-astroloji","6":"product_cat-genel-konular","7":"pa_cilt-ciltsiz","8":"pa_tur-kitap","9":"pa_yayinevi-mona-kitap","10":"pa_yazar-elif-bozkurter","12":"first","13":"instock","14":"sale","15":"shipping-taxable","16":"purchasable","17":"product-type-simple"},"_links":{"self":[{"href":"https:\/\/roveyayinevi.com.tr\/index.php\/wp-json\/wp\/v2\/product\/735637","targetHints":{"allow":["GET"]}}],"collection":[{"href":"https:\/\/roveyayinevi.com.tr\/index.php\/wp-json\/wp\/v2\/product"}],"about":[{"href":"https:\/\/roveyayinevi.com.tr\/index.php\/wp-json\/wp\/v2\/types\/product"}],"wp:attachment":[{"href":"https:\/\/roveyayinevi.com.tr\/index.php\/wp-json\/wp\/v2\/media?parent=735637"}],"wp:term":[{"taxonomy":"product_brand","embeddable":true,"href":"https:\/\/roveyayinevi.com.tr\/index.php\/wp-json\/wp\/v2\/product_brand?post=735637"},{"taxonomy":"product_cat","embeddable":true,"href":"https:\/\/roveyayinevi.com.tr\/index.php\/wp-json\/wp\/v2\/product_cat?post=735637"},{"taxonomy":"product_tag","embeddable":true,"href":"https:\/\/roveyayinevi.com.tr\/index.php\/wp-json\/wp\/v2\/product_tag?post=735637"}],"curies":[{"name":"wp","href":"https:\/\/api.w.org\/{rel}","templated":true}]}}