{"id":735636,"date":"2025-08-27T22:51:30","date_gmt":"2025-08-27T19:51:30","guid":{"rendered":"https:\/\/roveyayinevi.com.tr\/index.php\/urun\/ya-siz-nasilsiniz-dr-sacks\/"},"modified":"2026-04-16T02:43:55","modified_gmt":"2026-04-15T23:43:55","slug":"ya-siz-nasilsiniz-dr-sacks","status":"publish","type":"product","link":"https:\/\/roveyayinevi.com.tr\/index.php\/urun\/ya-siz-nasilsiniz-dr-sacks\/","title":{"rendered":"Ya Siz Nas\u0131ls\u0131n\u0131z Dr. Sacks?"},"content":{"rendered":"<p>Gazeteci-yazar Lawrence Weschler, Oliver Sacks\u2019la vakit ge\u00e7irmeye, 80\u2019lerin ba\u015flar\u0131nda yeni i\u015fvereni The Times i\u00e7in bu n\u00f6rologla ilgili bir profil yaz\u0131s\u0131 haz\u0131rlamaya giri\u015fti\u011finde ba\u015flad\u0131. Dr. Sacks yakla\u015f\u0131k on y\u0131l \u00f6ncesinde, Bronx\u2019taki bir hastane ko\u011fu\u015funda yatan katatonik hastalar\u0131n\u0131n hayata mucizevi ama ayn\u0131 zamanda sorunlu d\u00f6n\u00fc\u015flerini anlatan ba\u015fyap\u0131t\u0131 Uyan\u0131\u015flar\u2019\u0131 yay\u0131mlam\u0131\u015ft\u0131. Ama kitap \u00e7ok duyulmam\u0131\u015ft\u0131 ve Dr. Sacks h\u00e2l\u00e2 pek tan\u0131nm\u0131yordu. \u0130kili, izleyen d\u00f6rt y\u0131l boyunca, Oliver Sacks\u2019\u0131n ki\u015fisel nedenleri \u00f6ne s\u00fcrerek profil yaz\u0131s\u0131n\u0131 b\u0131rakmas\u0131n\u0131 rica etmesine kadar birlikte \u00e7al\u0131\u015ft\u0131. \u0130\u015fbirli\u011fi sonlansa da Dr. Sacks ve Weschler sonraki  otuz y\u0131l boyunca yak\u0131n arkada\u015f kald\u0131lar ve derken, Oliver Sacks \u00f6l\u00fcm d\u00f6\u015fe\u011findeyken Weschler\u2019dan projeyi tekrar ele almas\u0131n\u0131 istedi.Bu kitap, o talebin sonucu.Lawrence Weschler, Ya Siz Nas\u0131ls\u0131n\u0131z, Dr. Sacks?\u2019ta kendini Don Ki\u015fot\u2019un San\u00e7o\u2019su rol\u00fcne sokarak d\u00e2hi n\u00f6rolo\u011fun m\u00fcthi\u015f sofra sohbetleri ve muazzam ki\u015fili\u011fini capcanl\u0131 bir anlat\u0131ya yans\u0131t\u0131yor. Sacks\u2019\u0131n  k\u00fcrek \u00e7ekmesini, s\u00f6ylenmelerini ve derinlemesine \u00f6nemseyi\u015fini, Kar\u0131s\u0131n\u0131 \u015eapka Sanan Adam\u2019\u0131 olu\u015fturan denemeleri yaz\u0131\u015f\u0131n\u0131, uyu\u015fturucu y\u00fckl\u00fc, \u00e7alkant\u0131l\u0131 gen\u00e7li\u011fini, hastalar\u0131na yard\u0131m edi\u015fini ve dostlar\u0131n\u0131 \u00e7ileden \u00e7\u0131kar\u0131\u015f\u0131n\u0131, bireyin ruhunun \u00f6zg\u00fcnl\u00fc\u011f\u00fc meselesini ele almay\u0131 ba\u015faramayan t\u0131p ve bilim d\u00fcnyas\u0131na kar\u015f\u0131 b\u00fcy\u00fck endi\u015fesini ve sonucundaki fikir sava\u015f\u0131n\u0131 izliyoruz. Ve t\u00fcm bu anlar boyunca, onu \u00e7a\u011f\u0131n\u0131n en b\u00fcy\u00fck hatiplerinden biri yapan m\u00fcthi\u015f, m\u00fcstehcen, g\u00fcl\u00fcn\u00e7 ve derin konu\u015fmalar \u00e7a\u011fl\u0131yor.Kar\u015f\u0131n\u0131zda b\u00fct\u00fcn \u00e7al\u0131\u015fmalar\u0131, her hastas\u0131na \u00f6zenle sordu\u011fu \u201cNas\u0131ls\u0131n\u0131z?\u201d sorusunun etraf\u0131nda geli\u015fmi\u015f romantik bir bilim insan\u0131n\u0131n, kendi deyi\u015fiyle bir \u201cklinik ontolojist\u201din nihai portresi: Ya Siz Nas\u0131ls\u0131n\u0131z, Dr. Sacks?<\/p>\n","protected":false},"excerpt":{"rendered":"<p>Gazeteci-yazar Lawrence Weschler, Oliver Sacks\u2019la vakit ge\u00e7irmeye, 80\u2019lerin ba\u015flar\u0131nda yeni i\u015fvereni The Times i\u00e7in bu n\u00f6rologla ilgili bir profil yaz\u0131s\u0131 haz\u0131rlamaya giri\u015fti\u011finde ba\u015flad\u0131. Dr. Sacks yakla\u015f\u0131k<span class=\"excerpt-hellip\"> [\u2026]<\/span><\/p>\n","protected":false},"featured_media":0,"template":"","meta":{"_monsterinsights_skip_tracking":false,"_monsterinsights_sitenote_active":false,"_monsterinsights_sitenote_note":"","_monsterinsights_sitenote_category":0},"product_brand":[],"product_cat":[14009,12291],"product_tag":[],"class_list":{"0":"post-735636","1":"product","2":"type-product","3":"status-publish","5":"product_cat-biyografi-otobiyografi-edebiyat","6":"product_cat-edebiyat","7":"pa_cilt-ciltsiz","8":"pa_tur-kitap","9":"pa_yayinevi-domingo-yayinevi","10":"pa_yazar-lawrence-weschler","12":"first","13":"instock","14":"sale","15":"shipping-taxable","16":"purchasable","17":"product-type-simple"},"_links":{"self":[{"href":"https:\/\/roveyayinevi.com.tr\/index.php\/wp-json\/wp\/v2\/product\/735636","targetHints":{"allow":["GET"]}}],"collection":[{"href":"https:\/\/roveyayinevi.com.tr\/index.php\/wp-json\/wp\/v2\/product"}],"about":[{"href":"https:\/\/roveyayinevi.com.tr\/index.php\/wp-json\/wp\/v2\/types\/product"}],"wp:attachment":[{"href":"https:\/\/roveyayinevi.com.tr\/index.php\/wp-json\/wp\/v2\/media?parent=735636"}],"wp:term":[{"taxonomy":"product_brand","embeddable":true,"href":"https:\/\/roveyayinevi.com.tr\/index.php\/wp-json\/wp\/v2\/product_brand?post=735636"},{"taxonomy":"product_cat","embeddable":true,"href":"https:\/\/roveyayinevi.com.tr\/index.php\/wp-json\/wp\/v2\/product_cat?post=735636"},{"taxonomy":"product_tag","embeddable":true,"href":"https:\/\/roveyayinevi.com.tr\/index.php\/wp-json\/wp\/v2\/product_tag?post=735636"}],"curies":[{"name":"wp","href":"https:\/\/api.w.org\/{rel}","templated":true}]}}