{"id":735635,"date":"2025-08-27T22:51:29","date_gmt":"2025-08-27T19:51:29","guid":{"rendered":"https:\/\/roveyayinevi.com.tr\/index.php\/urun\/col-mu-cennet-mi\/"},"modified":"2026-04-16T02:43:54","modified_gmt":"2026-04-15T23:43:54","slug":"col-mu-cennet-mi","status":"publish","type":"product","link":"https:\/\/roveyayinevi.com.tr\/index.php\/urun\/col-mu-cennet-mi\/","title":{"rendered":"\u00c7\u00f6l m\u00fc Cennet mi?"},"content":{"rendered":"<p>Tehdit alt\u0131ndaki \u00e7evrenin yeniden do\u011falla\u015ft\u0131r\u0131lmas\u0131ndan sa\u011fl\u0131kl\u0131 g\u0131da yeti\u015ftiricili\u011fine, su k\u00fclt\u00fcr\u00fcnden kent bah\u00e7ecili\u011fine de\u011fin bilmemiz gereken her \u015fey.   \u00c7\u00f6l m\u00fc Cennet mi? neyi berbat etti\u011fimize dair \u00e7ok \u00f6nemli bilgiler i\u00e7eren olduk\u00e7a derinlikli ve ilgi \u00e7ekici bir kitap. Permak\u00fclt\u00fcr\u00fcn \u00f6nc\u00fclerinden olan ve \u201ctar\u0131m \u00e2sisi\u201d olarak bilinen Avusturyal\u0131 \u00e7ift\u00e7i Sepp Holzer \u00c7\u00f6l m\u00fc Cennet mi?\u2019de tar\u0131mda, ormanc\u0131l\u0131kta yap\u0131lan yanl\u0131\u015f uygulamalardan kaynakl\u0131 \u00e7evresel felaketlere dikkat \u00e7ekerek kurtulu\u015fumuzun re\u00e7etesini sunuyor.   \u00c7ocuklu\u011fundan beri do\u011fayla i\u00e7 i\u00e7e olan ve tabiattaki t\u00fcm canl\u0131lar\u0131n simbiyotik bir ba\u011fla nas\u0131l birbirlerine ba\u011fl\u0131 oldu\u011funu \u00e7ok erken ya\u015flarda yapt\u0131\u011f\u0131 g\u00f6zlemlerle fark eden dahi k\u00f6yl\u00fc Sepp Holzer, ge\u00e7mi\u015ften g\u00fcn\u00fcm\u00fcze devam eden do\u011fadaki insani y\u0131k\u0131ma kar\u015f\u0131 alternatif yaratarak yeni bir bak\u0131\u015f a\u00e7\u0131s\u0131 olu\u015fturmay\u0131 ba\u015far\u0131yor.   Suyu kullanman\u0131n hayati \u00f6nemini, hatal\u0131 toprak y\u00f6netiminin yaratt\u0131\u011f\u0131 y\u0131k\u0131m\u0131, hayvanlar\u0131n yanl\u0131\u015f y\u00f6ntemlerle otlat\u0131lmas\u0131ndan kaynakl\u0131 meralar\u0131n \u00e7\u00f6lle\u015fmesini, monok\u00fclt\u00fcre dayal\u0131 ormanlar\u0131n hastalanmas\u0131n\u0131 ve \u00e7evresel felaketlere neden olan t\u00fcm yanl\u0131\u015flar\u0131 inceleyerek, farkl\u0131 bir tar\u0131m ve \u00e7evre yaratman\u0131n metotlar\u0131n\u0131 buluyor. Uzun y\u0131llar \u00fczerinde \u00e7al\u0131\u015farak geli\u015ftirdi\u011fi ve fark\u0131ndal\u0131k yaratt\u0131\u011f\u0131 a\u015fik\u00e2r olan sistemiyle (Holzer Permak\u00fclt\u00fcr\u00fc) o kadar ba\u015far\u0131l\u0131 oluyor ki \u00e7orakla\u015fan, \u00e7\u00f6lle\u015fen b\u00f6lgeleri adeta cennete \u00e7eviriyor.   Sepp Holzer, toprakla olan ya\u015fam\u0131n yenilenmesi, \u00e7ift\u00e7ilerin tekrardan sayg\u0131nl\u0131k kazanmas\u0131 ve do\u011fal bir tar\u0131m y\u00f6nteminin benimsenmesiyle birlikte d\u00fcnya g\u0131das\u0131 stratejisinin m\u00fcthi\u015f bir de\u011fi\u015fim ya\u015fayaca\u011f\u0131n\u0131 ve \u00e7evreyle b\u00fct\u00fcnl\u00fck i\u00e7inde yeni stratejiler olu\u015fturulaca\u011f\u0131na inan\u0131yor. Bu alanda ciddi \u00e7al\u0131\u015fmalar yapan Holzer \u00e7\u00f6z\u00fcmler \u00fcreterek kendi kendine yeterlili\u011fin (do\u011fru y\u00f6ntemlerle) her yerde m\u00fcmk\u00fcn oldu\u011funun alt\u0131n\u0131 \u00e7iziyor, bunu yapt\u0131\u011f\u0131 \u00f6neli \u00e7al\u0131\u015fmalarla t\u00fcm d\u00fcnyaya g\u00f6steriyor. Hayvanlar\u0131 mal olarak de\u011fil, \u00e7al\u0131\u015fan olarak g\u00f6rmenin k\u0131ymetine dikkat \u00e7ekerek bu ba\u011flamda hayvanc\u0131l\u0131\u011f\u0131n yeniden ele al\u0131n\u0131p g\u00f6zden ge\u00e7irilmesi konusundaki d\u00fc\u015f\u00fcncelerini kitapta etrafl\u0131ca anlat\u0131yor. Balkon bah\u00e7eleri, asma ve dikey bah\u00e7eler vb. gibi en k\u00fc\u00e7\u00fck alanlarda &#8220;kentsel bah\u00e7ecilik&#8221;te yarat\u0131c\u0131 fikirler de dahil olmak \u00fczere permak\u00fclt\u00fcre giri\u015f niteli\u011findeki alanlarda neler yap\u0131laca\u011f\u0131n\u0131 ad\u0131m ad\u0131m g\u00f6steriyor.   D\u00fcnyan\u0131n farkl\u0131 co\u011frafyalar\u0131nda (Portekiz\u2019den Sibirya\u2019ya, Brezilya\u2019dan \u0130spanya\u2019ya, T\u00fcrkiye\u2019den Ukrayna\u2019ya kadar) denenmi\u015f uygulanm\u0131\u015f ve ba\u015far\u0131ya ula\u015fm\u0131\u015f \u201cHolzer Permak\u00fclt\u00fcr\u00fc\u201dyle kurulan bah\u00e7eler\/\u00e7iftlikler art\u0131k herkes taraf\u0131ndan biliniyor ve takdir topluyor. Kurdu\u011fu sistem kimi \u00e7evrelerce ele\u015ftirel yakla\u015f\u0131lsa da bilim insanlar\u0131n\u0131n hayranl\u0131kla inceleyip akademilerde anlatt\u0131klar\u0131 model haline gelmi\u015f vaziyette.   Sepp Holzer \u00c7\u00f6l m\u00fc Cennet mi?\u2019de t\u00fcm deneyimlerini, tekni\u011finin p\u00fcf noktalar\u0131n\u0131, d\u00fcnya \u00e7ap\u0131nda ses getiren, \u00e7\u0131\u011f\u0131r a\u00e7an \u00f6nerilerini bizlerle payla\u015f\u0131yor. <\/p>\n","protected":false},"excerpt":{"rendered":"<p>Tehdit alt\u0131ndaki \u00e7evrenin yeniden do\u011falla\u015ft\u0131r\u0131lmas\u0131ndan sa\u011fl\u0131kl\u0131 g\u0131da yeti\u015ftiricili\u011fine, su k\u00fclt\u00fcr\u00fcnden kent bah\u00e7ecili\u011fine de\u011fin bilmemiz gereken her \u015fey. \u00c7\u00f6l m\u00fc Cennet mi? neyi berbat etti\u011fimize dair \u00e7ok<span class=\"excerpt-hellip\"> [\u2026]<\/span><\/p>\n","protected":false},"featured_media":0,"template":"","meta":{"_monsterinsights_skip_tracking":false,"_monsterinsights_sitenote_active":false,"_monsterinsights_sitenote_note":"","_monsterinsights_sitenote_category":0},"product_brand":[],"product_cat":[23323,12364],"product_tag":[],"class_list":{"0":"post-735635","1":"product","2":"type-product","3":"status-publish","5":"product_cat-ekoloji","6":"product_cat-genel-konular","7":"pa_cilt-ciltsiz","8":"pa_tur-kitap","9":"pa_yayinevi-yelkovan-kitap","10":"pa_yazar-sepp-holzer","12":"first","13":"instock","14":"sale","15":"shipping-taxable","16":"purchasable","17":"product-type-simple"},"_links":{"self":[{"href":"https:\/\/roveyayinevi.com.tr\/index.php\/wp-json\/wp\/v2\/product\/735635","targetHints":{"allow":["GET"]}}],"collection":[{"href":"https:\/\/roveyayinevi.com.tr\/index.php\/wp-json\/wp\/v2\/product"}],"about":[{"href":"https:\/\/roveyayinevi.com.tr\/index.php\/wp-json\/wp\/v2\/types\/product"}],"wp:attachment":[{"href":"https:\/\/roveyayinevi.com.tr\/index.php\/wp-json\/wp\/v2\/media?parent=735635"}],"wp:term":[{"taxonomy":"product_brand","embeddable":true,"href":"https:\/\/roveyayinevi.com.tr\/index.php\/wp-json\/wp\/v2\/product_brand?post=735635"},{"taxonomy":"product_cat","embeddable":true,"href":"https:\/\/roveyayinevi.com.tr\/index.php\/wp-json\/wp\/v2\/product_cat?post=735635"},{"taxonomy":"product_tag","embeddable":true,"href":"https:\/\/roveyayinevi.com.tr\/index.php\/wp-json\/wp\/v2\/product_tag?post=735635"}],"curies":[{"name":"wp","href":"https:\/\/api.w.org\/{rel}","templated":true}]}}