{"id":735634,"date":"2025-08-27T22:51:28","date_gmt":"2025-08-27T19:51:28","guid":{"rendered":"https:\/\/roveyayinevi.com.tr\/index.php\/urun\/etkinliklerle-sag-beyin-sol-beyin-gelistirme-7-yas-6li-set\/"},"modified":"2026-04-16T02:43:54","modified_gmt":"2026-04-15T23:43:54","slug":"etkinliklerle-sag-beyin-sol-beyin-gelistirme-7-yas-6li-set","status":"publish","type":"product","link":"https:\/\/roveyayinevi.com.tr\/index.php\/urun\/etkinliklerle-sag-beyin-sol-beyin-gelistirme-7-yas-6li-set\/","title":{"rendered":"Etkinliklerle Sa\u011f Beyin Sol Beyin Geli\u015ftirme (7 ya\u015f) 6\u2019l\u0131 Set"},"content":{"rendered":"<p>\u0130ster matematikte ister sanatta olsun hem sa\u011f hem sol beynini g\u00fc\u00e7lendirmi\u015f ve dengede kullanabilen \u00e7ocuklar\u0131m\u0131z e\u011fitim ya\u015famlar\u0131nda \u00e7ok daha ba\u015far\u0131l\u0131 olacakt\u0131r.Beyinde; \u00f6zellikle dil, g\u00f6rme- i\u015fitme, duygusal kontrol, sosyalle\u015fme gibi yetilerin daha \u00fcst d\u00fczeye \u00e7\u0131kar\u0131lmas\u0131, \u00e7ocu\u011fa verilen e\u011fitimle yak\u0131ndan ili\u015fkilidir; beyin ve onun n\u00f6ral ba\u011flant\u0131lar\u0131 zorlanarak ve \u00e7al\u0131\u015ft\u0131r\u0131larak g\u00fc\u00e7lendirilebilir. Beyinde uyar\u0131lmayan ve kullan\u0131lmayan k\u0131s\u0131mlar ise zay\u0131flar ve yok olur.Etkinliklerle Sa\u011f Beyin Sol Beyin Geli\u015ftirme 7 Ya\u015f setimiz:\u00c7ocuklar\u0131m\u0131z\u0131n; erken \u00e7ocukluk d\u00f6neminden \u00e7\u0131k\u0131p mant\u0131ksal c\u0327\u0131kar\u0131mlarla analitik d\u00fc\u015f\u00fcnmeye ba\u015flad\u0131klar\u0131, odaklanma becerilerinin artt\u0131\u011f\u0131, duygusal tepkilerini meraka ve o\u0308g\u0306renmeye y\u00f6nlendirdikleri bu \u00e7ok \u00f6nemli s\u00fcrece; yeni ba\u015flang\u0131\u00e7lar d\u00f6nemine y\u00f6nelik haz\u0131rlanm\u0131\u015ft\u0131r.G\u00f6rsel ve Sesli Beyin Egzersizleriyle; Sa\u011f Beyni,S\u00f6zel-Say\u0131sal Egzersizlerle; Sol Beyni geli\u015ftirecek \u00e7al\u0131\u015fmalara yer verilmi\u015ftir.Bir kerede birden fazla unsura dikkat etme ve odaklanma gerektiren \u00e7al\u0131\u015fmalar;Alg\u0131sal DikkatOdaklanma ve Konsantrasyon Art\u0131r\u0131m\u0131G\u00f6rsel Alg\u0131 &#8211; \u0130\u015fitsel Dikkat Geli\u015fimiDil Geli\u015fimiDinledi\u011fini Kavrama-Anlama BecerileriOdaklanma ve Konsantrasyon Art\u0131r\u0131m\u0131Duydu\u011funu K\u0131sa S\u00fcreli Belle\u011fe Kolay KaydetmeAk\u0131l Y\u00fcr\u00fctme\u0130\u015flem BecerileriNeden-Sonu\u00e7 \u0130li\u015fkisiMuhakeme gibi alanlarda geli\u015fimlerini \u00fcst d\u00fczeye \u00e7\u0131kararak ya\u015famlar\u0131na en iyi \u015fekilde ba\u015flang\u0131\u00e7 yapmalar\u0131na ve s\u00fcrd\u00fcrmelerine \u00f6nemli katk\u0131lar sa\u011flayacakt\u0131r.Kitaplardaki etkinlikler, beynin en \u00e7ok hangi alan\u0131n\u0131 etkiliyorsa tablolarla belirtilmi\u015ftir. Bu sayede \u00e7ocu\u011fun g\u00f6zlemlenmesi ve y\u00f6nlendirilmesine yard\u0131mc\u0131 olacakt\u0131r.<\/p>\n","protected":false},"excerpt":{"rendered":"<p>\u0130ster matematikte ister sanatta olsun hem sa\u011f hem sol beynini g\u00fc\u00e7lendirmi\u015f ve dengede kullanabilen \u00e7ocuklar\u0131m\u0131z e\u011fitim ya\u015famlar\u0131nda \u00e7ok daha ba\u015far\u0131l\u0131 olacakt\u0131r.Beyinde; \u00f6zellikle dil, g\u00f6rme- i\u015fitme, duygusal<span class=\"excerpt-hellip\"> [\u2026]<\/span><\/p>\n","protected":false},"featured_media":0,"template":"","meta":{"_monsterinsights_skip_tracking":false,"_monsterinsights_sitenote_active":false,"_monsterinsights_sitenote_note":"","_monsterinsights_sitenote_category":0},"product_brand":[],"product_cat":[12274,24599],"product_tag":[],"class_list":{"0":"post-735634","1":"product","2":"type-product","3":"status-publish","5":"product_cat-cocuk-ve-genclik-kitaplari","6":"product_cat-zeka-gelisimi","7":"pa_cilt-set","8":"pa_tur-kitap","9":"pa_yayinevi-hayykitap","10":"pa_yazar-canan-ozturk","12":"first","13":"instock","14":"sale","15":"shipping-taxable","16":"purchasable","17":"product-type-simple"},"_links":{"self":[{"href":"https:\/\/roveyayinevi.com.tr\/index.php\/wp-json\/wp\/v2\/product\/735634","targetHints":{"allow":["GET"]}}],"collection":[{"href":"https:\/\/roveyayinevi.com.tr\/index.php\/wp-json\/wp\/v2\/product"}],"about":[{"href":"https:\/\/roveyayinevi.com.tr\/index.php\/wp-json\/wp\/v2\/types\/product"}],"wp:attachment":[{"href":"https:\/\/roveyayinevi.com.tr\/index.php\/wp-json\/wp\/v2\/media?parent=735634"}],"wp:term":[{"taxonomy":"product_brand","embeddable":true,"href":"https:\/\/roveyayinevi.com.tr\/index.php\/wp-json\/wp\/v2\/product_brand?post=735634"},{"taxonomy":"product_cat","embeddable":true,"href":"https:\/\/roveyayinevi.com.tr\/index.php\/wp-json\/wp\/v2\/product_cat?post=735634"},{"taxonomy":"product_tag","embeddable":true,"href":"https:\/\/roveyayinevi.com.tr\/index.php\/wp-json\/wp\/v2\/product_tag?post=735634"}],"curies":[{"name":"wp","href":"https:\/\/api.w.org\/{rel}","templated":true}]}}