{"id":735628,"date":"2025-08-27T22:51:15","date_gmt":"2025-08-27T19:51:15","guid":{"rendered":"https:\/\/roveyayinevi.com.tr\/index.php\/urun\/dogayi-ogreniyorum-super-hayvanlar-boyama-serisi\/"},"modified":"2026-04-16T02:43:54","modified_gmt":"2026-04-15T23:43:54","slug":"dogayi-ogreniyorum-super-hayvanlar-boyama-serisi","status":"publish","type":"product","link":"https:\/\/roveyayinevi.com.tr\/index.php\/urun\/dogayi-ogreniyorum-super-hayvanlar-boyama-serisi\/","title":{"rendered":"Do\u011fay\u0131 \u00d6\u011freniyorum &#8211; S\u00fcper Hayvanlar Boyama Serisi"},"content":{"rendered":"<p>Boyalar\u0131n\u0131 al ve birbirinden \u015firin hayvanlarla e\u011flenceli maceralara sen de kat\u0131l. Ku\u015flar, bal\u0131klar, kara hayvanlar\u0131 ve daha bir\u00e7ok arkada\u015f canl\u0131s\u0131 hayvanla tan\u0131\u015f\u0131p, harika manzaralar olu\u015ftur.\u00c7ocu\u011funuz bu e\u011fitici kitapla, hayvanlar\u0131 tan\u0131rken, renk ve odaklanma becerilerini, el g\u00f6z koordinasyonunu geli\u015ftirecek.<\/p>\n","protected":false},"excerpt":{"rendered":"<p>Boyalar\u0131n\u0131 al ve birbirinden \u015firin hayvanlarla e\u011flenceli maceralara sen de kat\u0131l. Ku\u015flar, bal\u0131klar, kara hayvanlar\u0131 ve daha bir\u00e7ok arkada\u015f canl\u0131s\u0131 hayvanla tan\u0131\u015f\u0131p, harika manzaralar olu\u015ftur.\u00c7ocu\u011funuz bu<span class=\"excerpt-hellip\"> [\u2026]<\/span><\/p>\n","protected":false},"featured_media":0,"template":"","meta":{"_monsterinsights_skip_tracking":false,"_monsterinsights_sitenote_active":false,"_monsterinsights_sitenote_note":"","_monsterinsights_sitenote_category":0},"product_brand":[],"product_cat":[12644,12274],"product_tag":[],"class_list":{"0":"post-735628","1":"product","2":"type-product","3":"status-publish","5":"product_cat-boyama-kitaplari","6":"product_cat-cocuk-ve-genclik-kitaplari","7":"pa_cilt-ciltsiz","8":"pa_tur-kitap","9":"pa_yayinevi-is-bankasi-kultur-yayinlari","10":"pa_yazar-is-bankasi-kultur-yayinlari-kolektif","12":"first","13":"instock","14":"sale","15":"shipping-taxable","16":"purchasable","17":"product-type-simple"},"_links":{"self":[{"href":"https:\/\/roveyayinevi.com.tr\/index.php\/wp-json\/wp\/v2\/product\/735628","targetHints":{"allow":["GET"]}}],"collection":[{"href":"https:\/\/roveyayinevi.com.tr\/index.php\/wp-json\/wp\/v2\/product"}],"about":[{"href":"https:\/\/roveyayinevi.com.tr\/index.php\/wp-json\/wp\/v2\/types\/product"}],"wp:attachment":[{"href":"https:\/\/roveyayinevi.com.tr\/index.php\/wp-json\/wp\/v2\/media?parent=735628"}],"wp:term":[{"taxonomy":"product_brand","embeddable":true,"href":"https:\/\/roveyayinevi.com.tr\/index.php\/wp-json\/wp\/v2\/product_brand?post=735628"},{"taxonomy":"product_cat","embeddable":true,"href":"https:\/\/roveyayinevi.com.tr\/index.php\/wp-json\/wp\/v2\/product_cat?post=735628"},{"taxonomy":"product_tag","embeddable":true,"href":"https:\/\/roveyayinevi.com.tr\/index.php\/wp-json\/wp\/v2\/product_tag?post=735628"}],"curies":[{"name":"wp","href":"https:\/\/api.w.org\/{rel}","templated":true}]}}