{"id":735623,"date":"2025-08-27T22:51:10","date_gmt":"2025-08-27T19:51:10","guid":{"rendered":"https:\/\/roveyayinevi.com.tr\/index.php\/urun\/buyuk-fizikciler-galileodan-yukavaya\/"},"modified":"2026-04-16T02:43:54","modified_gmt":"2026-04-15T23:43:54","slug":"buyuk-fizikciler-galileodan-yukavaya","status":"publish","type":"product","link":"https:\/\/roveyayinevi.com.tr\/index.php\/urun\/buyuk-fizikciler-galileodan-yukavaya\/","title":{"rendered":"B\u00fcy\u00fck Fizik\u00e7iler &#8211; Galileo&#8217;dan Yukava&#8217;ya"},"content":{"rendered":"<p>\u201cOn dokuzuncu y\u00fczy\u0131l\u0131n sonlar\u0131nda kimi bilimciler fizik alan\u0131nda yap\u0131labilecek \u00f6nemli hi\u00e7bir bulu\u015f kalmad\u0131\u011f\u0131na inan\u0131yordu. Ne var ki, yirminci y\u00fczy\u0131lda kuantum kuram\u0131 ve g\u00f6relilik kuram\u0131n\u0131n do\u011fu\u015funa tan\u0131kl\u0131k edildi. Modern fizik, klasik fizi\u011fin i\u00e7inden \u00e7\u0131km\u0131\u015f olsa da \u00f6ylesine eksiksiz ve kapsaml\u0131 bir s\u00fcreksizlik s\u00f6z konusudur ki devrim s\u00f6zc\u00fc\u011f\u00fcn\u00fcn kullan\u0131lmas\u0131 bir kez daha me\u015frula\u015fm\u0131\u015ft\u0131r.\u201d Ioan James bu \u00f6nemli \u00e7al\u0131\u015fmas\u0131nda, g\u00fcn\u00fcm\u00fczden 450 y\u0131l geriye uzanarak elli b\u00fcy\u00fck fizik\u00e7inin biyografilerini kaleme al\u0131yor. Kitap, fizik\u00e7ilerin bilimsel ba\u015far\u0131lar\u0131n\u0131n yan\u0131 s\u0131ra her biri olduk\u00e7a merak uyand\u0131r\u0131c\u0131 ya\u015fam \u00f6yk\u00fcleri \u00fczerinde de titizlikle duruyor. Kronolojik olarak d\u00fczenlenmi\u015f biyografilerle, fizi\u011fin y\u0131llar i\u00e7inde hangi toplumsal ko\u015fullarda geli\u015fti\u011fine dair \u00e7arp\u0131c\u0131 bir tablo sunuluyor. Bilimsel ve teknik ayr\u0131nt\u0131lar\u0131 asgaride tutan kitap, konuya ilgi duyan b\u00fct\u00fcn okurlar\u0131 modern geli\u015fmeleri kolayca izlemeye davet ediyor. B\u00fcy\u00fck Fizik\u00e7iler\u2019de aralar\u0131nda Kepler, Newton, Franklin, Faraday, Curie, Maxwell, Einstein, Bohr, Schr\u00f6dinger ve Oppenheimer gibi pek \u00e7ok fizik\u00e7iye ait ilgin\u00e7 hayat hik\u00e2yelerini okurken bir yandan da fizi\u011fin kendi yolunda nas\u0131l ilerledi\u011fine ve di\u011fer bilim dallar\u0131yla ili\u015fkisine tan\u0131k olacaks\u0131n\u0131z. <\/p>\n","protected":false},"excerpt":{"rendered":"<p>\u201cOn dokuzuncu y\u00fczy\u0131l\u0131n sonlar\u0131nda kimi bilimciler fizik alan\u0131nda yap\u0131labilecek \u00f6nemli hi\u00e7bir bulu\u015f kalmad\u0131\u011f\u0131na inan\u0131yordu. Ne var ki, yirminci y\u00fczy\u0131lda kuantum kuram\u0131 ve g\u00f6relilik kuram\u0131n\u0131n do\u011fu\u015funa tan\u0131kl\u0131k<span class=\"excerpt-hellip\"> [\u2026]<\/span><\/p>\n","protected":false},"featured_media":0,"template":"","meta":{"_monsterinsights_skip_tracking":false,"_monsterinsights_sitenote_active":false,"_monsterinsights_sitenote_note":"","_monsterinsights_sitenote_category":0},"product_brand":[],"product_cat":[13005,15998],"product_tag":[],"class_list":{"0":"post-735623","1":"product","2":"type-product","3":"status-publish","5":"product_cat-bilim-muhendislik","6":"product_cat-bilim-tarihi","7":"pa_cilt-ciltsiz","8":"pa_tur-kitap","9":"pa_yayinevi-is-bankasi-kultur-yayinlari","10":"pa_yazar-ioan-james","12":"first","13":"instock","14":"sale","15":"shipping-taxable","16":"purchasable","17":"product-type-simple"},"_links":{"self":[{"href":"https:\/\/roveyayinevi.com.tr\/index.php\/wp-json\/wp\/v2\/product\/735623","targetHints":{"allow":["GET"]}}],"collection":[{"href":"https:\/\/roveyayinevi.com.tr\/index.php\/wp-json\/wp\/v2\/product"}],"about":[{"href":"https:\/\/roveyayinevi.com.tr\/index.php\/wp-json\/wp\/v2\/types\/product"}],"wp:attachment":[{"href":"https:\/\/roveyayinevi.com.tr\/index.php\/wp-json\/wp\/v2\/media?parent=735623"}],"wp:term":[{"taxonomy":"product_brand","embeddable":true,"href":"https:\/\/roveyayinevi.com.tr\/index.php\/wp-json\/wp\/v2\/product_brand?post=735623"},{"taxonomy":"product_cat","embeddable":true,"href":"https:\/\/roveyayinevi.com.tr\/index.php\/wp-json\/wp\/v2\/product_cat?post=735623"},{"taxonomy":"product_tag","embeddable":true,"href":"https:\/\/roveyayinevi.com.tr\/index.php\/wp-json\/wp\/v2\/product_tag?post=735623"}],"curies":[{"name":"wp","href":"https:\/\/api.w.org\/{rel}","templated":true}]}}