{"id":735622,"date":"2025-08-27T22:51:10","date_gmt":"2025-08-27T19:51:10","guid":{"rendered":"https:\/\/roveyayinevi.com.tr\/index.php\/urun\/anadolu-manzaralari\/"},"modified":"2026-03-06T03:06:23","modified_gmt":"2026-03-06T00:06:23","slug":"anadolu-manzaralari","status":"publish","type":"product","link":"https:\/\/roveyayinevi.com.tr\/index.php\/urun\/anadolu-manzaralari\/","title":{"rendered":"Anadolu Manzaralar\u0131"},"content":{"rendered":"<p>\u0130lk kez 1957 y\u0131l\u0131nda yay\u0131mlanan Anadolu Manzaralar\u0131 kitab\u0131 Hikmet Birand\u2019\u0131n farkl\u0131 zamanlarda kaleme ald\u0131\u011f\u0131 yaz\u0131lar\u0131ndan derlenmi\u015ftir. Yaz\u0131lmalar\u0131n\u0131n \u00fczerinden ge\u00e7en yar\u0131m y\u00fczy\u0131l\u0131 a\u015fk\u0131n zamana ra\u011fmen kitapta yer alan yaz\u0131lar g\u00fcncelliklerinden ve do\u011fruluklar\u0131ndan hi\u00e7bir \u015fey kaybetmemi\u015ftir. K\u00fcresel iklim krizinin hayatlar\u0131m\u0131z\u0131 her y\u00f6n\u00fcyle etkiledi\u011fi g\u00fcn\u00fcm\u00fczde, i\u00e7inde ya\u015fad\u0131\u011f\u0131m\u0131z \u00e7evreyle ili\u015fkimizi ba\u015ftan a\u015fa\u011f\u0131 de\u011fi\u015ftirmemiz gerekti\u011fi t\u00fcm \u00e7\u0131plakl\u0131\u011f\u0131yla g\u00f6zler \u00f6n\u00fcne serilmektedir: \u201cT\u00fcrkiye\u2019de tabiat, aya\u011f\u0131m\u0131z\u0131n alt\u0131ndan kay\u0131p gitmektedir. Bu nas\u0131l olmaktad\u0131r, nas\u0131l \u00f6nlenmelidir, \u00f6nlenmezse memleketin hali nice olur?&#8230; T\u00fcrkiye, tabiat\u0131 bin bir tezatla, bin bir g\u00fczellikle dolu bir memlekettir. Her b\u00f6lgesinin ayr\u0131 \u00f6zelli\u011fi, her b\u00f6lgesinin tabiat severleri hayran b\u0131rakacak cazibeleri vard\u0131r&#8230; Lakin T\u00fcrkiye, tabiat\u0131 en \u00e7ok h\u0131rpalanm\u0131\u015f olan memleketlerden biridir&#8230; \u015fu yama\u00e7tan ge\u00e7ecek \u015fose tabiat manzaras\u0131n\u0131n ahengini bozar m\u0131, vadideki derenin kenar\u0131na kurulacak fabrika, vadinin \u015firinli\u011fine bir tats\u0131zl\u0131k katar m\u0131, falan ormanda yap\u0131lacak sanatoryumun, falan da\u011fda in\u015fa edilecek otelin mimarisi tabiata uyacak m\u0131&#8230;\u201d Hikmet Birand\u2019\u0131n Al\u0131\u00e7 A\u011fac\u0131 ile Sohbetler kitab\u0131ndan sonra Anadolu Manzaralar\u0131 kitab\u0131n\u0131 da TEMA Vakf\u0131 ve T\u00fcrk E\u011fitim Vakf\u0131 i\u015fbirli\u011fiyle bir kez daha okurlarla bulu\u015fturuyoruz. <\/p>\n","protected":false},"excerpt":{"rendered":"<p>\u0130lk kez 1957 y\u0131l\u0131nda yay\u0131mlanan Anadolu Manzaralar\u0131 kitab\u0131 Hikmet Birand\u2019\u0131n farkl\u0131 zamanlarda kaleme ald\u0131\u011f\u0131 yaz\u0131lar\u0131ndan derlenmi\u015ftir. Yaz\u0131lmalar\u0131n\u0131n \u00fczerinden ge\u00e7en yar\u0131m y\u00fczy\u0131l\u0131 a\u015fk\u0131n zamana ra\u011fmen kitapta yer<span class=\"excerpt-hellip\"> [\u2026]<\/span><\/p>\n","protected":false},"featured_media":0,"template":"","meta":{"_monsterinsights_skip_tracking":false,"_monsterinsights_sitenote_active":false,"_monsterinsights_sitenote_note":"","_monsterinsights_sitenote_category":0},"product_brand":[],"product_cat":[13043,65318],"product_tag":[],"class_list":{"0":"post-735622","1":"product","2":"type-product","3":"status-publish","5":"product_cat-ekonomi","6":"product_cat-kuresellesme","7":"pa_cilt-ciltsiz","8":"pa_tur-kitap","9":"pa_yayinevi-is-bankasi-kultur-yayinlari","10":"pa_yazar-hikmet-birand","12":"first","13":"instock","14":"sale","15":"shipping-taxable","16":"purchasable","17":"product-type-simple"},"_links":{"self":[{"href":"https:\/\/roveyayinevi.com.tr\/index.php\/wp-json\/wp\/v2\/product\/735622","targetHints":{"allow":["GET"]}}],"collection":[{"href":"https:\/\/roveyayinevi.com.tr\/index.php\/wp-json\/wp\/v2\/product"}],"about":[{"href":"https:\/\/roveyayinevi.com.tr\/index.php\/wp-json\/wp\/v2\/types\/product"}],"wp:attachment":[{"href":"https:\/\/roveyayinevi.com.tr\/index.php\/wp-json\/wp\/v2\/media?parent=735622"}],"wp:term":[{"taxonomy":"product_brand","embeddable":true,"href":"https:\/\/roveyayinevi.com.tr\/index.php\/wp-json\/wp\/v2\/product_brand?post=735622"},{"taxonomy":"product_cat","embeddable":true,"href":"https:\/\/roveyayinevi.com.tr\/index.php\/wp-json\/wp\/v2\/product_cat?post=735622"},{"taxonomy":"product_tag","embeddable":true,"href":"https:\/\/roveyayinevi.com.tr\/index.php\/wp-json\/wp\/v2\/product_tag?post=735622"}],"curies":[{"name":"wp","href":"https:\/\/api.w.org\/{rel}","templated":true}]}}