{"id":735619,"date":"2025-08-27T22:51:06","date_gmt":"2025-08-27T19:51:06","guid":{"rendered":"https:\/\/roveyayinevi.com.tr\/index.php\/urun\/aciyi-bal-eyledik-ciltli\/"},"modified":"2026-04-16T02:43:54","modified_gmt":"2026-04-15T23:43:54","slug":"aciyi-bal-eyledik-ciltli","status":"publish","type":"product","link":"https:\/\/roveyayinevi.com.tr\/index.php\/urun\/aciyi-bal-eyledik-ciltli\/","title":{"rendered":"Ac\u0131y\u0131 Bal Eyledik (Ciltli)"},"content":{"rendered":"<p>(\u2026) ekme\u011fi bol eyledik ac\u0131y\u0131 bal eyledik s\u0131rat\u0131 yol eyledik geldik bug\u00fcne ekilir ekin geliriz ezilir un geliriz bir gider bin geliriz beni vurmak kurtulu\u015f mu k\u00f6r olas\u0131n demiyorum k\u00f6r olma da g\u00f6r beni *Ne G\u00fczel Ne G\u00fczel *Ac\u0131y\u0131 Bal Eyledik *Nehirler Aka Aka\u2026 *Tortu *Zor Nak\u0131\u015f *Birdenbire \u00d6zlemek *Amado\u2019lu A\u011fustos *Hani Ya Nerdesiniz *K\u00f6pr\u00fc *Tay *Kerbela Uzak De\u011fil *\u00c7o\u011faltan Ac\u0131 *\u015e\u00fckr\u00fc Baba A\u00e7\u0131klamas\u0131 *Pis Bir Ak\u015fam *Heryerde Birden Olmak *Mutluluk Benim \u015eirin\u2019imdir *Susan Su *Benden Bilmeyin *Bir Ba\u015fka Tepeden *Duraktaki I\u015f\u0131k <\/p>\n","protected":false},"excerpt":{"rendered":"<p>(\u2026) ekme\u011fi bol eyledik ac\u0131y\u0131 bal eyledik s\u0131rat\u0131 yol eyledik geldik bug\u00fcne ekilir ekin geliriz ezilir un geliriz bir gider bin geliriz beni vurmak kurtulu\u015f mu<span class=\"excerpt-hellip\"> [\u2026]<\/span><\/p>\n","protected":false},"featured_media":0,"template":"","meta":{"_monsterinsights_skip_tracking":false,"_monsterinsights_sitenote_active":false,"_monsterinsights_sitenote_note":"","_monsterinsights_sitenote_category":0},"product_brand":[],"product_cat":[12291,26797],"product_tag":[],"class_list":{"0":"post-735619","1":"product","2":"type-product","3":"status-publish","5":"product_cat-edebiyat","6":"product_cat-modern-klasikler","7":"pa_cilt-ciltli","8":"pa_tur-kitap","9":"pa_yayinevi-is-bankasi-kultur-yayinlari","10":"pa_yazar-hasan-huseyin","12":"first","13":"instock","14":"sale","15":"shipping-taxable","16":"purchasable","17":"product-type-simple"},"_links":{"self":[{"href":"https:\/\/roveyayinevi.com.tr\/index.php\/wp-json\/wp\/v2\/product\/735619","targetHints":{"allow":["GET"]}}],"collection":[{"href":"https:\/\/roveyayinevi.com.tr\/index.php\/wp-json\/wp\/v2\/product"}],"about":[{"href":"https:\/\/roveyayinevi.com.tr\/index.php\/wp-json\/wp\/v2\/types\/product"}],"wp:attachment":[{"href":"https:\/\/roveyayinevi.com.tr\/index.php\/wp-json\/wp\/v2\/media?parent=735619"}],"wp:term":[{"taxonomy":"product_brand","embeddable":true,"href":"https:\/\/roveyayinevi.com.tr\/index.php\/wp-json\/wp\/v2\/product_brand?post=735619"},{"taxonomy":"product_cat","embeddable":true,"href":"https:\/\/roveyayinevi.com.tr\/index.php\/wp-json\/wp\/v2\/product_cat?post=735619"},{"taxonomy":"product_tag","embeddable":true,"href":"https:\/\/roveyayinevi.com.tr\/index.php\/wp-json\/wp\/v2\/product_tag?post=735619"}],"curies":[{"name":"wp","href":"https:\/\/api.w.org\/{rel}","templated":true}]}}