{"id":735614,"date":"2025-08-27T22:51:00","date_gmt":"2025-08-27T19:51:00","guid":{"rendered":"https:\/\/roveyayinevi.com.tr\/index.php\/urun\/evliyanin-sirlari\/"},"modified":"2026-04-16T02:43:54","modified_gmt":"2026-04-15T23:43:54","slug":"evliyanin-sirlari","status":"publish","type":"product","link":"https:\/\/roveyayinevi.com.tr\/index.php\/urun\/evliyanin-sirlari\/","title":{"rendered":"Evliya&#8217;n\u0131n S\u0131rlar\u0131"},"content":{"rendered":"<p>\u201cBir keresinde bir kitab\u0131n i\u00e7ine d\u00fc\u015ft\u00fcm. Yok yahu! D\u00fc\u015f\u00fcnd\u00fc\u011f\u00fcn\u00fcz gibi de\u011fil. Ger\u00e7ekten bir kitab\u0131n sayfalar\u0131 aras\u0131na d\u00fc\u015ft\u00fcm\u2026\u201d Elinizde tuttu\u011funuz bu kitap,  farkl\u0131 m\u0131 farkl\u0131 \u00f6yk\u00fclerden olu\u015fuyor:   Cezayir\u2019den Bursa\u2019ya kadar u\u00e7an g\u00fcvercinlerden, bir bal\u0131\u011f\u0131n karn\u0131nda ya\u015fayan inci avc\u0131s\u0131ndan, k\u00f6t\u00fc insanlara kar\u015f\u0131 birlik olan leyleklerden, sordu\u011funuz sorulara cevap veren a\u011fa\u00e7lardan, yanmayan hal\u0131lardan, bo\u015flukta bekleyen s\u00fctunlardan bahsediyor bu \u00f6yk\u00fcler.   Abdullah Harmanc\u0131\u2019n\u0131n, Evliya \u00c7elebi\u2019nin Seyahatname\u2019sinden ilhamla kaleme ald\u0131\u011f\u0131 Evliya\u2019n\u0131n S\u0131rlar\u0131 sizi \u00e7ok katmanl\u0131, \u00e7ok farkl\u0131, \u00e7ok e\u011flenceli bir okuma ser\u00fcvenine davet ediyor&#8230;<\/p>\n","protected":false},"excerpt":{"rendered":"<p>\u201cBir keresinde bir kitab\u0131n i\u00e7ine d\u00fc\u015ft\u00fcm. Yok yahu! D\u00fc\u015f\u00fcnd\u00fc\u011f\u00fcn\u00fcz gibi de\u011fil. Ger\u00e7ekten bir kitab\u0131n sayfalar\u0131 aras\u0131na d\u00fc\u015ft\u00fcm\u2026\u201d Elinizde tuttu\u011funuz bu kitap, farkl\u0131 m\u0131 farkl\u0131 \u00f6yk\u00fclerden olu\u015fuyor:<span class=\"excerpt-hellip\"> [\u2026]<\/span><\/p>\n","protected":false},"featured_media":0,"template":"","meta":{"_monsterinsights_skip_tracking":false,"_monsterinsights_sitenote_active":false,"_monsterinsights_sitenote_note":"","_monsterinsights_sitenote_category":0},"product_brand":[],"product_cat":[12275,12274],"product_tag":[],"class_list":{"0":"post-735614","1":"product","2":"type-product","3":"status-publish","5":"product_cat-6-12-yas-kitaplari","6":"product_cat-cocuk-ve-genclik-kitaplari","7":"pa_cilt-ciltsiz","8":"pa_tur-kitap","9":"pa_yayinevi-turkuvaz-kitap","10":"pa_yazar-abdullah-harmanci","12":"first","13":"instock","14":"sale","15":"shipping-taxable","16":"purchasable","17":"product-type-simple"},"_links":{"self":[{"href":"https:\/\/roveyayinevi.com.tr\/index.php\/wp-json\/wp\/v2\/product\/735614","targetHints":{"allow":["GET"]}}],"collection":[{"href":"https:\/\/roveyayinevi.com.tr\/index.php\/wp-json\/wp\/v2\/product"}],"about":[{"href":"https:\/\/roveyayinevi.com.tr\/index.php\/wp-json\/wp\/v2\/types\/product"}],"wp:attachment":[{"href":"https:\/\/roveyayinevi.com.tr\/index.php\/wp-json\/wp\/v2\/media?parent=735614"}],"wp:term":[{"taxonomy":"product_brand","embeddable":true,"href":"https:\/\/roveyayinevi.com.tr\/index.php\/wp-json\/wp\/v2\/product_brand?post=735614"},{"taxonomy":"product_cat","embeddable":true,"href":"https:\/\/roveyayinevi.com.tr\/index.php\/wp-json\/wp\/v2\/product_cat?post=735614"},{"taxonomy":"product_tag","embeddable":true,"href":"https:\/\/roveyayinevi.com.tr\/index.php\/wp-json\/wp\/v2\/product_tag?post=735614"}],"curies":[{"name":"wp","href":"https:\/\/api.w.org\/{rel}","templated":true}]}}