{"id":735613,"date":"2025-08-27T22:50:59","date_gmt":"2025-08-27T19:50:59","guid":{"rendered":"https:\/\/roveyayinevi.com.tr\/index.php\/urun\/cennette-bir-gun\/"},"modified":"2026-04-16T02:43:54","modified_gmt":"2026-04-15T23:43:54","slug":"cennette-bir-gun","status":"publish","type":"product","link":"https:\/\/roveyayinevi.com.tr\/index.php\/urun\/cennette-bir-gun\/","title":{"rendered":"Cennette Bir G\u00fcn"},"content":{"rendered":"<p>\u00d6n\u00fcmde bir kap\u0131 g\u00f6remiyordum. Kap\u0131 olsa bile, binlerce kap\u0131 olsa bile, hepsi s\u0131ms\u0131k\u0131 kapal\u0131 olsa bile, korku ve endi\u015fenin kokusu s\u0131zamazd\u0131 yan\u0131ma, gam ve kederin nefesi sokulamazd\u0131 \u00e2n\u2019\u0131ma. \u00d6yle yumu\u015fak, \u00f6yle s\u0131cak, \u00f6yle kucaklay\u0131c\u0131, \u00f6yle onaylay\u0131c\u0131 ki o ses&#8230;   \u00c2\u015fina bir \u00e7a\u011f\u0131lt\u0131 gibi serince akt\u0131 kalbime. Yak\u0131n, \u00e7ok yak\u0131n bir \u00e7ocuk dokunu\u015fu gibi yanaklar\u0131ma. Hal\u0131ya dokunur dokunmaz kadifele\u015fen kedi patisi sesi gibi. Ak k\u00f6p\u00fckl\u00fc dalgalar\u0131n aya\u011f\u0131m\u0131n alt\u0131nda dolan\u0131\u015f\u0131 gibi. Yak\u0131nl\u0131klar\u0131n hepsini \u00e7a\u011f\u0131ran h\u0131rka kokusu gibi. Ak\u015fam\u00fczerleri esen \u0131hlamur kokulu meltemler gibi. Sesin avu\u00e7lar\u0131na d\u00f6kt\u00fcm gizli g\u00f6zya\u015flar\u0131m\u0131. Yumu\u015fac\u0131k kuca\u011f\u0131na koydum korkudan \u00e7izgilenmi\u015f aln\u0131m\u0131. Sevdan\u0131n g\u00f6\u011f\u00fcne sald\u0131m kalbimin k\u0131r\u0131k kanatlar\u0131n\u0131. Sormad\u0131 su\u00e7lar\u0131m\u0131. Hat\u0131rlatmad\u0131 ka\u00e7amaklar\u0131m\u0131. F\u0131s\u0131ldad\u0131 serince: \u201cSen cennet olsan, kapat\u0131r m\u0131s\u0131n kap\u0131n\u0131?\u201d <\/p>\n","protected":false},"excerpt":{"rendered":"<p>\u00d6n\u00fcmde bir kap\u0131 g\u00f6remiyordum. Kap\u0131 olsa bile, binlerce kap\u0131 olsa bile, hepsi s\u0131ms\u0131k\u0131 kapal\u0131 olsa bile, korku ve endi\u015fenin kokusu s\u0131zamazd\u0131 yan\u0131ma, gam ve kederin nefesi<span class=\"excerpt-hellip\"> [\u2026]<\/span><\/p>\n","protected":false},"featured_media":0,"template":"","meta":{"_monsterinsights_skip_tracking":false,"_monsterinsights_sitenote_active":false,"_monsterinsights_sitenote_note":"","_monsterinsights_sitenote_category":0},"product_brand":[],"product_cat":[12777,12291],"product_tag":[],"class_list":{"0":"post-735613","1":"product","2":"type-product","3":"status-publish","5":"product_cat-deneme","6":"product_cat-edebiyat","7":"pa_cilt-ciltsiz","8":"pa_tur-kitap","9":"pa_yayinevi-muhit-kitap","10":"pa_yazar-senai-demirci","12":"first","13":"instock","14":"sale","15":"shipping-taxable","16":"purchasable","17":"product-type-simple"},"_links":{"self":[{"href":"https:\/\/roveyayinevi.com.tr\/index.php\/wp-json\/wp\/v2\/product\/735613","targetHints":{"allow":["GET"]}}],"collection":[{"href":"https:\/\/roveyayinevi.com.tr\/index.php\/wp-json\/wp\/v2\/product"}],"about":[{"href":"https:\/\/roveyayinevi.com.tr\/index.php\/wp-json\/wp\/v2\/types\/product"}],"wp:attachment":[{"href":"https:\/\/roveyayinevi.com.tr\/index.php\/wp-json\/wp\/v2\/media?parent=735613"}],"wp:term":[{"taxonomy":"product_brand","embeddable":true,"href":"https:\/\/roveyayinevi.com.tr\/index.php\/wp-json\/wp\/v2\/product_brand?post=735613"},{"taxonomy":"product_cat","embeddable":true,"href":"https:\/\/roveyayinevi.com.tr\/index.php\/wp-json\/wp\/v2\/product_cat?post=735613"},{"taxonomy":"product_tag","embeddable":true,"href":"https:\/\/roveyayinevi.com.tr\/index.php\/wp-json\/wp\/v2\/product_tag?post=735613"}],"curies":[{"name":"wp","href":"https:\/\/api.w.org\/{rel}","templated":true}]}}