{"id":735610,"date":"2025-08-27T22:50:55","date_gmt":"2025-08-27T19:50:55","guid":{"rendered":"https:\/\/roveyayinevi.com.tr\/index.php\/urun\/alyanin-dunyasi-gizemli-duvar\/"},"modified":"2026-04-16T02:43:53","modified_gmt":"2026-04-15T23:43:53","slug":"alyanin-dunyasi-gizemli-duvar","status":"publish","type":"product","link":"https:\/\/roveyayinevi.com.tr\/index.php\/urun\/alyanin-dunyasi-gizemli-duvar\/","title":{"rendered":"Alya&#8217;n\u0131n D\u00fcnyas\u0131 &#8211; Gizemli Duvar"},"content":{"rendered":"<p>Alya her g\u00fcn evlerinin \u00f6n\u00fcndeki duvar\u0131n tepesinde saatlerini ge\u00e7iriyordu. Annesi, babas\u0131 ve en yak\u0131n arkada\u015f\u0131, Alya&#8217;n\u0131n neden o duvar\u0131n \u00fczerinde saatlerini ge\u00e7irdi\u011fini merak edip duruyorlard\u0131; neden, ni\u00e7in, kimin y\u00fcz\u00fcnden?.. Bir tek Alya durumundan memnundu; heyecanla bir yeri, bir \u015feyleri g\u00f6zl\u00fcyordu, belki orada neler olup bitti\u011fini g\u00f6rebilir umuduyla. En sonunda o g\u00fcn geldi ve Alya hayalini dahi kurmad\u0131\u011f\u0131 bir ser\u00fcvenin e\u015fi\u011finde buldu kendini. \u00dcstelik bir ba\u015f\u0131na da de\u011fildi; en yak\u0131n arkada\u015f\u0131 ve &#8220;o&#8221; da bu inan\u0131lmaz maceran\u0131n orta\u011f\u0131yd\u0131&#8230; Seda \u00d6\u011fretir bilimin, sanat\u0131n, edebiyat\u0131n ve var olman\u0131n temel duygusundan, \u201cmerak etmek\u201dten yola \u00e7\u0131karak reng\u00e2renk, duygu ve umut dolu bir \u00f6yk\u00fcyle tekrar kar\u015f\u0131m\u0131zda!<\/p>\n","protected":false},"excerpt":{"rendered":"<p>Alya her g\u00fcn evlerinin \u00f6n\u00fcndeki duvar\u0131n tepesinde saatlerini ge\u00e7iriyordu. Annesi, babas\u0131 ve en yak\u0131n arkada\u015f\u0131, Alya&#8217;n\u0131n neden o duvar\u0131n \u00fczerinde saatlerini ge\u00e7irdi\u011fini merak edip duruyorlard\u0131; neden,<span class=\"excerpt-hellip\"> [\u2026]<\/span><\/p>\n","protected":false},"featured_media":0,"template":"","meta":{"_monsterinsights_skip_tracking":false,"_monsterinsights_sitenote_active":false,"_monsterinsights_sitenote_note":"","_monsterinsights_sitenote_category":0},"product_brand":[],"product_cat":[12275,12274],"product_tag":[],"class_list":{"0":"post-735610","1":"product","2":"type-product","3":"status-publish","5":"product_cat-6-12-yas-kitaplari","6":"product_cat-cocuk-ve-genclik-kitaplari","7":"pa_cilt-ciltsiz","8":"pa_tur-kitap","9":"pa_yayinevi-altin-kitaplar-ozel-urun","10":"pa_yazar-seda-ogretir","12":"first","13":"instock","14":"sale","15":"shipping-taxable","16":"purchasable","17":"product-type-simple"},"_links":{"self":[{"href":"https:\/\/roveyayinevi.com.tr\/index.php\/wp-json\/wp\/v2\/product\/735610","targetHints":{"allow":["GET"]}}],"collection":[{"href":"https:\/\/roveyayinevi.com.tr\/index.php\/wp-json\/wp\/v2\/product"}],"about":[{"href":"https:\/\/roveyayinevi.com.tr\/index.php\/wp-json\/wp\/v2\/types\/product"}],"wp:attachment":[{"href":"https:\/\/roveyayinevi.com.tr\/index.php\/wp-json\/wp\/v2\/media?parent=735610"}],"wp:term":[{"taxonomy":"product_brand","embeddable":true,"href":"https:\/\/roveyayinevi.com.tr\/index.php\/wp-json\/wp\/v2\/product_brand?post=735610"},{"taxonomy":"product_cat","embeddable":true,"href":"https:\/\/roveyayinevi.com.tr\/index.php\/wp-json\/wp\/v2\/product_cat?post=735610"},{"taxonomy":"product_tag","embeddable":true,"href":"https:\/\/roveyayinevi.com.tr\/index.php\/wp-json\/wp\/v2\/product_tag?post=735610"}],"curies":[{"name":"wp","href":"https:\/\/api.w.org\/{rel}","templated":true}]}}