{"id":735608,"date":"2025-08-27T22:50:54","date_gmt":"2025-08-27T19:50:54","guid":{"rendered":"https:\/\/roveyayinevi.com.tr\/index.php\/urun\/sivil-itaatsizlige-cagri\/"},"modified":"2026-04-16T02:43:53","modified_gmt":"2026-04-15T23:43:53","slug":"sivil-itaatsizlige-cagri","status":"publish","type":"product","link":"https:\/\/roveyayinevi.com.tr\/index.php\/urun\/sivil-itaatsizlige-cagri\/","title":{"rendered":"Sivil \u0130taatsizli\u011fe \u00c7a\u011fr\u0131"},"content":{"rendered":"<p>Mitolojiden \u00e7a\u011fda\u015f siyasete kadar, insan\u0131n oldu\u011fu her yerde bask\u0131, bask\u0131n\u0131n oldu\u011fu her yerde direni\u015f vard\u0131r.Prometheus, tanr\u0131lar\u0131n buyru\u011funa itaatsizlik edip insanl\u0131\u011fa ate\u015fi verdi. Alman kad\u0131nlar, Naziler taraf\u0131ndang\u00f6zalt\u0131na al\u0131nan Yahudi e\u015flerinin ve \u00e7ocuklar\u0131n\u0131n sal\u0131verilmesi i\u00e7in g\u00fcnlerce eylem yapt\u0131lar. Gandhi, namlununucunda, \u2018Tuz Y\u00fcr\u00fcy\u00fc\u015f\u00fc\u2019ne \u00e7\u0131kt\u0131. Martin Luther King, hayal etti\u011fi e\u015fitlik\u00e7i d\u00fcnyaya ula\u015fmak i\u00e7in yollarad\u00fc\u015fmekten \u00e7ekinmedi. Rosa Parks, beyazlar\u0131n t\u00fcm a\u015fa\u011f\u0131lay\u0131c\u0131 bak\u0131\u015flar\u0131na ve \u00f6fkesine ra\u011fmen oturdu\u011fu yerdenkalkmad\u0131. Kad\u0131nlar \u00f6zg\u00fcrl\u00fcklerini kazanabilmek i\u00e7in ataerkine ba\u015fkald\u0131rd\u0131lar.\u2018Sivil itaatsizlik\u2019, me\u015frulu\u011funu yitirmeyen ve tarihin aklad\u0131\u011f\u0131 \u015fiddetsiz bir direni\u015f bi\u00e7imi olageldi. Bask\u0131lardanbunalan, kurallar\u0131n keyfili\u011fi ve haks\u0131zl\u0131klar kar\u015f\u0131s\u0131nda vicdan\u0131na kulak verenlerin ba\u015fvurdu\u011fu, tarihin seyrinide\u011fi\u015ftirebilen sars\u0131c\u0131 bir g\u00fc\u00e7 oldu\u011funu defalarca kan\u0131tlad\u0131. Bu kitap, uygarla\u015fma ser\u00fcveninin en g\u00f6rkemliolaylar\u0131n\u0131n bazen en m\u00fctevaz\u0131lar\u0131 olabildi\u011fini g\u00f6steriyor. \u2018Ba\u015fka bir d\u00fcnya\u2019 hayalinin, silahlardan, sopalardanve kaba g\u00fc\u00e7ten \u00e7ok daha etkili olabildi\u011fini g\u00f6zler \u00f6n\u00fcne seriyor.<\/p>\n","protected":false},"excerpt":{"rendered":"<p>Mitolojiden \u00e7a\u011fda\u015f siyasete kadar, insan\u0131n oldu\u011fu her yerde bask\u0131, bask\u0131n\u0131n oldu\u011fu her yerde direni\u015f vard\u0131r.Prometheus, tanr\u0131lar\u0131n buyru\u011funa itaatsizlik edip insanl\u0131\u011fa ate\u015fi verdi. Alman kad\u0131nlar, Naziler taraf\u0131ndang\u00f6zalt\u0131na<span class=\"excerpt-hellip\"> [\u2026]<\/span><\/p>\n","protected":false},"featured_media":0,"template":"","meta":{"_monsterinsights_skip_tracking":false,"_monsterinsights_sitenote_active":false,"_monsterinsights_sitenote_note":"","_monsterinsights_sitenote_category":0},"product_brand":[],"product_cat":[12325,12324],"product_tag":[],"class_list":{"0":"post-735608","1":"product","2":"type-product","3":"status-publish","5":"product_cat-diger-sosyoloji","6":"product_cat-sosyoloji","7":"pa_cilt-ciltsiz","8":"pa_tur-kitap","9":"pa_yayinevi-fol-kitap","10":"pa_yazar-jose-bove-gilles-luneau","12":"first","13":"instock","14":"sale","15":"shipping-taxable","16":"purchasable","17":"product-type-simple"},"_links":{"self":[{"href":"https:\/\/roveyayinevi.com.tr\/index.php\/wp-json\/wp\/v2\/product\/735608","targetHints":{"allow":["GET"]}}],"collection":[{"href":"https:\/\/roveyayinevi.com.tr\/index.php\/wp-json\/wp\/v2\/product"}],"about":[{"href":"https:\/\/roveyayinevi.com.tr\/index.php\/wp-json\/wp\/v2\/types\/product"}],"wp:attachment":[{"href":"https:\/\/roveyayinevi.com.tr\/index.php\/wp-json\/wp\/v2\/media?parent=735608"}],"wp:term":[{"taxonomy":"product_brand","embeddable":true,"href":"https:\/\/roveyayinevi.com.tr\/index.php\/wp-json\/wp\/v2\/product_brand?post=735608"},{"taxonomy":"product_cat","embeddable":true,"href":"https:\/\/roveyayinevi.com.tr\/index.php\/wp-json\/wp\/v2\/product_cat?post=735608"},{"taxonomy":"product_tag","embeddable":true,"href":"https:\/\/roveyayinevi.com.tr\/index.php\/wp-json\/wp\/v2\/product_tag?post=735608"}],"curies":[{"name":"wp","href":"https:\/\/api.w.org\/{rel}","templated":true}]}}