{"id":735605,"date":"2025-08-27T22:50:51","date_gmt":"2025-08-27T19:50:51","guid":{"rendered":"https:\/\/roveyayinevi.com.tr\/index.php\/urun\/baska-dunyalarin-cocuklari\/"},"modified":"2026-04-16T02:43:53","modified_gmt":"2026-04-15T23:43:53","slug":"baska-dunyalarin-cocuklari","status":"publish","type":"product","link":"https:\/\/roveyayinevi.com.tr\/index.php\/urun\/baska-dunyalarin-cocuklari\/","title":{"rendered":"Ba\u015fka D\u00fcnyalar\u0131n \u00c7ocuklar\u0131"},"content":{"rendered":"<p>\u00dc\u00e7\u00fcnc\u00fc D\u00fcnya \u00fclkelerindeki \u00e7ocuk i\u015f\u00e7ilerin h\u00e2li, bundan iki y\u00fczy\u0131l \u00f6nce yurtlar\u0131ndan zorla ka\u00e7\u0131r\u0131lan k\u00f6leakranlar\u0131n\u0131nkinden pek farkl\u0131 de\u011fil: \u2018Ecel tezg\u00e2hlar\u0131nda\u2019 kar\u0131n toklu\u011funa t\u00fckeniyor, sakatlan\u0131yor, \u00f6l\u00fcyorlar.E\u011flence sekt\u00f6r\u00fcnde istismar edilip K\u00f6rfez \u00fclkelerinde deve jokeyleri olarak \u00e7al\u0131\u015ft\u0131r\u0131lmak \u00fczere ka\u00e7\u0131r\u0131l\u0131yorlar.Cinsel tacize u\u011fray\u0131p sat\u0131l\u0131yor, kapat\u0131l\u0131yorlar. Charles Dickens\u2019\u0131n betimledi\u011fi kasvetli ve hoyrat Britanyamanzaralar\u0131n\u0131, ba\u015fka bir g\u00fcne\u015fin, ba\u015fka renklerin h\u00e2kim oldu\u011fu, ba\u015fka bir d\u00fcnyada yeniden ya\u015f\u0131yorlar.\u00c7ocuk i\u015f\u00e7ilerin \u00e7o\u011funlu\u011fu G\u00fcney \u00fclkelerinde olmas\u0131na ra\u011fmen, konuyla ilgili tart\u0131\u015fmalar genellikle Bat\u0131\u2019da vee\u011fitim-i\u015f ikilemi ekseninde yap\u0131l\u0131yor. Dahas\u0131, Bat\u0131\u2018n\u0131n su\u00e7luluk duygusuyla sundu\u011fu \u00e7\u00f6z\u00fcm \u00f6nerileri \u2018ka\u015fyaparken g\u00f6z \u00e7\u0131karabiliyor\u2019 ve ba\u015fka de\u011fer yarg\u0131lar\u0131na, ba\u015fka aile yap\u0131lar\u0131na, ba\u015fka iklimlere sahiptoplumlarda ya\u015fayan \u00e7ocuk i\u015f\u00e7ilerin hayatlar\u0131nda \u00f6ng\u00f6r\u00fclmeyen y\u0131k\u0131mlara neden oluyor. Bu kitap i\u015fte bu\u00e7eli\u015fkiyi g\u00f6zler \u00f6n\u00fcne serip yoksulluk i\u00e7inde \u00e7al\u0131\u015fmak zorunda olan \u00e7ocuklar\u0131n d\u00fcnyas\u0131n\u0131 bir de onlar\u0131ng\u00f6zlerinden g\u00f6rmemize vesile oluyor.<\/p>\n","protected":false},"excerpt":{"rendered":"<p>\u00dc\u00e7\u00fcnc\u00fc D\u00fcnya \u00fclkelerindeki \u00e7ocuk i\u015f\u00e7ilerin h\u00e2li, bundan iki y\u00fczy\u0131l \u00f6nce yurtlar\u0131ndan zorla ka\u00e7\u0131r\u0131lan k\u00f6leakranlar\u0131n\u0131nkinden pek farkl\u0131 de\u011fil: \u2018Ecel tezg\u00e2hlar\u0131nda\u2019 kar\u0131n toklu\u011funa t\u00fckeniyor, sakatlan\u0131yor, \u00f6l\u00fcyorlar.E\u011flence sekt\u00f6r\u00fcnde istismar<span class=\"excerpt-hellip\"> [\u2026]<\/span><\/p>\n","protected":false},"featured_media":0,"template":"","meta":{"_monsterinsights_skip_tracking":false,"_monsterinsights_sitenote_active":false,"_monsterinsights_sitenote_note":"","_monsterinsights_sitenote_category":0},"product_brand":[],"product_cat":[12325,12324],"product_tag":[],"class_list":{"0":"post-735605","1":"product","2":"type-product","3":"status-publish","5":"product_cat-diger-sosyoloji","6":"product_cat-sosyoloji","7":"pa_cilt-ciltsiz","8":"pa_tur-kitap","9":"pa_yayinevi-fol-kitap","10":"pa_yazar-jeremy-seabrook","12":"first","13":"instock","14":"sale","15":"shipping-taxable","16":"purchasable","17":"product-type-simple"},"_links":{"self":[{"href":"https:\/\/roveyayinevi.com.tr\/index.php\/wp-json\/wp\/v2\/product\/735605","targetHints":{"allow":["GET"]}}],"collection":[{"href":"https:\/\/roveyayinevi.com.tr\/index.php\/wp-json\/wp\/v2\/product"}],"about":[{"href":"https:\/\/roveyayinevi.com.tr\/index.php\/wp-json\/wp\/v2\/types\/product"}],"wp:attachment":[{"href":"https:\/\/roveyayinevi.com.tr\/index.php\/wp-json\/wp\/v2\/media?parent=735605"}],"wp:term":[{"taxonomy":"product_brand","embeddable":true,"href":"https:\/\/roveyayinevi.com.tr\/index.php\/wp-json\/wp\/v2\/product_brand?post=735605"},{"taxonomy":"product_cat","embeddable":true,"href":"https:\/\/roveyayinevi.com.tr\/index.php\/wp-json\/wp\/v2\/product_cat?post=735605"},{"taxonomy":"product_tag","embeddable":true,"href":"https:\/\/roveyayinevi.com.tr\/index.php\/wp-json\/wp\/v2\/product_tag?post=735605"}],"curies":[{"name":"wp","href":"https:\/\/api.w.org\/{rel}","templated":true}]}}