{"id":735604,"date":"2025-08-27T22:50:50","date_gmt":"2025-08-27T19:50:50","guid":{"rendered":"https:\/\/roveyayinevi.com.tr\/index.php\/urun\/dikkat-evde-fare-var\/"},"modified":"2026-04-16T02:43:53","modified_gmt":"2026-04-15T23:43:53","slug":"dikkat-evde-fare-var","status":"publish","type":"product","link":"https:\/\/roveyayinevi.com.tr\/index.php\/urun\/dikkat-evde-fare-var\/","title":{"rendered":"Dikkat Evde Fare Var"},"content":{"rendered":"<p>Hey! O da ne! Bir fare mi? Bu fare de nereden \u00e7\u0131kt\u0131 \u015fimdi? Peki, bu durum evde nas\u0131l kar\u015f\u0131lanacak? Sizce ev halk\u0131 bu duruma al\u0131\u015facak m\u0131 yoksa i\u015fler daha da m\u0131 kar\u0131\u015facak? Maceraya haz\u0131r olun! <\/p>\n","protected":false},"excerpt":{"rendered":"<p>Hey! O da ne! Bir fare mi? Bu fare de nereden \u00e7\u0131kt\u0131 \u015fimdi? Peki, bu durum evde nas\u0131l kar\u015f\u0131lanacak? Sizce ev halk\u0131 bu duruma al\u0131\u015facak m\u0131<span class=\"excerpt-hellip\"> [\u2026]<\/span><\/p>\n","protected":false},"featured_media":0,"template":"","meta":{"_monsterinsights_skip_tracking":false,"_monsterinsights_sitenote_active":false,"_monsterinsights_sitenote_note":"","_monsterinsights_sitenote_category":0},"product_brand":[],"product_cat":[12274,12284],"product_tag":[],"class_list":{"0":"post-735604","1":"product","2":"type-product","3":"status-publish","5":"product_cat-cocuk-ve-genclik-kitaplari","6":"product_cat-hikayeler","7":"pa_cilt-ciltsiz","8":"pa_tur-kitap","9":"pa_yayinevi-luna-cocuk-yayinlari","10":"pa_yazar-cemre-seren-comert","12":"first","13":"instock","14":"sale","15":"shipping-taxable","16":"purchasable","17":"product-type-simple"},"_links":{"self":[{"href":"https:\/\/roveyayinevi.com.tr\/index.php\/wp-json\/wp\/v2\/product\/735604","targetHints":{"allow":["GET"]}}],"collection":[{"href":"https:\/\/roveyayinevi.com.tr\/index.php\/wp-json\/wp\/v2\/product"}],"about":[{"href":"https:\/\/roveyayinevi.com.tr\/index.php\/wp-json\/wp\/v2\/types\/product"}],"wp:attachment":[{"href":"https:\/\/roveyayinevi.com.tr\/index.php\/wp-json\/wp\/v2\/media?parent=735604"}],"wp:term":[{"taxonomy":"product_brand","embeddable":true,"href":"https:\/\/roveyayinevi.com.tr\/index.php\/wp-json\/wp\/v2\/product_brand?post=735604"},{"taxonomy":"product_cat","embeddable":true,"href":"https:\/\/roveyayinevi.com.tr\/index.php\/wp-json\/wp\/v2\/product_cat?post=735604"},{"taxonomy":"product_tag","embeddable":true,"href":"https:\/\/roveyayinevi.com.tr\/index.php\/wp-json\/wp\/v2\/product_tag?post=735604"}],"curies":[{"name":"wp","href":"https:\/\/api.w.org\/{rel}","templated":true}]}}