{"id":735601,"date":"2025-08-27T22:50:47","date_gmt":"2025-08-27T19:50:47","guid":{"rendered":"https:\/\/roveyayinevi.com.tr\/index.php\/urun\/ozgurluk-projesi\/"},"modified":"2026-04-16T02:43:53","modified_gmt":"2026-04-15T23:43:53","slug":"ozgurluk-projesi","status":"publish","type":"product","link":"https:\/\/roveyayinevi.com.tr\/index.php\/urun\/ozgurluk-projesi\/","title":{"rendered":"\u00d6zg\u00fcrl\u00fck Projesi"},"content":{"rendered":"<p>D\u00fc\u015f\u00fcncelerinizin esiri de\u011fil, veziri olun.   Nerede ve ne zaman bir hata g\u00f6rseniz buna derhal m\u00fcdahale edip d\u00fczeltiyor musunuz? Bir i\u015fin nas\u0131l yap\u0131laca\u011f\u0131n\u0131 en iyi siz mi bilirsiniz? Ya hep ya hi\u00e7 d\u00fc\u015f\u00fcncesine sahip misiniz? Herhangi bir \u015feyi m\u00fckemmel standartlar\u0131n\u0131za uygun yapam\u0131yorsan\u0131z yapmamay\u0131 tercih eder misiniz? Gitti\u011finiz yolda ne kadar iyi olursan\u0131z olun, ba\u015far\u0131l\u0131 bir sonu\u00e7 alamazsan\u0131z mutlu olam\u0131yor musunuz? Ufac\u0131k bir hatan\u0131z\u0131n i\u00e7inden uzun s\u00fcre \u00e7\u0131kamay\u0131p devaml\u0131 kendinizi su\u00e7lar m\u0131s\u0131n\u0131z? Devaml\u0131 y\u00fcksek standartlar\u0131n\u0131z ve beklentileriniz mi var? T\u00fcm bunlar sizi strese sokuyor ve bunlara ula\u015fmak i\u00e7in devaml\u0131 \u00e7abal\u0131yor musunuz? Ba\u015far\u0131 size asla yeterli gelmiyor mu? Hakl\u0131l\u0131\u011f\u0131n\u0131zdan emin olmaya ihtiyac\u0131n\u0131z m\u0131 var? Hakl\u0131 oldu\u011funuzu ispat etmek i\u00e7in devaml\u0131 tan\u0131k, ispat ve do\u011fru zaman ar\u0131yor musunuz? Yapmak istedi\u011finiz i\u015fleri bekletiyor veya bir t\u00fcrl\u00fc bitiremiyor musunuz?   ***   E\u011fer yukar\u0131daki sorulara evet yan\u0131t\u0131n\u0131 vermi\u015fseniz bir m\u00fckemmeliyet\u00e7i olabilirsiniz ve bu yolda t\u00fcm enerjinizi, zaman\u0131n\u0131z\u0131 bo\u015fa harcamaktas\u0131n\u0131z. \u015eayet m\u00fckemmeliyet\u00e7i davran\u0131\u015f kal\u0131plar\u0131na sahip oldu\u011funuzu fark ettiyseniz ve de\u011fi\u015fmek istiyorsan\u0131z elinizdeki kitab\u0131 okuma zaman\u0131 gelmi\u015f demektir. Bu kitap sizi \u00f6z\u00fcn\u00fczle bulu\u015fmaya davet edecek, ger\u00e7ek m\u00fckemmeli g\u00f6rmenizi sa\u011flayacak ve sizi \u00f6zg\u00fcr k\u0131lacakt\u0131r. Kendinize bir \u015fans verin ve \u00f6zg\u00fcrl\u00fc\u011f\u00fc se\u00e7in. <\/p>\n","protected":false},"excerpt":{"rendered":"<p>D\u00fc\u015f\u00fcncelerinizin esiri de\u011fil, veziri olun. Nerede ve ne zaman bir hata g\u00f6rseniz buna derhal m\u00fcdahale edip d\u00fczeltiyor musunuz? Bir i\u015fin nas\u0131l yap\u0131laca\u011f\u0131n\u0131 en iyi siz mi<span class=\"excerpt-hellip\"> [\u2026]<\/span><\/p>\n","protected":false},"featured_media":0,"template":"","meta":{"_monsterinsights_skip_tracking":false,"_monsterinsights_sitenote_active":false,"_monsterinsights_sitenote_note":"","_monsterinsights_sitenote_category":0},"product_brand":[],"product_cat":[12364,12376],"product_tag":[],"class_list":{"0":"post-735601","1":"product","2":"type-product","3":"status-publish","5":"product_cat-genel-konular","6":"product_cat-kisisel-gelisim","7":"pa_cilt-ciltsiz","8":"pa_tur-kitap","9":"pa_yayinevi-destek-yayinlari","10":"pa_yazar-feza-karakas","12":"first","13":"instock","14":"sale","15":"shipping-taxable","16":"purchasable","17":"product-type-simple"},"_links":{"self":[{"href":"https:\/\/roveyayinevi.com.tr\/index.php\/wp-json\/wp\/v2\/product\/735601","targetHints":{"allow":["GET"]}}],"collection":[{"href":"https:\/\/roveyayinevi.com.tr\/index.php\/wp-json\/wp\/v2\/product"}],"about":[{"href":"https:\/\/roveyayinevi.com.tr\/index.php\/wp-json\/wp\/v2\/types\/product"}],"wp:attachment":[{"href":"https:\/\/roveyayinevi.com.tr\/index.php\/wp-json\/wp\/v2\/media?parent=735601"}],"wp:term":[{"taxonomy":"product_brand","embeddable":true,"href":"https:\/\/roveyayinevi.com.tr\/index.php\/wp-json\/wp\/v2\/product_brand?post=735601"},{"taxonomy":"product_cat","embeddable":true,"href":"https:\/\/roveyayinevi.com.tr\/index.php\/wp-json\/wp\/v2\/product_cat?post=735601"},{"taxonomy":"product_tag","embeddable":true,"href":"https:\/\/roveyayinevi.com.tr\/index.php\/wp-json\/wp\/v2\/product_tag?post=735601"}],"curies":[{"name":"wp","href":"https:\/\/api.w.org\/{rel}","templated":true}]}}