{"id":735599,"date":"2025-08-27T22:50:45","date_gmt":"2025-08-27T19:50:45","guid":{"rendered":"https:\/\/roveyayinevi.com.tr\/index.php\/urun\/robin-hood-12\/"},"modified":"2026-04-16T02:43:53","modified_gmt":"2026-04-15T23:43:53","slug":"robin-hood-12","status":"publish","type":"product","link":"https:\/\/roveyayinevi.com.tr\/index.php\/urun\/robin-hood-12\/","title":{"rendered":"Robin Hood"},"content":{"rendered":"<p>Robin Hood Orta\u00e7a\u011f\u2019\u0131n yozla\u015fm\u0131\u015f y\u00f6neticilerine ba\u015fkald\u0131ran ve bu y\u00fczden kanun ka\u00e7a\u011f\u0131 ilan edilen efsanevi \u0130ngiliz halk kahraman\u0131. Ger\u00e7ekten ya\u015fad\u0131 m\u0131 yoksa halk\u0131n umut sembol\u00fc m\u00fcyd\u00fc, kimse bilmiyor.   Gen\u00e7 okurlar i\u00e7in uyarlanan bu \u00f6zel bask\u0131da kahraman\u0131m\u0131z dolamba\u00e7l\u0131 yollarda, Sherwood Orman\u0131\u2019n\u0131n gizli k\u00f6\u015felerinde \u00e7etesiyle d\u00fc\u015fmanlar\u0131na t\u00fcrl\u00fc tuzaklar kuruyor, ok\u00e7uluk yar\u0131\u015flar\u0131na kat\u0131l\u0131yor, Nottingham \u015ferifine haddini bildiriyor ve cesur Kral Richard\u2019la tan\u0131\u015f\u0131yor\u2026 Hayal ya da ger\u00e7ek, Robin Hood\u2019un maceralar\u0131 bize ilham vermeye devam ediyor.    <\/p>\n","protected":false},"excerpt":{"rendered":"<p>Robin Hood Orta\u00e7a\u011f\u2019\u0131n yozla\u015fm\u0131\u015f y\u00f6neticilerine ba\u015fkald\u0131ran ve bu y\u00fczden kanun ka\u00e7a\u011f\u0131 ilan edilen efsanevi \u0130ngiliz halk kahraman\u0131. Ger\u00e7ekten ya\u015fad\u0131 m\u0131 yoksa halk\u0131n umut sembol\u00fc m\u00fcyd\u00fc, kimse<span class=\"excerpt-hellip\"> [\u2026]<\/span><\/p>\n","protected":false},"featured_media":0,"template":"","meta":{"_monsterinsights_skip_tracking":false,"_monsterinsights_sitenote_active":false,"_monsterinsights_sitenote_note":"","_monsterinsights_sitenote_category":0},"product_brand":[],"product_cat":[12275,12274],"product_tag":[],"class_list":{"0":"post-735599","1":"product","2":"type-product","3":"status-publish","5":"product_cat-6-12-yas-kitaplari","6":"product_cat-cocuk-ve-genclik-kitaplari","7":"pa_cilt-ciltsiz","8":"pa_tur-kitap","9":"pa_yayinevi-mundi","10":"pa_yazar-howard-pyle","12":"first","13":"instock","14":"sale","15":"shipping-taxable","16":"purchasable","17":"product-type-simple"},"_links":{"self":[{"href":"https:\/\/roveyayinevi.com.tr\/index.php\/wp-json\/wp\/v2\/product\/735599","targetHints":{"allow":["GET"]}}],"collection":[{"href":"https:\/\/roveyayinevi.com.tr\/index.php\/wp-json\/wp\/v2\/product"}],"about":[{"href":"https:\/\/roveyayinevi.com.tr\/index.php\/wp-json\/wp\/v2\/types\/product"}],"wp:attachment":[{"href":"https:\/\/roveyayinevi.com.tr\/index.php\/wp-json\/wp\/v2\/media?parent=735599"}],"wp:term":[{"taxonomy":"product_brand","embeddable":true,"href":"https:\/\/roveyayinevi.com.tr\/index.php\/wp-json\/wp\/v2\/product_brand?post=735599"},{"taxonomy":"product_cat","embeddable":true,"href":"https:\/\/roveyayinevi.com.tr\/index.php\/wp-json\/wp\/v2\/product_cat?post=735599"},{"taxonomy":"product_tag","embeddable":true,"href":"https:\/\/roveyayinevi.com.tr\/index.php\/wp-json\/wp\/v2\/product_tag?post=735599"}],"curies":[{"name":"wp","href":"https:\/\/api.w.org\/{rel}","templated":true}]}}