{"id":735595,"date":"2025-08-27T22:50:40","date_gmt":"2025-08-27T19:50:40","guid":{"rendered":"https:\/\/roveyayinevi.com.tr\/index.php\/urun\/istiklal-marsimizi-anlamak\/"},"modified":"2026-04-16T02:43:53","modified_gmt":"2026-04-15T23:43:53","slug":"istiklal-marsimizi-anlamak","status":"publish","type":"product","link":"https:\/\/roveyayinevi.com.tr\/index.php\/urun\/istiklal-marsimizi-anlamak\/","title":{"rendered":"\u0130stiklal Mar\u015f\u0131m\u0131z\u0131 Anlamak"},"content":{"rendered":"<p>\u0130stikl\u00e2l Mar\u015f\u0131\u2019m\u0131z, b\u00fct\u00fcn T\u00fcrk milletinin ortak mutabakat metnidir. Bizi millet yapan temel bile\u015fenlerimizden biridir. Mar\u015f\u0131m\u0131z, T\u00fcrkiye Cumhuriyeti Devletimizin \u00fczerinde kuruldu\u011fu topraklar\u0131n sava\u015fla tekrar vatan yap\u0131lmas\u0131n\u0131n bir belgesidir, devlet ve vatan\u0131m\u0131z\u0131n tapusudur. Zira bu metin, T\u00fcrk milletinin var olma yok olma m\u00fccadalesinin en k\u0131z\u0131\u015ft\u0131\u011f\u0131 bir d\u00f6nemde, T\u00fcrk\u2019\u00fcn tarihe kar\u015f\u0131 direni\u015f kararl\u0131l\u0131\u011f\u0131n\u0131n zirvede oldu\u011fu bir s\u0131rada \u00fcretilmi\u015f T\u00fcrk mill\u00ee ruhunun ortak heyecan\u0131n\u0131n, ortak iradesinin, ortak hassasiyetinin bir \u00fcr\u00fcn\u00fcd\u00fcr.<\/p>\n","protected":false},"excerpt":{"rendered":"<p>\u0130stikl\u00e2l Mar\u015f\u0131\u2019m\u0131z, b\u00fct\u00fcn T\u00fcrk milletinin ortak mutabakat metnidir. Bizi millet yapan temel bile\u015fenlerimizden biridir. Mar\u015f\u0131m\u0131z, T\u00fcrkiye Cumhuriyeti Devletimizin \u00fczerinde kuruldu\u011fu topraklar\u0131n sava\u015fla tekrar vatan yap\u0131lmas\u0131n\u0131n bir<span class=\"excerpt-hellip\"> [\u2026]<\/span><\/p>\n","protected":false},"featured_media":0,"template":"","meta":{"_monsterinsights_skip_tracking":false,"_monsterinsights_sitenote_active":false,"_monsterinsights_sitenote_note":"","_monsterinsights_sitenote_category":0},"product_brand":[],"product_cat":[12370,12304],"product_tag":[],"class_list":{"0":"post-735595","1":"product","2":"type-product","3":"status-publish","5":"product_cat-arastirma-inceleme","6":"product_cat-tarih","7":"pa_cilt-ciltsiz","8":"pa_tur-kitap","9":"pa_yayinevi-imbik-yayinlari","10":"pa_yazar-nurullah-cetin","12":"first","13":"instock","14":"sale","15":"shipping-taxable","16":"purchasable","17":"product-type-simple"},"_links":{"self":[{"href":"https:\/\/roveyayinevi.com.tr\/index.php\/wp-json\/wp\/v2\/product\/735595","targetHints":{"allow":["GET"]}}],"collection":[{"href":"https:\/\/roveyayinevi.com.tr\/index.php\/wp-json\/wp\/v2\/product"}],"about":[{"href":"https:\/\/roveyayinevi.com.tr\/index.php\/wp-json\/wp\/v2\/types\/product"}],"wp:attachment":[{"href":"https:\/\/roveyayinevi.com.tr\/index.php\/wp-json\/wp\/v2\/media?parent=735595"}],"wp:term":[{"taxonomy":"product_brand","embeddable":true,"href":"https:\/\/roveyayinevi.com.tr\/index.php\/wp-json\/wp\/v2\/product_brand?post=735595"},{"taxonomy":"product_cat","embeddable":true,"href":"https:\/\/roveyayinevi.com.tr\/index.php\/wp-json\/wp\/v2\/product_cat?post=735595"},{"taxonomy":"product_tag","embeddable":true,"href":"https:\/\/roveyayinevi.com.tr\/index.php\/wp-json\/wp\/v2\/product_tag?post=735595"}],"curies":[{"name":"wp","href":"https:\/\/api.w.org\/{rel}","templated":true}]}}