{"id":735592,"date":"2025-08-27T22:50:36","date_gmt":"2025-08-27T19:50:36","guid":{"rendered":"https:\/\/roveyayinevi.com.tr\/index.php\/urun\/yeni-bahar-zaman-carki-baslangic-kitabi\/"},"modified":"2026-04-16T02:43:52","modified_gmt":"2026-04-15T23:43:52","slug":"yeni-bahar-zaman-carki-baslangic-kitabi","status":"publish","type":"product","link":"https:\/\/roveyayinevi.com.tr\/index.php\/urun\/yeni-bahar-zaman-carki-baslangic-kitabi\/","title":{"rendered":"Yeni Bahar &#8211; Zaman \u00c7ark\u0131 Ba\u015flang\u0131\u00e7 Kitab\u0131"},"content":{"rendered":"<p>\u201cZaman \u00c7ark\u0131 d\u00f6ner, \u00c7a\u011flar gelip ge\u00e7er, efsanele\u015fen an\u0131lar b\u0131rak\u0131r ard\u0131nda. Efsaneler solarak mit olur ve onlar\u0131 do\u011furan \u00c7a\u011f yeniden geldi\u011finde mitler bile unutulur.\u201dFantastik edebiyat\u0131n devi Robert Jordan\u2019\u0131n kaleminden \u00e7\u0131kan Zaman \u00c7ark\u0131 destan\u0131 d\u00fcnya \u00e7ap\u0131nda milyonlar\u0131n hayal g\u00fcc\u00fcnde yer etti. Ayr\u0131nt\u0131l\u0131 d\u00fcnyas\u0131, en ince detay\u0131na kadar d\u00fc\u015f\u00fcn\u00fclm\u00fc\u015f b\u00fcy\u00fc sistemi, g\u00f6n\u00fcllere taht kuran karakterleri Zaman \u00c7ark\u0131\u2019n\u0131n okurlar taraf\u0131ndan bu kadar sevilmesinin sadece birka\u00e7 sebebi. Zaman \u00c7ark\u0131\u2019n\u0131n etkileri, Patrick Rothfuss, Brandon Sanderson, Brent Weeks gibi g\u00fcn\u00fcm\u00fcz\u00fcn en b\u00fcy\u00fck fantastik yazarlar\u0131n\u0131n eserlerinde g\u00f6r\u00fclebilir.   Son Yeni Bahar, Zaman \u00c7ark\u0131 serisinin ilk cildi D\u00fcnyan\u0131n G\u00f6z\u00fc\u2019ndeki olaylar\u0131n \u00f6ncesini anlatan, hem bir ba\u015flang\u0131\u00e7 hem de bir devam kitab\u0131.   Tar Valon\u2019un \u00e7evresinde, k\u0131\u015f\u0131n ortas\u0131ndaki sava\u015f \u015fiddetlenmi\u015fti. \u015eehirde bir kehanet a\u011f\u0131zdan a\u011fza dola\u015f\u0131yordu. Ejderda\u011f\u0131\u2019n\u0131n eteklerinde, d\u00fcnyan\u0131n kaderini de\u011fi\u015ftirecek bir \u00e7ocuk do\u011fmu\u015ftu. G\u00f6lge\u2019nin hizmetk\u00e2rlar\u0131 onu bulmadan evvel bulunmas\u0131 gereken bir \u00e7ocuk.   Bir Kabuledilmi\u015f olan, gen\u00e7 bir Aes Sedai aday\u0131 Moiraine Damodred ve asker Lan Mandragoran hayatlar\u0131n\u0131 ve kaderlerini birle\u015ftirecek uzun bir yolculu\u011fa \u00e7\u0131kacakt\u0131. Ama\u00e7lar\u0131 ise Yenidendo\u011fan Ejder\u2019i bulmakt\u0131.   Ejderha, bir kez daha zaman\u0131n r\u00fczg\u00e2rlar\u0131nda havalanacak.   \u201cZaman \u00c7ark\u0131 serisi, ben ve pek \u00e7ok ki\u015finin fantastik edebiyat yazar\u0131 olmas\u0131n\u0131 sa\u011flad\u0131.\u201d \u2013Brandon Sanderson   \u201cZaman \u00c7ark\u0131\u2019ndan bahsetmeden fantastik edebiyattan s\u00f6z etmek imk\u00e2ns\u0131z. T\u0131pk\u0131 Tolkien gibi.\u201d \u2013Patrick Rothfuss <\/p>\n","protected":false},"excerpt":{"rendered":"<p>\u201cZaman \u00c7ark\u0131 d\u00f6ner, \u00c7a\u011flar gelip ge\u00e7er, efsanele\u015fen an\u0131lar b\u0131rak\u0131r ard\u0131nda. Efsaneler solarak mit olur ve onlar\u0131 do\u011furan \u00c7a\u011f yeniden geldi\u011finde mitler bile unutulur.\u201dFantastik edebiyat\u0131n devi Robert<span class=\"excerpt-hellip\"> [\u2026]<\/span><\/p>\n","protected":false},"featured_media":0,"template":"","meta":{"_monsterinsights_skip_tracking":false,"_monsterinsights_sitenote_active":false,"_monsterinsights_sitenote_note":"","_monsterinsights_sitenote_category":0},"product_brand":[],"product_cat":[12291,14777],"product_tag":[],"class_list":{"0":"post-735592","1":"product","2":"type-product","3":"status-publish","5":"product_cat-edebiyat","6":"product_cat-fantastik","7":"pa_cilt-ciltsiz","8":"pa_tur-kitap","9":"pa_yayinevi-ithaki-yayinlari","10":"pa_yazar-robert-jordan","12":"first","13":"instock","14":"sale","15":"shipping-taxable","16":"purchasable","17":"product-type-simple"},"_links":{"self":[{"href":"https:\/\/roveyayinevi.com.tr\/index.php\/wp-json\/wp\/v2\/product\/735592","targetHints":{"allow":["GET"]}}],"collection":[{"href":"https:\/\/roveyayinevi.com.tr\/index.php\/wp-json\/wp\/v2\/product"}],"about":[{"href":"https:\/\/roveyayinevi.com.tr\/index.php\/wp-json\/wp\/v2\/types\/product"}],"wp:attachment":[{"href":"https:\/\/roveyayinevi.com.tr\/index.php\/wp-json\/wp\/v2\/media?parent=735592"}],"wp:term":[{"taxonomy":"product_brand","embeddable":true,"href":"https:\/\/roveyayinevi.com.tr\/index.php\/wp-json\/wp\/v2\/product_brand?post=735592"},{"taxonomy":"product_cat","embeddable":true,"href":"https:\/\/roveyayinevi.com.tr\/index.php\/wp-json\/wp\/v2\/product_cat?post=735592"},{"taxonomy":"product_tag","embeddable":true,"href":"https:\/\/roveyayinevi.com.tr\/index.php\/wp-json\/wp\/v2\/product_tag?post=735592"}],"curies":[{"name":"wp","href":"https:\/\/api.w.org\/{rel}","templated":true}]}}