{"id":735591,"date":"2025-08-27T22:50:35","date_gmt":"2025-08-27T19:50:35","guid":{"rendered":"https:\/\/roveyayinevi.com.tr\/index.php\/urun\/kapanda-bir-hayal\/"},"modified":"2026-04-16T02:43:52","modified_gmt":"2026-04-15T23:43:52","slug":"kapanda-bir-hayal","status":"publish","type":"product","link":"https:\/\/roveyayinevi.com.tr\/index.php\/urun\/kapanda-bir-hayal\/","title":{"rendered":"Kapanda Bir Hayal"},"content":{"rendered":"<p>Bir eksik bir fazla, fark ediyor art\u0131k. Kopan sa\u00e7 teli gibi kaybolup gidiyor insan, g\u00f6r\u00fclm\u00fcyor. \u00dcstelik yerindeyken ne bir el de\u011fiyor ona ne de tarak. Bir \u015feyin i\u00e7ini mi dolduruyoruz yoksa \u00fcst\u00fcn\u00fc m\u00fc kapl\u0131yoruz belli de\u011fil. Bir nefes, sadece o kadar al\u0131p verdi\u011fimiz. Ba\u015fka alaca\u011f\u0131m\u0131z yokmu\u015f sanki d\u00fcnyadan, bu kadarm\u0131\u015f ya\u015famak.   Burcu \u00dcnl\u00fc, ilk kitab\u0131 Kapanda Bir Hayal ile insan\u0131n temiz kalm\u0131\u015f yerini i\u015faret eden \u00f6yk\u00fcler arma\u011fan ediyor okura. Evi, yuva denen kapan\u0131, insan\u0131n kendi i\u00e7ine s\u0131k\u0131\u015f\u0131p kalmas\u0131n\u0131 zaman zaman ironiyle zaman zaman da tokat gibi \u00e7arpan g\u00f6ndermelerle anlat\u0131yor.\u201cNeler neler dediler bana\u2026 Milletin a\u011fz\u0131 torba, \u00e7\u00f6p torbas\u0131, b\u00fcz\u00fcverdim hepsinin a\u011fz\u0131n\u0131, bunlar\u0131 kafama takmad\u0131m. Ama \u00f6ks\u00fcz\u00fc, yetimi, i\u015f\u00e7iyi, d\u00fc\u015fk\u00fcn\u00fc \u00e7ok takar\u0131m kafama. Onlar\u0131n ac\u0131lar\u0131n\u0131 defterimde biriktiririm. Hem zaten bize en \u00e7ok biriktirmek \u00f6\u011fretilmedi mi? Ac\u0131y\u0131, h\u00fczn\u00fc, eksikli\u011fi, sevgisizli\u011fi, g\u00f6zya\u015flar\u0131m\u0131z\u0131, \u00f6fkemizi hep biriktirmedik mi? Bir t\u00fcrl\u00fc kesip a\u00e7amad\u0131k o teneke kumbaran\u0131n a\u011fz\u0131n\u0131. Sa\u00e7amad\u0131k etrafa kinimizi, y\u00fcr\u00fcyemedik \u00fcst\u00fcne \u00fcst\u00fcne hainin, k\u0131ramad\u0131k kalbini, b\u00fckemedik bile\u011fini\u2026 \u0130nsanl\u0131k bizde kals\u0131n, nas\u0131lsa Allah verir belas\u0131n\u0131, dedik. \u0130nsan\u0131z neticede, b\u00fcy\u00fck bir felaket bu, diyemedik. K\u0131rm\u0131z\u0131 bir isyand\u0131r bu, \u00f6yle bilinsin.\u201d <\/p>\n","protected":false},"excerpt":{"rendered":"<p>Bir eksik bir fazla, fark ediyor art\u0131k. Kopan sa\u00e7 teli gibi kaybolup gidiyor insan, g\u00f6r\u00fclm\u00fcyor. \u00dcstelik yerindeyken ne bir el de\u011fiyor ona ne de tarak. Bir<span class=\"excerpt-hellip\"> [\u2026]<\/span><\/p>\n","protected":false},"featured_media":0,"template":"","meta":{"_monsterinsights_skip_tracking":false,"_monsterinsights_sitenote_active":false,"_monsterinsights_sitenote_note":"","_monsterinsights_sitenote_category":0},"product_brand":[],"product_cat":[12291,12711],"product_tag":[],"class_list":{"0":"post-735591","1":"product","2":"type-product","3":"status-publish","5":"product_cat-edebiyat","6":"product_cat-roman-oyku","7":"pa_cilt-ciltsiz","8":"pa_tur-kitap","9":"pa_yayinevi-ithaki-yayinlari","10":"pa_yazar-burcu-unlu","12":"first","13":"instock","14":"sale","15":"shipping-taxable","16":"purchasable","17":"product-type-simple"},"_links":{"self":[{"href":"https:\/\/roveyayinevi.com.tr\/index.php\/wp-json\/wp\/v2\/product\/735591","targetHints":{"allow":["GET"]}}],"collection":[{"href":"https:\/\/roveyayinevi.com.tr\/index.php\/wp-json\/wp\/v2\/product"}],"about":[{"href":"https:\/\/roveyayinevi.com.tr\/index.php\/wp-json\/wp\/v2\/types\/product"}],"wp:attachment":[{"href":"https:\/\/roveyayinevi.com.tr\/index.php\/wp-json\/wp\/v2\/media?parent=735591"}],"wp:term":[{"taxonomy":"product_brand","embeddable":true,"href":"https:\/\/roveyayinevi.com.tr\/index.php\/wp-json\/wp\/v2\/product_brand?post=735591"},{"taxonomy":"product_cat","embeddable":true,"href":"https:\/\/roveyayinevi.com.tr\/index.php\/wp-json\/wp\/v2\/product_cat?post=735591"},{"taxonomy":"product_tag","embeddable":true,"href":"https:\/\/roveyayinevi.com.tr\/index.php\/wp-json\/wp\/v2\/product_tag?post=735591"}],"curies":[{"name":"wp","href":"https:\/\/api.w.org\/{rel}","templated":true}]}}