{"id":735589,"date":"2025-08-27T22:50:33","date_gmt":"2025-08-27T19:50:33","guid":{"rendered":"https:\/\/roveyayinevi.com.tr\/index.php\/urun\/ic-mekan-cin-mahallesi\/"},"modified":"2026-04-16T02:43:52","modified_gmt":"2026-04-15T23:43:52","slug":"ic-mekan-cin-mahallesi","status":"publish","type":"product","link":"https:\/\/roveyayinevi.com.tr\/index.php\/urun\/ic-mekan-cin-mahallesi\/","title":{"rendered":"\u0130\u00e7 Mekan \u00c7in Mahallesi"},"content":{"rendered":"<p>2020 ULUSAL K\u0130TAP \u00d6D\u00dcL\u00dc KAZANANITime, Wall Street Journal, The New Yorker, Vice gibi yay\u0131nlara makaleleri ve \u00f6yk\u00fcleriyle katk\u0131da bulunan Charles Yu 2007 y\u0131l\u0131nda Ulusal Kitap Vakf\u0131 taraf\u0131ndan gelecek vadeden be\u015f yazar aras\u0131nda g\u00f6sterildi, Westworld ve Legion gibi televizyon dizilerinde hik\u00e2ye dan\u0131\u015fmanl\u0131\u011f\u0131 ve senaristlik yapt\u0131, ikinci roman\u0131 \u0130\u00e7 Mek\u00e2n \u00c7in Mahallesi ise 2020\u2019de Ulusal Kitap \u00d6d\u00fcl\u00fc\u2019n\u00fc kazand\u0131.   Amerika Birle\u015fik Devletleri\u2019nin tamam\u0131 ba\u015ftan sona bir film seti \u00e2deta ve Willis Wu hayat\u0131n\u0131n ana karakteri de\u011filmi\u015f gibi hissediyor kendini, sanki herhangi bir televizyon dizisinde fig\u00fcran sadece. Her g\u00fcn Alt\u0131n Saray\u2019a, s\u00fcrekli ayn\u0131 polisiye dizinin, Siyah ve Beyaz\u2019\u0131n \u00e7evrildi\u011fi o restorana \u00e7al\u0131\u015fmaya gidiyor. Kli\u015fe Asyal\u0131 Adam de\u011fil, Kung Fu\u2019cu Adam olmay\u0131 hayal etti\u011fi, en sonunda g\u00f6\u00e7men ailesinin ve \u00c7in Mahallesi\u2019nin ger\u00e7ek tarihini \u00f6\u011frenece\u011fi o yere.   Charles Yu\u2019dan \u0130\u00e7 Mek\u00e2n \u00c7in Mahallesi toplumsal \u00f6nyarg\u0131lar\u0131n belirledi\u011fi s\u0131n\u0131rlar\u0131n \u00f6tesindeki g\u00f6\u00e7menlerin ve fig\u00fcranlar\u0131n aras\u0131nda, sahnenin gerisinde kalan \u00f6tekilerin roman\u0131.\u201cZekice ve \u00e7ok komik\u2026 Irk\u00e7\u0131 hayal g\u00fcc\u00fcyle dalgas\u0131n\u0131 ge\u00e7iyor ve insan yerine konulmamaya direnenlerin, bu dertten mustarip olanlar\u0131n insanl\u0131\u011f\u0131n\u0131n derinliklerine g\u00f6t\u00fcr\u00fcyor bizi.\u201d \u2013Viet Thanh Nguyen   \u201c\u0130\u00e7 Mek\u00e2n \u00c7in Mahallesi, pop\u00fcler k\u00fclt\u00fcr\u00fc, aidiyeti ve hepimizin nas\u0131l da s\u00fcrekli ba\u015fka rollere b\u00fcr\u00fcnd\u00fc\u011f\u00fcm\u00fcz\u00fc tak\u0131nt\u0131 yapan herkesin kesinlikle okumas\u0131 gereken bir roman.\u201d \u2013Charlie Jane Anders  <\/p>\n","protected":false},"excerpt":{"rendered":"<p>2020 ULUSAL K\u0130TAP \u00d6D\u00dcL\u00dc KAZANANITime, Wall Street Journal, The New Yorker, Vice gibi yay\u0131nlara makaleleri ve \u00f6yk\u00fcleriyle katk\u0131da bulunan Charles Yu 2007 y\u0131l\u0131nda Ulusal Kitap Vakf\u0131<span class=\"excerpt-hellip\"> [\u2026]<\/span><\/p>\n","protected":false},"featured_media":0,"template":"","meta":{"_monsterinsights_skip_tracking":false,"_monsterinsights_sitenote_active":false,"_monsterinsights_sitenote_note":"","_monsterinsights_sitenote_category":0},"product_brand":[],"product_cat":[12291,12711],"product_tag":[],"class_list":{"0":"post-735589","1":"product","2":"type-product","3":"status-publish","5":"product_cat-edebiyat","6":"product_cat-roman-oyku","7":"pa_cilt-ciltsiz","8":"pa_tur-kitap","9":"pa_yayinevi-ithaki-yayinlari","10":"pa_yazar-charles-yu","12":"first","13":"instock","14":"sale","15":"shipping-taxable","16":"purchasable","17":"product-type-simple"},"_links":{"self":[{"href":"https:\/\/roveyayinevi.com.tr\/index.php\/wp-json\/wp\/v2\/product\/735589","targetHints":{"allow":["GET"]}}],"collection":[{"href":"https:\/\/roveyayinevi.com.tr\/index.php\/wp-json\/wp\/v2\/product"}],"about":[{"href":"https:\/\/roveyayinevi.com.tr\/index.php\/wp-json\/wp\/v2\/types\/product"}],"wp:attachment":[{"href":"https:\/\/roveyayinevi.com.tr\/index.php\/wp-json\/wp\/v2\/media?parent=735589"}],"wp:term":[{"taxonomy":"product_brand","embeddable":true,"href":"https:\/\/roveyayinevi.com.tr\/index.php\/wp-json\/wp\/v2\/product_brand?post=735589"},{"taxonomy":"product_cat","embeddable":true,"href":"https:\/\/roveyayinevi.com.tr\/index.php\/wp-json\/wp\/v2\/product_cat?post=735589"},{"taxonomy":"product_tag","embeddable":true,"href":"https:\/\/roveyayinevi.com.tr\/index.php\/wp-json\/wp\/v2\/product_tag?post=735589"}],"curies":[{"name":"wp","href":"https:\/\/api.w.org\/{rel}","templated":true}]}}