{"id":735588,"date":"2025-08-27T22:50:32","date_gmt":"2025-08-27T19:50:32","guid":{"rendered":"https:\/\/roveyayinevi.com.tr\/index.php\/urun\/on-bin-kapi\/"},"modified":"2026-04-16T02:43:52","modified_gmt":"2026-04-15T23:43:52","slug":"on-bin-kapi","status":"publish","type":"product","link":"https:\/\/roveyayinevi.com.tr\/index.php\/urun\/on-bin-kapi\/","title":{"rendered":"On Bin Kap\u0131"},"content":{"rendered":"<p>Hugo, Nebula, Locus, D\u00fcnya Fantazi \u00f6d\u00fclleri aday\u0131   Yedi ya\u015f\u0131ndayken, January bir Kap\u0131 ke\u015ffetti. Bamba\u015fka bir d\u00fcnyaya a\u00e7\u0131lan bir Kap\u0131.January Scaller, kendini bildi bileli b\u00fcy\u00fck bir malik\u00e2nede, Cornelius Locke isimli zengin bir koleksiyonerin vesayeti alt\u0131nda ya\u015f\u0131yordu. Pahal\u0131 giysileri, hizmet\u00e7ileri, g\u00f6r\u00fcn\u00fc\u015fte ayr\u0131cal\u0131kl\u0131 bir hayat\u0131 vard\u0131. Ancak January kendini hi\u00e7 de evinde hissetmiyordu. Cornelius Locke i\u00e7in sanat eseri avc\u0131l\u0131\u011f\u0131 yapan babas\u0131 eve nadiren u\u011frar olmu\u015ftu. Hayat\u0131n\u0131 kat\u0131 kurallara uyarak ya\u015famak zorundayd\u0131. Ve koyu renkli derisi, Bay Locke\u2019\u0131n koleksiyonunun egzotik bir par\u00e7as\u0131 oldu\u011funu hissettiriyordu ona. On yedi ya\u015f\u0131ndayken, January tuhaf bir kitap buldu. Ak\u0131l almaz hik\u00e2yeler anlatan bir kitap.Buldu\u011fu On Bin Kap\u0131 isimli kitap, January i\u00e7in hem \u00e7ok tan\u0131d\u0131k hem de hayal etti\u011fi her \u015feyin \u00f6tesindeki \u015feylerden bahsediyordu. Ba\u015fka d\u00fcnyalar\u0131n kokular\u0131n\u0131 ta\u015f\u0131yan, gizemli Kap\u0131lar\u0131 ve imk\u00e2ns\u0131z bir a\u015fk hik\u00e2yesini anlatan bu kitab\u0131 okuduk\u00e7a January\u2019nin i\u00e7inde bir \u015feyler filizleniyordu. Kendisi, ailesi ve d\u00fcnyas\u0131 hakk\u0131ndaki ger\u00e7ekleri ke\u015ffedece\u011fi bir yolculu\u011fa \u00e7\u0131kacak olan January\u2019yi b\u00fcy\u00fck tehlikeler bekliyordu.\u201cB\u00fcy\u00fcmek ve b\u00fcy\u00fcrken sahip olduklar\u0131m\u0131z\u0131 korumaya \u00e7al\u0131\u015fmak \u00fczerine g\u00f6z kama\u015ft\u0131r\u0131c\u0131 bir hik\u00e2ye.\u201d \u2013Amal El-Mohtar   \u201cCevaplara ula\u015fmak i\u00e7in sayfalar\u0131 h\u0131zla \u00e7evirdim. Bu okudu\u011fum en e\u015fsiz kurgulardan biriydi.\u201d \u2013Tamora Pierce\u201cHayal g\u00fcc\u00fcne, maceraya ve sevginin bir\u00e7ok farkl\u0131 g\u00fcc\u00fcne yaz\u0131lm\u0131\u015f bir a\u015fk mektubu.\u201d \u2013Kirkus Reviews  <\/p>\n","protected":false},"excerpt":{"rendered":"<p>Hugo, Nebula, Locus, D\u00fcnya Fantazi \u00f6d\u00fclleri aday\u0131 Yedi ya\u015f\u0131ndayken, January bir Kap\u0131 ke\u015ffetti. Bamba\u015fka bir d\u00fcnyaya a\u00e7\u0131lan bir Kap\u0131.January Scaller, kendini bildi bileli b\u00fcy\u00fck bir malik\u00e2nede,<span class=\"excerpt-hellip\"> [\u2026]<\/span><\/p>\n","protected":false},"featured_media":0,"template":"","meta":{"_monsterinsights_skip_tracking":false,"_monsterinsights_sitenote_active":false,"_monsterinsights_sitenote_note":"","_monsterinsights_sitenote_category":0},"product_brand":[],"product_cat":[12291,14777],"product_tag":[],"class_list":{"0":"post-735588","1":"product","2":"type-product","3":"status-publish","5":"product_cat-edebiyat","6":"product_cat-fantastik","7":"pa_cilt-ciltsiz","8":"pa_tur-kitap","9":"pa_yayinevi-ithaki-yayinlari","10":"pa_yazar-alix-e-harrow","12":"first","13":"instock","14":"sale","15":"shipping-taxable","16":"purchasable","17":"product-type-simple"},"_links":{"self":[{"href":"https:\/\/roveyayinevi.com.tr\/index.php\/wp-json\/wp\/v2\/product\/735588","targetHints":{"allow":["GET"]}}],"collection":[{"href":"https:\/\/roveyayinevi.com.tr\/index.php\/wp-json\/wp\/v2\/product"}],"about":[{"href":"https:\/\/roveyayinevi.com.tr\/index.php\/wp-json\/wp\/v2\/types\/product"}],"wp:attachment":[{"href":"https:\/\/roveyayinevi.com.tr\/index.php\/wp-json\/wp\/v2\/media?parent=735588"}],"wp:term":[{"taxonomy":"product_brand","embeddable":true,"href":"https:\/\/roveyayinevi.com.tr\/index.php\/wp-json\/wp\/v2\/product_brand?post=735588"},{"taxonomy":"product_cat","embeddable":true,"href":"https:\/\/roveyayinevi.com.tr\/index.php\/wp-json\/wp\/v2\/product_cat?post=735588"},{"taxonomy":"product_tag","embeddable":true,"href":"https:\/\/roveyayinevi.com.tr\/index.php\/wp-json\/wp\/v2\/product_tag?post=735588"}],"curies":[{"name":"wp","href":"https:\/\/api.w.org\/{rel}","templated":true}]}}