{"id":735587,"date":"2025-08-27T22:50:31","date_gmt":"2025-08-27T19:50:31","guid":{"rendered":"https:\/\/roveyayinevi.com.tr\/index.php\/urun\/dunluk-bir-hatira-ajandasi\/"},"modified":"2026-04-16T02:43:52","modified_gmt":"2026-04-15T23:43:52","slug":"dunluk-bir-hatira-ajandasi","status":"publish","type":"product","link":"https:\/\/roveyayinevi.com.tr\/index.php\/urun\/dunluk-bir-hatira-ajandasi\/","title":{"rendered":"D\u00fcnl\u00fck &#8211; Bir Hat\u0131ra Ajandas\u0131"},"content":{"rendered":"<p>B\u00fct\u00fcn bir y\u0131l boyunca sana e\u015flik edecek, an\u0131lar\u0131n\u0131 not al\u0131rken ayn\u0131 zamanda ondan yepyeni bilgiler \u00f6\u011frenebilece\u011fin, hayal g\u00fcc\u00fcn\u00fcn pe\u015finde seni s\u0131n\u0131rs\u0131z yolculuklara \u00e7\u0131karacak tarihsiz bir ajandaya ne dersin?   Y\u0131l\u0131n her haftas\u0131 i\u00e7in haz\u0131rlanm\u0131\u015f, kendini daha yak\u0131ndan tan\u0131man\u0131 sa\u011flayacak ilgin\u00e7 sorular, hi\u00e7 duymad\u0131\u011f\u0131n \u015feyler hakk\u0131nda yepyeni bilgiler, keyifle vakit ge\u00e7irebilece\u011fin internet sitesi, film, belgesel \u00f6nerileri ve daha neler neler\u2026   Yazar\u0131n\u0131 Arayan Kitap isimli etkinlik kitab\u0131yla \u00e7ok\u00e7a sevilen yazar\u0131m\u0131z Sevda Y\u00fccel Bali\u2019nin ve etkileyici \u00e7izimleriyle ona e\u015flik eden Berk \u00d6zt\u00fcrk\u2019\u00fcn ortak \u00e7al\u0131\u015fmas\u0131 olan bu ajanda, zaman\u0131n ve unutulmaz anlar\u0131n kayd\u0131n\u0131 tutmak isteyenler i\u00e7in\u2026<\/p>\n","protected":false},"excerpt":{"rendered":"<p>B\u00fct\u00fcn bir y\u0131l boyunca sana e\u015flik edecek, an\u0131lar\u0131n\u0131 not al\u0131rken ayn\u0131 zamanda ondan yepyeni bilgiler \u00f6\u011frenebilece\u011fin, hayal g\u00fcc\u00fcn\u00fcn pe\u015finde seni s\u0131n\u0131rs\u0131z yolculuklara \u00e7\u0131karacak tarihsiz bir ajandaya<span class=\"excerpt-hellip\"> [\u2026]<\/span><\/p>\n","protected":false},"featured_media":0,"template":"","meta":{"_monsterinsights_skip_tracking":false,"_monsterinsights_sitenote_active":false,"_monsterinsights_sitenote_note":"","_monsterinsights_sitenote_category":0},"product_brand":[],"product_cat":[12274,12631],"product_tag":[],"class_list":{"0":"post-735587","1":"product","2":"type-product","3":"status-publish","5":"product_cat-cocuk-ve-genclik-kitaplari","6":"product_cat-diger-cocuk-ve-genclik-kitaplari","7":"pa_cilt-ciltsiz","8":"pa_tur-kitap20","9":"pa_yayinevi-ithaki-yayinlari","10":"pa_yazar-sevda-yucel-bali","12":"first","13":"instock","14":"sale","15":"shipping-taxable","16":"purchasable","17":"product-type-simple"},"_links":{"self":[{"href":"https:\/\/roveyayinevi.com.tr\/index.php\/wp-json\/wp\/v2\/product\/735587","targetHints":{"allow":["GET"]}}],"collection":[{"href":"https:\/\/roveyayinevi.com.tr\/index.php\/wp-json\/wp\/v2\/product"}],"about":[{"href":"https:\/\/roveyayinevi.com.tr\/index.php\/wp-json\/wp\/v2\/types\/product"}],"wp:attachment":[{"href":"https:\/\/roveyayinevi.com.tr\/index.php\/wp-json\/wp\/v2\/media?parent=735587"}],"wp:term":[{"taxonomy":"product_brand","embeddable":true,"href":"https:\/\/roveyayinevi.com.tr\/index.php\/wp-json\/wp\/v2\/product_brand?post=735587"},{"taxonomy":"product_cat","embeddable":true,"href":"https:\/\/roveyayinevi.com.tr\/index.php\/wp-json\/wp\/v2\/product_cat?post=735587"},{"taxonomy":"product_tag","embeddable":true,"href":"https:\/\/roveyayinevi.com.tr\/index.php\/wp-json\/wp\/v2\/product_tag?post=735587"}],"curies":[{"name":"wp","href":"https:\/\/api.w.org\/{rel}","templated":true}]}}