{"id":735585,"date":"2025-08-27T22:50:28","date_gmt":"2025-08-27T19:50:28","guid":{"rendered":"https:\/\/roveyayinevi.com.tr\/index.php\/urun\/isik-hep-yansin-diye\/"},"modified":"2026-04-16T02:43:52","modified_gmt":"2026-04-15T23:43:52","slug":"isik-hep-yansin-diye","status":"publish","type":"product","link":"https:\/\/roveyayinevi.com.tr\/index.php\/urun\/isik-hep-yansin-diye\/","title":{"rendered":"I\u015f\u0131k Hep Yans\u0131n Diye"},"content":{"rendered":"<p>\u201cBen olsayd\u0131m ne yapard\u0131m?\u201d demekten kendinizi alamayacaks\u0131n\u0131z! Hi\u00e7bir \u015feyin g\u00f6r\u00fcnd\u00fc\u011f\u00fc gibi olmad\u0131\u011f\u0131n\u0131 bir kez daha anlatan, olay i\u00e7inde olaylar\u0131n ger\u00e7ekle\u015fti\u011fi, bitti art\u0131k buras\u0131 final dedi\u011finiz yerde bamba\u015fka bir yerden devam eden a\u015fk, aile, ili\u015fkiler etraf\u0131nda d\u00f6nen sanatla, sevgi ve \u00f6zveri ile bezenen bir roman.   GER\u00c7EK A\u015eKTAN NE BEKLERS\u0130N\u0130Z? \u201c\u015eimdi siz, d\u00fc\u015f\u00fcn\u00fcyorsunuz. \u2018Erdem bunun neresinde?\u2019 diye soruyorsunuz kendinize biliyorum, anlatay\u0131m. Ama \u00f6nce bir de \u015funu soray\u0131m; ger\u00e7ek ve a\u015fktan beslenen bir ili\u015fkide arad\u0131\u011f\u0131n\u0131z \u00fc\u00e7 kriter nedir diye sorsam size cevap verir misiniz?\u201d \u015ea\u015f\u0131rm\u0131\u015ft\u0131. Galiba bu odada, genellikle bu tip sorular ile kar\u015f\u0131 kar\u015f\u0131ya kalm\u0131yordu. \u015e\u00f6yle bir d\u00fc\u015f\u00fcnd\u00fckten sonra, \u201cG\u00fcven, d\u00fcr\u00fcstl\u00fck ve sadakat san\u0131r\u0131m,\u201d deyiverdi. \u201c\u0130\u015fte,\u201d dedim. \u201cbizim ili\u015fkimizde bunlar\u0131n \u00fc\u00e7\u00fc de daima vard\u0131.\u201d \u015ea\u015fk\u0131nl\u0131\u011f\u0131n\u0131 ve merak\u0131n\u0131 art\u0131k gizlemedi\u011fini sezdim. \u201cO beni terk etti \u00e7\u00fcnk\u00fc benden \u015f\u00fcphe duyarak bir a\u015fk\u0131 yava\u015f yava\u015f \u00f6ld\u00fcrmeyi istemedi. Onun yerine evlili\u011fimizi noktalad\u0131 ki bu ac\u0131 ile \u00f6zde\u015f dahi olsa, a\u015fk\u0131 diri tutacakt\u0131. Ben ona hi\u00e7 yalan s\u00f6ylemedim, e\u011fer ge\u00e7mi\u015finden gelen bu ac\u0131 s\u0131rr\u0131 ona anlatmadan kendimi aklamak i\u00e7in \u00e7\u0131rp\u0131n\u0131p dursayd\u0131m binlerce yalan s\u00f6yleyecektim ona, bunu yapmad\u0131m. \u00dc\u00e7\u00fcnc\u00fcs\u00fc, biz birbirimize hep sad\u0131k olduk. De\u011fil yata\u011f\u0131m\u0131za, kalbimizin k\u0131y\u0131s\u0131na bile bir ba\u015fkas\u0131 hi\u00e7 de\u011fmedi.\u201d <\/p>\n","protected":false},"excerpt":{"rendered":"<p>\u201cBen olsayd\u0131m ne yapard\u0131m?\u201d demekten kendinizi alamayacaks\u0131n\u0131z! Hi\u00e7bir \u015feyin g\u00f6r\u00fcnd\u00fc\u011f\u00fc gibi olmad\u0131\u011f\u0131n\u0131 bir kez daha anlatan, olay i\u00e7inde olaylar\u0131n ger\u00e7ekle\u015fti\u011fi, bitti art\u0131k buras\u0131 final dedi\u011finiz yerde<span class=\"excerpt-hellip\"> [\u2026]<\/span><\/p>\n","protected":false},"featured_media":0,"template":"","meta":{"_monsterinsights_skip_tracking":false,"_monsterinsights_sitenote_active":false,"_monsterinsights_sitenote_note":"","_monsterinsights_sitenote_category":0},"product_brand":[],"product_cat":[12291,12711],"product_tag":[],"class_list":{"0":"post-735585","1":"product","2":"type-product","3":"status-publish","5":"product_cat-edebiyat","6":"product_cat-roman-oyku","7":"pa_cilt-ciltsiz","8":"pa_tur-kitap","9":"pa_yayinevi-muptela-yayinevi","10":"pa_yazar-esra-kosu","12":"first","13":"instock","14":"sale","15":"shipping-taxable","16":"purchasable","17":"product-type-simple"},"_links":{"self":[{"href":"https:\/\/roveyayinevi.com.tr\/index.php\/wp-json\/wp\/v2\/product\/735585","targetHints":{"allow":["GET"]}}],"collection":[{"href":"https:\/\/roveyayinevi.com.tr\/index.php\/wp-json\/wp\/v2\/product"}],"about":[{"href":"https:\/\/roveyayinevi.com.tr\/index.php\/wp-json\/wp\/v2\/types\/product"}],"wp:attachment":[{"href":"https:\/\/roveyayinevi.com.tr\/index.php\/wp-json\/wp\/v2\/media?parent=735585"}],"wp:term":[{"taxonomy":"product_brand","embeddable":true,"href":"https:\/\/roveyayinevi.com.tr\/index.php\/wp-json\/wp\/v2\/product_brand?post=735585"},{"taxonomy":"product_cat","embeddable":true,"href":"https:\/\/roveyayinevi.com.tr\/index.php\/wp-json\/wp\/v2\/product_cat?post=735585"},{"taxonomy":"product_tag","embeddable":true,"href":"https:\/\/roveyayinevi.com.tr\/index.php\/wp-json\/wp\/v2\/product_tag?post=735585"}],"curies":[{"name":"wp","href":"https:\/\/api.w.org\/{rel}","templated":true}]}}