{"id":735582,"date":"2025-08-27T22:50:25","date_gmt":"2025-08-27T19:50:25","guid":{"rendered":"https:\/\/roveyayinevi.com.tr\/index.php\/urun\/cogu-zarar-azi-karar\/"},"modified":"2026-04-16T02:43:52","modified_gmt":"2026-04-15T23:43:52","slug":"cogu-zarar-azi-karar","status":"publish","type":"product","link":"https:\/\/roveyayinevi.com.tr\/index.php\/urun\/cogu-zarar-azi-karar\/","title":{"rendered":"\u00c7o\u011fu Zarar Az\u0131 Karar"},"content":{"rendered":"<p>\u0130nsan\u0131n bar\u0131nd\u0131rd\u0131\u011f\u0131 farkl\u0131 imk\u00e2nlar\u0131n \u00e7a\u011flar i\u00e7inde b\u00fcy\u00fck bir \u015fiddetle bast\u0131r\u0131lmas\u0131yla vard\u0131k bu \u00e7\u00f6k\u00fc\u015f \u00e2n\u0131na \u2014 kar\u015f\u0131 kar\u015f\u0131ya oldu\u011fumuz ekolojik krizi yaratan s\u0131n\u0131fs\u0131z, tahakk\u00fcms\u00fcz, ar\u0131 haliyle soyut insanl\u0131k de\u011fil.Bu \u00e7\u00f6k\u00fc\u015fte en b\u00fcy\u00fck sorumlulu\u011fu ta\u015f\u0131yan kesimler ise bedeli h\u00e2l\u00e2 en az sorumlulu\u011fu olanlara y\u0131kmaya \u00e7al\u0131\u015f\u0131yor. \u201cY\u00fcksek gelirli \u00fclkelerin a\u015f\u0131r\u0131 enerji ve malzeme kullan\u0131m\u0131n\u0131 azaltmas\u0131 gerekiyor, h\u0131zla yenilenebilir enerjiye ge\u00e7memiz gerekiyor, kesintisiz b\u00fcy\u00fcmedense insanlar\u0131n mutlulu\u011funa ve ekolojik kararl\u0131l\u0131\u011fa odaklanan bir post-kapitalist ekonomiye ge\u00e7memiz gerekiyor.Ama bundan fazlas\u0131na ihtiyac\u0131m\u0131z var, ya\u015fayan d\u00fcnyayla ili\u015fkimizi d\u00fc\u015f\u00fcnmenin yeni yollar\u0131n\u0131 bulmal\u0131y\u0131z,\u201d diyor Jason Hickel. \u201cK\u00fc\u00e7\u00fclme, kar\u015f\u0131m\u0131zdaki zorlu\u011fa yakla\u015fman\u0131n bir yolunu sa\u011fl\u0131yor. Topra\u011f\u0131n, halklar\u0131n, hatta zihinlerin s\u00f6m\u00fcr\u00fclmekten kurtar\u0131lmas\u0131 anlam\u0131na geliyor.\u0130nsanlar\u0131n \u015feyle\u015ftirilmemesi, i\u015fin ve ya\u015fam\u0131n gereksiz y\u00fcklerinden ar\u0131nd\u0131r\u0131lmas\u0131, ekolojik krizin dindirilmesi anlam\u0131na geliyor. K\u00fc\u00e7\u00fclme, daha az almakla ba\u015flayan bir s\u00fcre\u00e7.Ama sonunda \u00e7ok geni\u015f bir ihtimaller denizine a\u00e7\u0131l\u0131yor. Bizi k\u0131tl\u0131ktan bollu\u011fa, kaynak s\u00f6m\u00fcr\u00fcs\u00fcnden yenilenmeye, tahakk\u00fcmden m\u00fctekabiliyete, yaln\u0131zl\u0131ktan ve ayr\u0131lmadan ya\u015fam dolu bir d\u00fcnyayla ba\u011f kurmaya do\u011fru g\u00f6t\u00fcr\u00fcyor.Cesaretimizi toplayabilirsek farkl\u0131 bir gelecek yazmak ellerimizde. Ya her \u015feyi kaybedecek, ya bir d\u00fcnya kazanaca\u011f\u0131z.\u201d<\/p>\n","protected":false},"excerpt":{"rendered":"<p>\u0130nsan\u0131n bar\u0131nd\u0131rd\u0131\u011f\u0131 farkl\u0131 imk\u00e2nlar\u0131n \u00e7a\u011flar i\u00e7inde b\u00fcy\u00fck bir \u015fiddetle bast\u0131r\u0131lmas\u0131yla vard\u0131k bu \u00e7\u00f6k\u00fc\u015f \u00e2n\u0131na \u2014 kar\u015f\u0131 kar\u015f\u0131ya oldu\u011fumuz ekolojik krizi yaratan s\u0131n\u0131fs\u0131z, tahakk\u00fcms\u00fcz, ar\u0131 haliyle soyut<span class=\"excerpt-hellip\"> [\u2026]<\/span><\/p>\n","protected":false},"featured_media":0,"template":"","meta":{"_monsterinsights_skip_tracking":false,"_monsterinsights_sitenote_active":false,"_monsterinsights_sitenote_note":"","_monsterinsights_sitenote_category":0},"product_brand":[],"product_cat":[20333,13043],"product_tag":[],"class_list":{"0":"post-735582","1":"product","2":"type-product","3":"status-publish","5":"product_cat-diger-ekonomi","6":"product_cat-ekonomi","7":"pa_cilt-ciltsiz","8":"pa_tur-kitap","9":"pa_yayinevi-metis-yayinlari","10":"pa_yazar-jason-hickel","12":"first","13":"instock","14":"sale","15":"shipping-taxable","16":"purchasable","17":"product-type-simple"},"_links":{"self":[{"href":"https:\/\/roveyayinevi.com.tr\/index.php\/wp-json\/wp\/v2\/product\/735582","targetHints":{"allow":["GET"]}}],"collection":[{"href":"https:\/\/roveyayinevi.com.tr\/index.php\/wp-json\/wp\/v2\/product"}],"about":[{"href":"https:\/\/roveyayinevi.com.tr\/index.php\/wp-json\/wp\/v2\/types\/product"}],"wp:attachment":[{"href":"https:\/\/roveyayinevi.com.tr\/index.php\/wp-json\/wp\/v2\/media?parent=735582"}],"wp:term":[{"taxonomy":"product_brand","embeddable":true,"href":"https:\/\/roveyayinevi.com.tr\/index.php\/wp-json\/wp\/v2\/product_brand?post=735582"},{"taxonomy":"product_cat","embeddable":true,"href":"https:\/\/roveyayinevi.com.tr\/index.php\/wp-json\/wp\/v2\/product_cat?post=735582"},{"taxonomy":"product_tag","embeddable":true,"href":"https:\/\/roveyayinevi.com.tr\/index.php\/wp-json\/wp\/v2\/product_tag?post=735582"}],"curies":[{"name":"wp","href":"https:\/\/api.w.org\/{rel}","templated":true}]}}