{"id":735581,"date":"2025-08-27T22:50:24","date_gmt":"2025-08-27T19:50:24","guid":{"rendered":"https:\/\/roveyayinevi.com.tr\/index.php\/urun\/shaman-king-2-cilt-saman-kral\/"},"modified":"2026-04-16T02:43:52","modified_gmt":"2026-04-15T23:43:52","slug":"shaman-king-2-cilt-saman-kral","status":"publish","type":"product","link":"https:\/\/roveyayinevi.com.tr\/index.php\/urun\/shaman-king-2-cilt-saman-kral\/","title":{"rendered":"Shaman King 2. Cilt &#8211; \u015eaman Kral"},"content":{"rendered":"<p>500 y\u0131lda bir d\u00fczenlenen \u015eaman Turnuvas\u0131 i\u00e7in d\u00fcnyan\u0131n her taraf\u0131ndan se\u00e7ilip gelen en iyi \u015famanlar toplanmaya ba\u015flad\u0131lar. B\u00fcy\u00fck Ruh\u2019la birle\u015fmeyi ba\u015far\u0131p \u015eaman Kral olmaya hak kazanacak \u015faman\u0131n belirlenece\u011fi bu b\u00fcy\u00fck m\u00fcsabaka, bu kez Tokyo\u2019da ger\u00e7ekle\u015ftirilecek. Bu turnuvaya kat\u0131lacak olanlar\u0131n, \u015famanl\u0131k yetenekleriyle birlikte kendilerine ba\u011flad\u0131klar\u0131 ruhlar\u0131n yeteneklerini de en \u00fcst seviyede kullanmalar\u0131 gerekiyor. Di\u011fer taraftan hen\u00fcz bu turnuvadan haberi bile olmayan Yoh, Ren\u2019le giri\u015fti\u011fi d\u00f6v\u00fc\u015f\u00fcn ard\u0131ndan g\u00f6zlerini hastane yata\u011f\u0131nda a\u00e7ar. Fakat Yoh\u2019u orada t\u00fcm kaderini de\u011fi\u015ftirecek b\u00fcy\u00fck bir s\u00fcrpriz beklemektedir.Yazar ve \u00e7izer Hiroyuki Takei\u2019nin yaratt\u0131\u011f\u0131 Shaman King, heyecanl\u0131 ve bir an bile d\u00fc\u015fmeyen temposuyla sizi esir alacak bir macera!<\/p>\n","protected":false},"excerpt":{"rendered":"<p>500 y\u0131lda bir d\u00fczenlenen \u015eaman Turnuvas\u0131 i\u00e7in d\u00fcnyan\u0131n her taraf\u0131ndan se\u00e7ilip gelen en iyi \u015famanlar toplanmaya ba\u015flad\u0131lar. B\u00fcy\u00fck Ruh\u2019la birle\u015fmeyi ba\u015far\u0131p \u015eaman Kral olmaya hak kazanacak<span class=\"excerpt-hellip\"> [\u2026]<\/span><\/p>\n","protected":false},"featured_media":0,"template":"","meta":{"_monsterinsights_skip_tracking":false,"_monsterinsights_sitenote_active":false,"_monsterinsights_sitenote_note":"","_monsterinsights_sitenote_category":0},"product_brand":[],"product_cat":[12416,12291],"product_tag":[],"class_list":{"0":"post-735581","1":"product","2":"type-product","3":"status-publish","5":"product_cat-cizgi-roman","6":"product_cat-edebiyat","7":"pa_cilt-ciltsiz","8":"pa_tur-kitap","9":"pa_yayinevi-akil-celen-kitaplar","10":"pa_yazar-hiroyuki-takei","12":"first","13":"instock","14":"sale","15":"shipping-taxable","16":"purchasable","17":"product-type-simple"},"_links":{"self":[{"href":"https:\/\/roveyayinevi.com.tr\/index.php\/wp-json\/wp\/v2\/product\/735581","targetHints":{"allow":["GET"]}}],"collection":[{"href":"https:\/\/roveyayinevi.com.tr\/index.php\/wp-json\/wp\/v2\/product"}],"about":[{"href":"https:\/\/roveyayinevi.com.tr\/index.php\/wp-json\/wp\/v2\/types\/product"}],"wp:attachment":[{"href":"https:\/\/roveyayinevi.com.tr\/index.php\/wp-json\/wp\/v2\/media?parent=735581"}],"wp:term":[{"taxonomy":"product_brand","embeddable":true,"href":"https:\/\/roveyayinevi.com.tr\/index.php\/wp-json\/wp\/v2\/product_brand?post=735581"},{"taxonomy":"product_cat","embeddable":true,"href":"https:\/\/roveyayinevi.com.tr\/index.php\/wp-json\/wp\/v2\/product_cat?post=735581"},{"taxonomy":"product_tag","embeddable":true,"href":"https:\/\/roveyayinevi.com.tr\/index.php\/wp-json\/wp\/v2\/product_tag?post=735581"}],"curies":[{"name":"wp","href":"https:\/\/api.w.org\/{rel}","templated":true}]}}