{"id":735580,"date":"2025-08-27T22:50:23","date_gmt":"2025-08-27T19:50:23","guid":{"rendered":"https:\/\/roveyayinevi.com.tr\/index.php\/urun\/saglam-cocuklar-yetistirmek\/"},"modified":"2026-04-16T02:43:52","modified_gmt":"2026-04-15T23:43:52","slug":"saglam-cocuklar-yetistirmek","status":"publish","type":"product","link":"https:\/\/roveyayinevi.com.tr\/index.php\/urun\/saglam-cocuklar-yetistirmek\/","title":{"rendered":"Sa\u011flam \u00c7ocuklar Yeti\u015ftirmek"},"content":{"rendered":"<p>Kayg\u0131 \u00e7a\u011f\u0131nda ya\u015f\u0131yoruz. Hayat hepimiz i\u00e7in eskisinden daha zor. \u00c7ocuklar\u0131m\u0131z i\u00e7in daha da zor olacak. Peki onlar\u0131 hayata nas\u0131l haz\u0131rlayaca\u011f\u0131z? Duygusal olarak sa\u011fl\u0131kl\u0131, cesur ve ba\u011f\u0131ms\u0131z olmalar\u0131 i\u00e7in neler yapabiliriz? Hayat\u0131n k\u00f6t\u00fc s\u00fcrprizleriyle ve ka\u00e7\u0131n\u0131lmaz yenilgilerle nas\u0131l ba\u015f edecekler?   Du\u0308nyaca u\u0308nlu\u0308 psikiyatrist Dr. Harold S. Koplewicz Sa\u011flam \u00c7ocuklar Yeti\u015ftirmek\u2019te hayat\u0131n irili ufakl\u0131 tu\u0308rlu\u0308 zorluklar\u0131yla ba\u015fa \u00e7\u0131kabilen, sa\u011flam, kendi ayaklar\u0131 u\u0308stu\u0308nde durabilen \u00e7ocuklar yeti\u015ftirmek i\u00e7in stratejiler sunuyor, bilimsel ara\u015ft\u0131rma sonu\u00e7lar\u0131na dayanan \u0130skele Kuram\u0131&#8217;n\u0131 anlat\u0131yor, pratik uygulamalar, \u00f6rnek durumlar ve rehber ilkelerle \u00f6n\u00fcm\u00fcz\u00fc ayd\u0131nlat\u0131yor.   Bu stratejileri ne kadar erken \u00f6\u011frenirseniz ileride o kadar sa\u011flam, mutlu ve ba\u015far\u0131l\u0131 \u00e7ocuklar\u0131n\u0131z olacak.   &#8220;Ebeveynler \u00e7ocu\u011fa yap\u0131 ve destek sunan iskelelerdir. Korumak ve rehberlik etmek i\u00e7in vard\u0131rlar, \u00f6\u011frenmeyi ve risk almay\u0131 engellemezler.&#8221;<\/p>\n","protected":false},"excerpt":{"rendered":"<p>Kayg\u0131 \u00e7a\u011f\u0131nda ya\u015f\u0131yoruz. Hayat hepimiz i\u00e7in eskisinden daha zor. \u00c7ocuklar\u0131m\u0131z i\u00e7in daha da zor olacak. Peki onlar\u0131 hayata nas\u0131l haz\u0131rlayaca\u011f\u0131z? Duygusal olarak sa\u011fl\u0131kl\u0131, cesur ve ba\u011f\u0131ms\u0131z<span class=\"excerpt-hellip\"> [\u2026]<\/span><\/p>\n","protected":false},"featured_media":0,"template":"","meta":{"_monsterinsights_skip_tracking":false,"_monsterinsights_sitenote_active":false,"_monsterinsights_sitenote_note":"","_monsterinsights_sitenote_category":0},"product_brand":[],"product_cat":[12364,12376],"product_tag":[],"class_list":{"0":"post-735580","1":"product","2":"type-product","3":"status-publish","5":"product_cat-genel-konular","6":"product_cat-kisisel-gelisim","7":"pa_cilt-ciltsiz","8":"pa_tur-kitap","9":"pa_yayinevi-aganta","10":"pa_yazar-harold-s-koplewicz","12":"first","13":"instock","14":"sale","15":"shipping-taxable","16":"purchasable","17":"product-type-simple"},"_links":{"self":[{"href":"https:\/\/roveyayinevi.com.tr\/index.php\/wp-json\/wp\/v2\/product\/735580","targetHints":{"allow":["GET"]}}],"collection":[{"href":"https:\/\/roveyayinevi.com.tr\/index.php\/wp-json\/wp\/v2\/product"}],"about":[{"href":"https:\/\/roveyayinevi.com.tr\/index.php\/wp-json\/wp\/v2\/types\/product"}],"wp:attachment":[{"href":"https:\/\/roveyayinevi.com.tr\/index.php\/wp-json\/wp\/v2\/media?parent=735580"}],"wp:term":[{"taxonomy":"product_brand","embeddable":true,"href":"https:\/\/roveyayinevi.com.tr\/index.php\/wp-json\/wp\/v2\/product_brand?post=735580"},{"taxonomy":"product_cat","embeddable":true,"href":"https:\/\/roveyayinevi.com.tr\/index.php\/wp-json\/wp\/v2\/product_cat?post=735580"},{"taxonomy":"product_tag","embeddable":true,"href":"https:\/\/roveyayinevi.com.tr\/index.php\/wp-json\/wp\/v2\/product_tag?post=735580"}],"curies":[{"name":"wp","href":"https:\/\/api.w.org\/{rel}","templated":true}]}}