{"id":735578,"date":"2025-08-27T22:50:21","date_gmt":"2025-08-27T19:50:21","guid":{"rendered":"https:\/\/roveyayinevi.com.tr\/index.php\/urun\/turk-musikisi-temel-bilgiler\/"},"modified":"2026-04-16T02:43:52","modified_gmt":"2026-04-15T23:43:52","slug":"turk-musikisi-temel-bilgiler","status":"publish","type":"product","link":"https:\/\/roveyayinevi.com.tr\/index.php\/urun\/turk-musikisi-temel-bilgiler\/","title":{"rendered":"T\u00fcrk Musikisi Temel Bilgiler"},"content":{"rendered":"<p>Sanats\u0131z kalan bir milletin hayat damarlar\u0131ndan biri kopmu\u015f demektir. Hepiniz milletvekiliolabilirsiniz, bakan olabilirsiniz\u2026 Hatta cumhurba\u015fkan\u0131 olabilirsiniz. Fakat sanatk\u00e2r olamazs\u0131n\u0131z.Sanatk\u00e2r, toplumda uzun \u00e7aba ve \u00e7al\u0131\u015fmalardan sonra alan\u0131nda \u0131\u015f\u0131\u011f\u0131 ilk duyan insand\u0131r. Bir milletsanattan ve sanatk\u00e2rdan mahrumsa, tam bir hayata sahip olamaz. Bir milletin sanat yetene\u011fi,g\u00fczel sanatlara verdi\u011fi de\u011ferle \u00f6l\u00e7\u00fcl\u00fcr.<\/p>\n","protected":false},"excerpt":{"rendered":"<p>Sanats\u0131z kalan bir milletin hayat damarlar\u0131ndan biri kopmu\u015f demektir. Hepiniz milletvekiliolabilirsiniz, bakan olabilirsiniz\u2026 Hatta cumhurba\u015fkan\u0131 olabilirsiniz. Fakat sanatk\u00e2r olamazs\u0131n\u0131z.Sanatk\u00e2r, toplumda uzun \u00e7aba ve \u00e7al\u0131\u015fmalardan sonra alan\u0131nda<span class=\"excerpt-hellip\"> [\u2026]<\/span><\/p>\n","protected":false},"featured_media":0,"template":"","meta":{"_monsterinsights_skip_tracking":false,"_monsterinsights_sitenote_active":false,"_monsterinsights_sitenote_note":"","_monsterinsights_sitenote_category":0},"product_brand":[],"product_cat":[14591,14556],"product_tag":[],"class_list":{"0":"post-735578","1":"product","2":"type-product","3":"status-publish","5":"product_cat-genel-kavramlar-kuram-ve-tarihce","6":"product_cat-muzik","7":"pa_cilt-ciltsiz","8":"pa_tur-kitap","9":"pa_yayinevi-imbik-yayinlari","10":"pa_yazar-bedri-aybars","12":"first","13":"instock","14":"sale","15":"shipping-taxable","16":"purchasable","17":"product-type-simple"},"_links":{"self":[{"href":"https:\/\/roveyayinevi.com.tr\/index.php\/wp-json\/wp\/v2\/product\/735578","targetHints":{"allow":["GET"]}}],"collection":[{"href":"https:\/\/roveyayinevi.com.tr\/index.php\/wp-json\/wp\/v2\/product"}],"about":[{"href":"https:\/\/roveyayinevi.com.tr\/index.php\/wp-json\/wp\/v2\/types\/product"}],"wp:attachment":[{"href":"https:\/\/roveyayinevi.com.tr\/index.php\/wp-json\/wp\/v2\/media?parent=735578"}],"wp:term":[{"taxonomy":"product_brand","embeddable":true,"href":"https:\/\/roveyayinevi.com.tr\/index.php\/wp-json\/wp\/v2\/product_brand?post=735578"},{"taxonomy":"product_cat","embeddable":true,"href":"https:\/\/roveyayinevi.com.tr\/index.php\/wp-json\/wp\/v2\/product_cat?post=735578"},{"taxonomy":"product_tag","embeddable":true,"href":"https:\/\/roveyayinevi.com.tr\/index.php\/wp-json\/wp\/v2\/product_tag?post=735578"}],"curies":[{"name":"wp","href":"https:\/\/api.w.org\/{rel}","templated":true}]}}