{"id":735577,"date":"2025-08-27T22:50:20","date_gmt":"2025-08-27T19:50:20","guid":{"rendered":"https:\/\/roveyayinevi.com.tr\/index.php\/urun\/suskun-kadin\/"},"modified":"2026-04-16T02:43:52","modified_gmt":"2026-04-15T23:43:52","slug":"suskun-kadin","status":"publish","type":"product","link":"https:\/\/roveyayinevi.com.tr\/index.php\/urun\/suskun-kadin\/","title":{"rendered":"Suskun Kad\u0131n"},"content":{"rendered":"<p>\u00c7ok konu\u015ftum Dinleyenim olmad\u0131 Anlayan\u0131m hi\u00e7 olmad\u0131 \u015eimdi anlatma s\u0131ras\u0131 sende \u00c7ok dinleyece\u011fim, Sen anlat, ben Sustum, kad\u0131n. <\/p>\n","protected":false},"excerpt":{"rendered":"<p>\u00c7ok konu\u015ftum Dinleyenim olmad\u0131 Anlayan\u0131m hi\u00e7 olmad\u0131 \u015eimdi anlatma s\u0131ras\u0131 sende \u00c7ok dinleyece\u011fim, Sen anlat, ben Sustum, kad\u0131n.<\/p>\n","protected":false},"featured_media":0,"template":"","meta":{"_monsterinsights_skip_tracking":false,"_monsterinsights_sitenote_active":false,"_monsterinsights_sitenote_note":"","_monsterinsights_sitenote_category":0},"product_brand":[],"product_cat":[12291,12509],"product_tag":[],"class_list":{"0":"post-735577","1":"product","2":"type-product","3":"status-publish","5":"product_cat-edebiyat","6":"product_cat-siir","7":"pa_cilt-ciltsiz","8":"pa_tur-kitap","9":"pa_yayinevi-luna-yayinlari","10":"pa_yazar-nurullah-samet-yilmaz","12":"first","13":"instock","14":"sale","15":"shipping-taxable","16":"purchasable","17":"product-type-simple"},"_links":{"self":[{"href":"https:\/\/roveyayinevi.com.tr\/index.php\/wp-json\/wp\/v2\/product\/735577","targetHints":{"allow":["GET"]}}],"collection":[{"href":"https:\/\/roveyayinevi.com.tr\/index.php\/wp-json\/wp\/v2\/product"}],"about":[{"href":"https:\/\/roveyayinevi.com.tr\/index.php\/wp-json\/wp\/v2\/types\/product"}],"wp:attachment":[{"href":"https:\/\/roveyayinevi.com.tr\/index.php\/wp-json\/wp\/v2\/media?parent=735577"}],"wp:term":[{"taxonomy":"product_brand","embeddable":true,"href":"https:\/\/roveyayinevi.com.tr\/index.php\/wp-json\/wp\/v2\/product_brand?post=735577"},{"taxonomy":"product_cat","embeddable":true,"href":"https:\/\/roveyayinevi.com.tr\/index.php\/wp-json\/wp\/v2\/product_cat?post=735577"},{"taxonomy":"product_tag","embeddable":true,"href":"https:\/\/roveyayinevi.com.tr\/index.php\/wp-json\/wp\/v2\/product_tag?post=735577"}],"curies":[{"name":"wp","href":"https:\/\/api.w.org\/{rel}","templated":true}]}}