{"id":735576,"date":"2025-08-27T22:50:18","date_gmt":"2025-08-27T19:50:18","guid":{"rendered":"https:\/\/roveyayinevi.com.tr\/index.php\/urun\/gonul-kanatlarimin-kalemi\/"},"modified":"2026-04-16T02:43:52","modified_gmt":"2026-04-15T23:43:52","slug":"gonul-kanatlarimin-kalemi","status":"publish","type":"product","link":"https:\/\/roveyayinevi.com.tr\/index.php\/urun\/gonul-kanatlarimin-kalemi\/","title":{"rendered":"G\u00f6n\u00fcl Kanatlar\u0131m\u0131n Kalemi"},"content":{"rendered":"<p>Me\u011fer g\u00f6nl\u00fcm bir ku\u015f, tenim kafes, kalemimse ku\u015fun kanatlar\u0131ym\u0131\u015f\u2026 Ne zaman kalem yazsa, ku\u015f kanat \u00e7\u0131rpar, kafesi a\u015farm\u0131\u015f\u2026 G\u00f6nl\u00fcm\u00fcn kanatlar\u0131ndan d\u00f6k\u00fclenler, kaleme m\u00fcrekkep olup, k\u00e2\u011f\u0131da d\u00fc\u015fermi\u015f\u2026 G\u00f6n\u00fcl kanatlar\u0131m\u0131n kalemi a\u015fka geldiyse e\u011fer, g\u00fcne\u015f vecde, gece \u015fevke gelirmi\u015f\u2026G\u00f6nl\u00fcm berrak Kanatlar\u0131m parlak Kalemim \u00e7a\u011flayan bir \u0131rmak Ne g\u00fczel \u015fey yazmak Anlamak Anlatmak Co\u015fkun sular gibi \u00e7a\u011flamak Payla\u015ft\u0131k\u00e7a g\u00fczel ya\u015famak\u2026   \u015eimdi kalbimden k\u00e2\u011f\u0131da d\u00f6k\u00fclenler, bir kitap sat\u0131rlar\u0131nda ula\u015f\u0131yorsa ba\u015fka g\u00f6n\u00fcllere, G\u00f6n\u00fcl ku\u015fum, kendine yolda\u015f bulmu\u015f demektir\u2026 Y\u00fcre\u011fini delip, kanatlar\u0131ndaki kaleme m\u00fcrekkep diye ak\u0131tm\u0131\u015f demektir\u2026 <\/p>\n","protected":false},"excerpt":{"rendered":"<p>Me\u011fer g\u00f6nl\u00fcm bir ku\u015f, tenim kafes, kalemimse ku\u015fun kanatlar\u0131ym\u0131\u015f\u2026 Ne zaman kalem yazsa, ku\u015f kanat \u00e7\u0131rpar, kafesi a\u015farm\u0131\u015f\u2026 G\u00f6nl\u00fcm\u00fcn kanatlar\u0131ndan d\u00f6k\u00fclenler, kaleme m\u00fcrekkep olup, k\u00e2\u011f\u0131da d\u00fc\u015fermi\u015f\u2026<span class=\"excerpt-hellip\"> [\u2026]<\/span><\/p>\n","protected":false},"featured_media":0,"template":"","meta":{"_monsterinsights_skip_tracking":false,"_monsterinsights_sitenote_active":false,"_monsterinsights_sitenote_note":"","_monsterinsights_sitenote_category":0},"product_brand":[],"product_cat":[12777,12291],"product_tag":[],"class_list":{"0":"post-735576","1":"product","2":"type-product","3":"status-publish","5":"product_cat-deneme","6":"product_cat-edebiyat","7":"pa_cilt-ciltsiz","8":"pa_tur-kitap","9":"pa_yayinevi-luna-yayinlari","10":"pa_yazar-sule-anil-sonkaya","12":"first","13":"instock","14":"sale","15":"shipping-taxable","16":"purchasable","17":"product-type-simple"},"_links":{"self":[{"href":"https:\/\/roveyayinevi.com.tr\/index.php\/wp-json\/wp\/v2\/product\/735576","targetHints":{"allow":["GET"]}}],"collection":[{"href":"https:\/\/roveyayinevi.com.tr\/index.php\/wp-json\/wp\/v2\/product"}],"about":[{"href":"https:\/\/roveyayinevi.com.tr\/index.php\/wp-json\/wp\/v2\/types\/product"}],"wp:attachment":[{"href":"https:\/\/roveyayinevi.com.tr\/index.php\/wp-json\/wp\/v2\/media?parent=735576"}],"wp:term":[{"taxonomy":"product_brand","embeddable":true,"href":"https:\/\/roveyayinevi.com.tr\/index.php\/wp-json\/wp\/v2\/product_brand?post=735576"},{"taxonomy":"product_cat","embeddable":true,"href":"https:\/\/roveyayinevi.com.tr\/index.php\/wp-json\/wp\/v2\/product_cat?post=735576"},{"taxonomy":"product_tag","embeddable":true,"href":"https:\/\/roveyayinevi.com.tr\/index.php\/wp-json\/wp\/v2\/product_tag?post=735576"}],"curies":[{"name":"wp","href":"https:\/\/api.w.org\/{rel}","templated":true}]}}