{"id":735574,"date":"2025-08-27T22:50:17","date_gmt":"2025-08-27T19:50:17","guid":{"rendered":"https:\/\/roveyayinevi.com.tr\/index.php\/urun\/iran-edebiyati-ciltli\/"},"modified":"2026-04-16T02:43:52","modified_gmt":"2026-04-15T23:43:52","slug":"iran-edebiyati-ciltli","status":"publish","type":"product","link":"https:\/\/roveyayinevi.com.tr\/index.php\/urun\/iran-edebiyati-ciltli\/","title":{"rendered":"\u0130ran Edebiyat\u0131 (Ciltli)"},"content":{"rendered":"<p>\u0130sl\u00e2miyet, VII. y\u00fczy\u0131l ortalar\u0131nda \u0130ranl\u0131lar taraf\u0131ndan kabul edildikten sonra \u0130ran topraklar\u0131nda h\u0131zla yay\u0131ld\u0131; ger\u00e7ek bilginlerini ve destek\u00e7ilerini de bu topraklarda buldu. Ayn\u0131 d\u00f6nemlerde yerel edebiyatlar do\u011fal geli\u015fimlerini s\u00fcrd\u00fcr\u00fcrken, yerel leh\u00e7eler de Arap\u00e7an\u0131n yo\u011fun etkisinde k\u00f6kl\u00fc bir de\u011fi\u015fime u\u011frad\u0131. Bu leh\u00e7eler aras\u0131nda h\u0131zla geli\u015ferek alabildi\u011fine yayg\u0131n bir edebiyat\u0131n dili olmay\u0131 ba\u015faran, ba\u011f\u0131ms\u0131z bir dil halini alan \u201cF\u00e2rs\u00ee-yi Der\u00ee: Yeni Fars\u00e7a\u201d g\u00fcn\u00fcm\u00fcze kadar \u0130ran&#8217;\u0131n resmi, siyasi ve edeb\u00ee dili olarak varl\u0131\u011f\u0131n\u0131 s\u00fcrd\u00fcrd\u00fc. VIII. y\u00fczy\u0131l\u0131n sonlar\u0131na do\u011fru ba\u015flayan ve her ge\u00e7en g\u00fcn etkisini art\u0131ran birtak\u0131m siyasal, askeri ve edebi geli\u015fmelerin de deste\u011fiyle \u00f6zellikle do\u011fu \u0130ran\u2019da Arap\u00e7an\u0131n n\u00fcfuzu azalmaya; ulusal dil \u201cYeni Fars\u00e7a\u201dn\u0131n y\u0131ld\u0131z\u0131 parlamaya ba\u015flad\u0131. Araplardan \u00fclkelerinin \u00f6nemli b\u00f6l\u00fcm\u00fcn\u00fc geri alan ve kendi y\u00f6netimlerini olu\u015fturan Saffari ve Samani hanedanlar\u0131 Fars\u00e7a s\u00f6yleyen \u015fairleri te\u015fvik ettiler. Fars edebiyat\u0131n\u0131n alabildi\u011fine h\u0131zla geli\u015fim ve y\u00fckseli\u015f s\u00fcrecine girdi\u011fi bu d\u00f6nemde, Yeni Fars \u015fiirinin \u00f6nc\u00fcleri, ya\u015fad\u0131klar\u0131 \u00e7a\u011fa damga vuran b\u00fcy\u00fck s\u00f6z ustalar\u0131 ortaya \u00e7\u0131kt\u0131. Abb\u00e2s-i Mervez\u00ee, Hanzala-yi Bad\u011fis\u00ee, \u015eeh\u00eed-i Belh\u00ee, R\u00fbdek\u00ee-yi Semerkand\u00ee, Eb\u00fb \u015eek\u00fbr-i Belh\u00ee, Dakik\u00ee-yi Tus\u00ee, Monc\u00eek-i Tirmiz\u00ee, Kisa\u00ee-yi Mervez\u00ee\u2026 bu d\u00f6nemlerin \u00f6nde gelen \u015fairlerinden sadece birka\u00e7\u0131d\u0131r.  \u0130slam sonras\u0131 ilk \u00fc\u00e7 y\u00fczy\u0131l\u0131n edebi geli\u015fmelerine yer veren \u0130ran Edebiyat\u0131  (\u0130sl\u00e2miyetten Gaznenilere) Arap egemenli\u011fi alt\u0131ndaki \u0130ran Edebiyat\u0131, Tahiriler, Saffariler ve Samaniler d\u00f6nemi edebiyatlar\u0131n\u0131 konu almakta, Yeni Fars\u00e7an\u0131n egemen oldu\u011fu co\u011frafyalarda Fars Edebiyat\u0131n\u0131n izlerini s\u00fcrmektedir. <\/p>\n","protected":false},"excerpt":{"rendered":"<p>\u0130sl\u00e2miyet, VII. y\u00fczy\u0131l ortalar\u0131nda \u0130ranl\u0131lar taraf\u0131ndan kabul edildikten sonra \u0130ran topraklar\u0131nda h\u0131zla yay\u0131ld\u0131; ger\u00e7ek bilginlerini ve destek\u00e7ilerini de bu topraklarda buldu. Ayn\u0131 d\u00f6nemlerde yerel edebiyatlar do\u011fal<span class=\"excerpt-hellip\"> [\u2026]<\/span><\/p>\n","protected":false},"featured_media":0,"template":"","meta":{"_monsterinsights_skip_tracking":false,"_monsterinsights_sitenote_active":false,"_monsterinsights_sitenote_note":"","_monsterinsights_sitenote_category":0},"product_brand":[],"product_cat":[12370,12304],"product_tag":[],"class_list":{"0":"post-735574","1":"product","2":"type-product","3":"status-publish","5":"product_cat-arastirma-inceleme","6":"product_cat-tarih","7":"pa_cilt-ciltli","8":"pa_tur-kitap","9":"pa_yayinevi-pinhan-yayincilik","10":"pa_yazar-nimet-yildirim","12":"first","13":"instock","14":"sale","15":"shipping-taxable","16":"purchasable","17":"product-type-simple"},"_links":{"self":[{"href":"https:\/\/roveyayinevi.com.tr\/index.php\/wp-json\/wp\/v2\/product\/735574","targetHints":{"allow":["GET"]}}],"collection":[{"href":"https:\/\/roveyayinevi.com.tr\/index.php\/wp-json\/wp\/v2\/product"}],"about":[{"href":"https:\/\/roveyayinevi.com.tr\/index.php\/wp-json\/wp\/v2\/types\/product"}],"wp:attachment":[{"href":"https:\/\/roveyayinevi.com.tr\/index.php\/wp-json\/wp\/v2\/media?parent=735574"}],"wp:term":[{"taxonomy":"product_brand","embeddable":true,"href":"https:\/\/roveyayinevi.com.tr\/index.php\/wp-json\/wp\/v2\/product_brand?post=735574"},{"taxonomy":"product_cat","embeddable":true,"href":"https:\/\/roveyayinevi.com.tr\/index.php\/wp-json\/wp\/v2\/product_cat?post=735574"},{"taxonomy":"product_tag","embeddable":true,"href":"https:\/\/roveyayinevi.com.tr\/index.php\/wp-json\/wp\/v2\/product_tag?post=735574"}],"curies":[{"name":"wp","href":"https:\/\/api.w.org\/{rel}","templated":true}]}}