{"id":735573,"date":"2025-08-27T22:50:16","date_gmt":"2025-08-27T19:50:16","guid":{"rendered":"https:\/\/roveyayinevi.com.tr\/index.php\/urun\/sanskrit-turkce-sozluk\/"},"modified":"2026-04-16T02:43:52","modified_gmt":"2026-04-15T23:43:52","slug":"sanskrit-turkce-sozluk","status":"publish","type":"product","link":"https:\/\/roveyayinevi.com.tr\/index.php\/urun\/sanskrit-turkce-sozluk\/","title":{"rendered":"Sanskrit &#8211; T\u00fcrk\u00e7e S\u00f6zl\u00fck"},"content":{"rendered":"<p>On sekizinci y\u00fczy\u0131l\u0131n sonlar\u0131na do\u011fru Avrupal\u0131 bilim adamlar\u0131n\u0131n Sanskrit dilini ke\u015ffetmesi hem kar\u015f\u0131la\u015ft\u0131rmal\u0131 dilbilim \u00e7al\u0131\u015fmalar\u0131n\u0131 ba\u015flatm\u0131\u015f hem de dilbilimin geli\u015fmesine b\u00fcy\u00fck katk\u0131 sa\u011flam\u0131\u015ft\u0131r. Ait oldu\u011fu dil grubunun \u201cHint-Avrupa\u201d olarak adland\u0131r\u0131lmas\u0131na neden olan bu dil, Avrupa dillerinin bir\u00e7o\u011fuyla akraba olmas\u0131n\u0131n yan\u0131 s\u0131ra, Hitit\u00e7e, Latince, Grek\u00e7e ve Pers\u00e7e gibi eski dillerle de akrabad\u0131r. Eskili\u011fine oranla \u00e7ok geli\u015fmi\u015f bir yap\u0131 g\u00f6stermesi ve \u00e7ok geni\u015f bir edebiyat\u0131n\u0131n olmas\u0131, bu dili gelmi\u015f ge\u00e7mi\u015f diller aras\u0131nda \u00e7ok ayr\u0131cal\u0131kl\u0131 bir yere koymaktad\u0131r. <\/p>\n","protected":false},"excerpt":{"rendered":"<p>On sekizinci y\u00fczy\u0131l\u0131n sonlar\u0131na do\u011fru Avrupal\u0131 bilim adamlar\u0131n\u0131n Sanskrit dilini ke\u015ffetmesi hem kar\u015f\u0131la\u015ft\u0131rmal\u0131 dilbilim \u00e7al\u0131\u015fmalar\u0131n\u0131 ba\u015flatm\u0131\u015f hem de dilbilimin geli\u015fmesine b\u00fcy\u00fck katk\u0131 sa\u011flam\u0131\u015ft\u0131r. Ait oldu\u011fu dil<span class=\"excerpt-hellip\"> [\u2026]<\/span><\/p>\n","protected":false},"featured_media":0,"template":"","meta":{"_monsterinsights_skip_tracking":false,"_monsterinsights_sitenote_active":false,"_monsterinsights_sitenote_note":"","_monsterinsights_sitenote_category":0},"product_brand":[],"product_cat":[12566,13611],"product_tag":[],"class_list":{"0":"post-735573","1":"product","2":"type-product","3":"status-publish","5":"product_cat-egitim","6":"product_cat-sozlukler-ve-konusma-kilavuzlari","7":"pa_cilt-ciltsiz","8":"pa_tur-kitap","9":"pa_yayinevi-pinhan-yayincilik","10":"pa_yazar-korhan-kaya","12":"first","13":"instock","14":"sale","15":"shipping-taxable","16":"purchasable","17":"product-type-simple"},"_links":{"self":[{"href":"https:\/\/roveyayinevi.com.tr\/index.php\/wp-json\/wp\/v2\/product\/735573","targetHints":{"allow":["GET"]}}],"collection":[{"href":"https:\/\/roveyayinevi.com.tr\/index.php\/wp-json\/wp\/v2\/product"}],"about":[{"href":"https:\/\/roveyayinevi.com.tr\/index.php\/wp-json\/wp\/v2\/types\/product"}],"wp:attachment":[{"href":"https:\/\/roveyayinevi.com.tr\/index.php\/wp-json\/wp\/v2\/media?parent=735573"}],"wp:term":[{"taxonomy":"product_brand","embeddable":true,"href":"https:\/\/roveyayinevi.com.tr\/index.php\/wp-json\/wp\/v2\/product_brand?post=735573"},{"taxonomy":"product_cat","embeddable":true,"href":"https:\/\/roveyayinevi.com.tr\/index.php\/wp-json\/wp\/v2\/product_cat?post=735573"},{"taxonomy":"product_tag","embeddable":true,"href":"https:\/\/roveyayinevi.com.tr\/index.php\/wp-json\/wp\/v2\/product_tag?post=735573"}],"curies":[{"name":"wp","href":"https:\/\/api.w.org\/{rel}","templated":true}]}}