{"id":735571,"date":"2025-08-27T22:50:15","date_gmt":"2025-08-27T19:50:15","guid":{"rendered":"https:\/\/roveyayinevi.com.tr\/index.php\/urun\/oscar-wildedan-hayat-dersleri\/"},"modified":"2026-04-16T02:43:52","modified_gmt":"2026-04-15T23:43:52","slug":"oscar-wildedan-hayat-dersleri","status":"publish","type":"product","link":"https:\/\/roveyayinevi.com.tr\/index.php\/urun\/oscar-wildedan-hayat-dersleri\/","title":{"rendered":"Oscar Wilde&#8217;dan Hayat Dersleri"},"content":{"rendered":"<p>Sahici A\u015fk S\u00fck\u00fbnet \u0130\u00e7indedir     Bu kitab\u0131n sayfalar\u0131nda \u201cSanat sanat i\u00e7indir.\u201d Anlay\u0131\u015f\u0131n\u0131 benimsemi\u015f, parlak ve renkli \u00fcslubuyla kaleme ald\u0131\u011f\u0131 roman, hik\u00e2ye, \u015fiir ve oyunlar\u0131yla edebiyat d\u00fcnyas\u0131nda derin bir iz b\u0131rakan \u0130rlandal\u0131 kurgu \u00fcstad\u0131 Oscar Wilde\u2019\u0131n s\u0131ra d\u0131\u015f\u0131 ya\u015fam \u00f6yk\u00fcs\u00fcn\u00fc ve eserlerindeki en \u00e7arp\u0131c\u0131 kesitleri bulacaks\u0131n\u0131z.   * Att\u0131\u011f\u0131 yalan\u0131 desteklemek i\u00e7in bir de kan\u0131t sunacak denli hayal g\u00fcc\u00fcnden yoksun birisi, laf\u0131 hi\u00e7 uzatmadan do\u011fruyu s\u00f6ylese daha iyidir.   * Kad\u0131n i\u00e7in utan\u00e7 kayna\u011f\u0131 olan\u0131 erkek i\u00e7in de al\u00e7akl\u0131k addedene kadar asla adil olamayacaks\u0131n\u0131z.   * Nice felaket vard\u0131r ki ilkten \u00f6yle g\u00f6r\u00fcnse bile, Tanr\u0131\u2019n\u0131n gizliden l\u00fctfudur bize.   * Ya\u015famak d\u00fcnyada en ender bulunan \u015feydir. \u00c7o\u011fu insan \u201cvard\u0131r\u201d, i\u015fte o kadar.   * Bir dostun \u00e7ekti\u011fi ac\u0131lara herkes \u00fcz\u00fclebilir ama bir dostun ba\u015far\u0131s\u0131na sevinmek \u00e7ok soylu bir ki\u015filik yap\u0131s\u0131 gerektirir.   * Orta ya\u015fl\u0131lar hayata ipoteklidir. Ya\u015fl\u0131lar hayat\u0131n tavan aras\u0131ndad\u0131r. Ama gen\u00e7ler hayat\u0131n efendisidir. Gen\u00e7li\u011fi bekleyen bir krall\u0131k vard\u0131r.   * Sanat o ince se\u00e7ici ruhu ve tercihlerinde kulland\u0131\u011f\u0131 o zarif sezgisi ile hayat\u0131 bizim i\u00e7in safla\u015ft\u0131r\u0131p ona anl\u0131k bir m\u00fckemmellik vermeseydi hepimiz bu d\u00fcnyadan s\u0131k\u0131l\u0131rd\u0131k. <\/p>\n","protected":false},"excerpt":{"rendered":"<p>Sahici A\u015fk S\u00fck\u00fbnet \u0130\u00e7indedir Bu kitab\u0131n sayfalar\u0131nda \u201cSanat sanat i\u00e7indir.\u201d Anlay\u0131\u015f\u0131n\u0131 benimsemi\u015f, parlak ve renkli \u00fcslubuyla kaleme ald\u0131\u011f\u0131 roman, hik\u00e2ye, \u015fiir ve oyunlar\u0131yla edebiyat d\u00fcnyas\u0131nda derin<span class=\"excerpt-hellip\"> [\u2026]<\/span><\/p>\n","protected":false},"featured_media":0,"template":"","meta":{"_monsterinsights_skip_tracking":false,"_monsterinsights_sitenote_active":false,"_monsterinsights_sitenote_note":"","_monsterinsights_sitenote_category":0},"product_brand":[],"product_cat":[12364,12376],"product_tag":[],"class_list":{"0":"post-735571","1":"product","2":"type-product","3":"status-publish","5":"product_cat-genel-konular","6":"product_cat-kisisel-gelisim","7":"pa_cilt-ciltsiz","8":"pa_tur-kitap","9":"pa_yayinevi-hayykitap","10":"pa_yazar-ozgun-ozan-karadag","12":"first","13":"instock","14":"sale","15":"shipping-taxable","16":"purchasable","17":"product-type-simple"},"_links":{"self":[{"href":"https:\/\/roveyayinevi.com.tr\/index.php\/wp-json\/wp\/v2\/product\/735571","targetHints":{"allow":["GET"]}}],"collection":[{"href":"https:\/\/roveyayinevi.com.tr\/index.php\/wp-json\/wp\/v2\/product"}],"about":[{"href":"https:\/\/roveyayinevi.com.tr\/index.php\/wp-json\/wp\/v2\/types\/product"}],"wp:attachment":[{"href":"https:\/\/roveyayinevi.com.tr\/index.php\/wp-json\/wp\/v2\/media?parent=735571"}],"wp:term":[{"taxonomy":"product_brand","embeddable":true,"href":"https:\/\/roveyayinevi.com.tr\/index.php\/wp-json\/wp\/v2\/product_brand?post=735571"},{"taxonomy":"product_cat","embeddable":true,"href":"https:\/\/roveyayinevi.com.tr\/index.php\/wp-json\/wp\/v2\/product_cat?post=735571"},{"taxonomy":"product_tag","embeddable":true,"href":"https:\/\/roveyayinevi.com.tr\/index.php\/wp-json\/wp\/v2\/product_tag?post=735571"}],"curies":[{"name":"wp","href":"https:\/\/api.w.org\/{rel}","templated":true}]}}