{"id":735570,"date":"2025-08-27T22:50:14","date_gmt":"2025-08-27T19:50:14","guid":{"rendered":"https:\/\/roveyayinevi.com.tr\/index.php\/urun\/orwellden-hayat-dersleri\/"},"modified":"2026-04-16T02:43:52","modified_gmt":"2026-04-15T23:43:52","slug":"orwellden-hayat-dersleri","status":"publish","type":"product","link":"https:\/\/roveyayinevi.com.tr\/index.php\/urun\/orwellden-hayat-dersleri\/","title":{"rendered":"Orwell&#8217;den Hayat Dersleri"},"content":{"rendered":"<p>Batan Bir Gemideyseniz Batan Gemileri D\u00fc\u015f\u00fcn\u00fcrs\u00fcn\u00fcz   Bin Dokuz Y\u00fcz Seksen D\u00f6rt, Hayvan \u00c7iftli\u011fi gibi romanlar\u0131 ve denemeleriyle 20. y\u00fczy\u0131l\u0131n yaz\u0131n d\u00fcnyas\u0131na damgas\u0131n\u0131 vuran George Orwell\u2019in zorlu ya\u015fam \u00f6yk\u00fcs\u00fc ve eserlerindeki en \u00e7arp\u0131c\u0131 kesitleri bir arada g\u00f6rmek isteyenler, usta kalemin s\u0131ra d\u0131\u015f\u0131 d\u00fcnyas\u0131na bu kitab\u0131n kap\u0131s\u0131ndan girebilirler.   * Mizah olsa olsa erdeme kar\u015f\u0131 ge\u00e7ici bir ba\u015fkald\u0131r\u0131d\u0131r ve amac\u0131 insan\u0131 a\u015fa\u011f\u0131lamak de\u011fil, zaten a\u015fa\u011f\u0131lanm\u0131\u015f oldu\u011funu ona hat\u0131rlatmakt\u0131r.   * Irk\u00e7\u0131l\u0131k bamba\u015fka bir \u015feydir. Fethedilmi\u015f uluslar\u0131n de\u011fil, fetheden uluslar\u0131n bulu\u015fudur. S\u00f6m\u00fcr\u00fclenlerin insan olmad\u0131\u011f\u0131n\u0131 varsayarak s\u00f6m\u00fcr\u00fcy\u00fc normalde uygulanabilece\u011fi s\u0131n\u0131r\u0131n \u00f6tesine ta\u015f\u0131man\u0131n bir yoludur.   * \u0130nsano\u011flu yap\u0131p denize att\u0131\u011f\u0131 iyilikleri, garip yerlerde tekrar kar\u015f\u0131s\u0131nda bulabiliyor.   * Yaln\u0131zca sizinkinden farkl\u0131 bir k\u00fclt\u00fcre sahip bir insanla kar\u015f\u0131la\u015ft\u0131\u011f\u0131n\u0131z zaman, kendi inan\u00e7lar\u0131n\u0131z\u0131n esasen ne oldu\u011funun fark\u0131na varmaya ba\u015flayabilirsiniz.   * \u0130ntikam, g\u00fc\u00e7s\u00fcz oldu\u011funuzda ve g\u00fc\u00e7s\u00fcz oldu\u011funuz i\u00e7in kalk\u0131\u015fmak istedi\u011finiz bir eylemdir; acizlik hissi ge\u00e7er ge\u00e7mez intikam arzusu da onunla birlikte buharla\u015f\u0131r.   * Geliriniz belli bir seviyenin alt\u0131na d\u00fc\u015fer d\u00fc\u015fmez insanlar\u0131n kendilerinde size vaaz verme ya da sizin ad\u0131n\u0131za dua etme hakk\u0131n\u0131 bulmalar\u0131 \u00e7ok ilgin\u00e7. <\/p>\n","protected":false},"excerpt":{"rendered":"<p>Batan Bir Gemideyseniz Batan Gemileri D\u00fc\u015f\u00fcn\u00fcrs\u00fcn\u00fcz Bin Dokuz Y\u00fcz Seksen D\u00f6rt, Hayvan \u00c7iftli\u011fi gibi romanlar\u0131 ve denemeleriyle 20. y\u00fczy\u0131l\u0131n yaz\u0131n d\u00fcnyas\u0131na damgas\u0131n\u0131 vuran George Orwell\u2019in zorlu<span class=\"excerpt-hellip\"> [\u2026]<\/span><\/p>\n","protected":false},"featured_media":0,"template":"","meta":{"_monsterinsights_skip_tracking":false,"_monsterinsights_sitenote_active":false,"_monsterinsights_sitenote_note":"","_monsterinsights_sitenote_category":0},"product_brand":[],"product_cat":[12364,12376],"product_tag":[],"class_list":{"0":"post-735570","1":"product","2":"type-product","3":"status-publish","5":"product_cat-genel-konular","6":"product_cat-kisisel-gelisim","7":"pa_cilt-ciltsiz","8":"pa_tur-kitap","9":"pa_yayinevi-hayykitap","10":"pa_yazar-ozgun-ozan-karadag","12":"first","13":"instock","14":"sale","15":"shipping-taxable","16":"purchasable","17":"product-type-simple"},"_links":{"self":[{"href":"https:\/\/roveyayinevi.com.tr\/index.php\/wp-json\/wp\/v2\/product\/735570","targetHints":{"allow":["GET"]}}],"collection":[{"href":"https:\/\/roveyayinevi.com.tr\/index.php\/wp-json\/wp\/v2\/product"}],"about":[{"href":"https:\/\/roveyayinevi.com.tr\/index.php\/wp-json\/wp\/v2\/types\/product"}],"wp:attachment":[{"href":"https:\/\/roveyayinevi.com.tr\/index.php\/wp-json\/wp\/v2\/media?parent=735570"}],"wp:term":[{"taxonomy":"product_brand","embeddable":true,"href":"https:\/\/roveyayinevi.com.tr\/index.php\/wp-json\/wp\/v2\/product_brand?post=735570"},{"taxonomy":"product_cat","embeddable":true,"href":"https:\/\/roveyayinevi.com.tr\/index.php\/wp-json\/wp\/v2\/product_cat?post=735570"},{"taxonomy":"product_tag","embeddable":true,"href":"https:\/\/roveyayinevi.com.tr\/index.php\/wp-json\/wp\/v2\/product_tag?post=735570"}],"curies":[{"name":"wp","href":"https:\/\/api.w.org\/{rel}","templated":true}]}}