{"id":735568,"date":"2025-08-27T22:50:12","date_gmt":"2025-08-27T19:50:12","guid":{"rendered":"https:\/\/roveyayinevi.com.tr\/index.php\/urun\/sirrini-biliyorum\/"},"modified":"2026-04-16T02:43:51","modified_gmt":"2026-04-15T23:43:51","slug":"sirrini-biliyorum","status":"publish","type":"product","link":"https:\/\/roveyayinevi.com.tr\/index.php\/urun\/sirrini-biliyorum\/","title":{"rendered":"S\u0131rr\u0131n\u0131 Biliyorum"},"content":{"rendered":"<p>Ak\u0131p giden sat\u0131rlar\u0131n s\u00f6zc\u00fcs\u00fc Nehir Yarar, ceplerinde s\u0131rlarla kap\u0131m\u0131z\u0131 \u00e7al\u0131yor. B\u00fcy\u00fck k\u00fc\u00e7\u00fck t\u00fcm karakterlerin el ele verip ilmek ilmek, reng\u00e2renk i\u015fledi\u011fi bu roman yine \u00e7ok sevilecek.   S\u0131rlara haz\u0131r kulaklar ile sat\u0131rlar\u0131 seven g\u00f6zler yeterince yakla\u015ft\u0131ysa buyurun \u015fenli\u011fimize. Tan\u0131mad\u0131klar\u0131 birini mutlu etmek i\u00e7in birle\u015fen eller, \u015fimdi de size uzan\u0131yor. Haydi!   *** Her \u015fey Tu\u011f\u00e7e ve ailesinin yeni bir apartmana ta\u015f\u0131nmas\u0131yla ba\u015flar. Tu\u011f\u00e7e\u2019nin \u00f6n\u00fcnde al\u0131\u015fmas\u0131 gereken yeni bir ev, okul ve arkada\u015flar varken bir de babannesi, oda arkada\u015f\u0131 olmak \u00fczere \u00e7\u0131kagelir. \u00dcst\u00fcne \u00fcstl\u00fck Tu\u011f\u00e7e dairelerine ula\u015fan esrarengiz bir mektupla da ilgilenmelidir. Bu sahipsiz mektup, i\u00e7indeki s\u0131rlarla apartman sakinlerini hi\u00e7 ummad\u0131klar\u0131 yerlere g\u00f6t\u00fcr\u00fcr. <\/p>\n","protected":false},"excerpt":{"rendered":"<p>Ak\u0131p giden sat\u0131rlar\u0131n s\u00f6zc\u00fcs\u00fc Nehir Yarar, ceplerinde s\u0131rlarla kap\u0131m\u0131z\u0131 \u00e7al\u0131yor. B\u00fcy\u00fck k\u00fc\u00e7\u00fck t\u00fcm karakterlerin el ele verip ilmek ilmek, reng\u00e2renk i\u015fledi\u011fi bu roman yine \u00e7ok sevilecek.<span class=\"excerpt-hellip\"> [\u2026]<\/span><\/p>\n","protected":false},"featured_media":0,"template":"","meta":{"_monsterinsights_skip_tracking":false,"_monsterinsights_sitenote_active":false,"_monsterinsights_sitenote_note":"","_monsterinsights_sitenote_category":0},"product_brand":[],"product_cat":[12275,12274],"product_tag":[],"class_list":{"0":"post-735568","1":"product","2":"type-product","3":"status-publish","5":"product_cat-6-12-yas-kitaplari","6":"product_cat-cocuk-ve-genclik-kitaplari","7":"pa_cilt-ciltsiz","8":"pa_tur-kitap","9":"pa_yayinevi-elma-cocuk","10":"pa_yazar-nehir-yarar","12":"first","13":"instock","14":"sale","15":"shipping-taxable","16":"purchasable","17":"product-type-simple"},"_links":{"self":[{"href":"https:\/\/roveyayinevi.com.tr\/index.php\/wp-json\/wp\/v2\/product\/735568","targetHints":{"allow":["GET"]}}],"collection":[{"href":"https:\/\/roveyayinevi.com.tr\/index.php\/wp-json\/wp\/v2\/product"}],"about":[{"href":"https:\/\/roveyayinevi.com.tr\/index.php\/wp-json\/wp\/v2\/types\/product"}],"wp:attachment":[{"href":"https:\/\/roveyayinevi.com.tr\/index.php\/wp-json\/wp\/v2\/media?parent=735568"}],"wp:term":[{"taxonomy":"product_brand","embeddable":true,"href":"https:\/\/roveyayinevi.com.tr\/index.php\/wp-json\/wp\/v2\/product_brand?post=735568"},{"taxonomy":"product_cat","embeddable":true,"href":"https:\/\/roveyayinevi.com.tr\/index.php\/wp-json\/wp\/v2\/product_cat?post=735568"},{"taxonomy":"product_tag","embeddable":true,"href":"https:\/\/roveyayinevi.com.tr\/index.php\/wp-json\/wp\/v2\/product_tag?post=735568"}],"curies":[{"name":"wp","href":"https:\/\/api.w.org\/{rel}","templated":true}]}}