{"id":735566,"date":"2025-08-27T22:50:10","date_gmt":"2025-08-27T19:50:10","guid":{"rendered":"https:\/\/roveyayinevi.com.tr\/index.php\/urun\/muzigi-yaratanlar-barok-donem\/"},"modified":"2026-04-16T02:43:51","modified_gmt":"2026-04-15T23:43:51","slug":"muzigi-yaratanlar-barok-donem","status":"publish","type":"product","link":"https:\/\/roveyayinevi.com.tr\/index.php\/urun\/muzigi-yaratanlar-barok-donem\/","title":{"rendered":"M\u00fczi\u011fi Yaratanlar &#8211; Barok D\u00f6nem"},"content":{"rendered":"<p>BUG\u00dcNE DEK YAZILMI\u015e EN KAPSAMLI BAROK M\u00dcZ\u0130K \u0130NCELEMELER\u0130NDEN B\u0130R\u0130 OLAN BU ESER, D\u0130NLEMEYE HAZIR M\u00dcZ\u0130K L\u0130STELER\u0130YLE B\u0130RL\u0130KTE KLAS\u0130K M\u00dcZ\u0130K HAYRANLARININ BA\u015eUCU K\u0130TABI OLMAYA HAZIR\u2026 \u201c1500\u2019l\u00fc y\u0131llar\u0131n sonlar\u0131nda, ileride barok olarak adland\u0131r\u0131lacak d\u00f6nemin ba\u015flang\u0131c\u0131nda, birbiriyle \u00e7at\u0131\u015fmakta olan iki kurum, sanat\u0131 ve sanat\u00e7\u0131lar\u0131 yeni yap\u0131tlar \u00fcretme konusunda y\u00fcreklendiriyordu. Bunlardan biri, Protestan ba\u015fkald\u0131r\u0131n\u0131n ard\u0131ndan eski g\u00fcc\u00fcn\u00fc toplamak i\u00e7in sanat\u0131n kitleleri etkileme g\u00fcc\u00fcnden yararlanmak isteyen Katolik Kilisesi di\u011feri ise kiliseye kar\u015f\u0131 kendi g\u00fcc\u00fcn\u00fc g\u00f6stermek isteyen soylu kesim ve krallard\u0131. Her iki kurum da mimariyi, g\u00fczel sanatlar\u0131 ve m\u00fczi\u011fi en iyi bi\u00e7imde kullanabilmek i\u00e7in \u00e2deta yar\u0131\u015fa girmi\u015fti. Krallar ve soylular, iktidarlar\u0131n\u0131n sars\u0131lmaz g\u00fcc\u00fcn\u00fc g\u00f6stermek i\u00e7in mimarlardan g\u00f6rkemli yap\u0131lar in\u015fa etmelerini istiyorlard\u0131. U\u00e7suz bucaks\u0131z parklar i\u00e7inde geni\u015f ve b\u00fcy\u00fck pencereli, \u0131\u015f\u0131\u011f\u0131 olabildi\u011fince i\u00e7eri yans\u0131tan saraylar yap\u0131l\u0131yor, ard\u0131ndan bu yap\u0131lar\u0131n duvarlar\u0131 tablolar ve aynalarla s\u00fcsleniyordu. Saraylar\u0131n \u00e7evresindeki kentler de yeniden yap\u0131lan\u0131yor, geni\u015f meydanlar, s\u00fcsl\u00fc merdivenler yard\u0131m\u0131yla insanlar\u0131n ya\u015fad\u0131klar\u0131 ortam\u0131n bir tiyatro sahnesine d\u00f6n\u00fc\u015ft\u00fcr\u00fclmesi i\u00e7in \u00e7aba harcan\u0131yordu sanki. Asl\u0131nda hepsinin arkas\u0131nda belki de ya\u015fam\u0131 bir tiyatro oyunu, d\u00fcnyay\u0131 da bir sahne gibi g\u00f6rmek vard\u0131. Sahne, oyun i\u00e7in dekorlarla s\u00fcslenmeliydi. T\u0131pk\u0131 ayn\u0131 d\u00f6nemde ya\u015fayan Shakespeare\u2019in pek \u00e7ok oyununda vurgulad\u0131\u011f\u0131 gibi \u2018t\u00fcm d\u00fcnya bir sahne\u2019 idi.\u201dAyd\u0131n B\u00fcke ve \u0130pek Mine Sonak\u0131n, bu kitapta Barok D\u00f6nem m\u00fczi\u011fini her y\u00f6n\u00fcyle mercek alt\u0131na al\u0131yor. Avrupa\u2019n\u0131n farkl\u0131 b\u00f6lgelerindeki bestecilerin ya\u015fam \u00f6yk\u00fcleriyle birlikte bu bestecilerin \u00f6nemli yap\u0131tlar\u0131n\u0131n nota \u00f6rnekleri ve grafiklerle incelenmesi, okuyucu i\u00e7in m\u00fczi\u011fi g\u00f6r\u00fcn\u00fcr ve anla\u015f\u0131l\u0131r k\u0131l\u0131yor. Her b\u00f6l\u00fcm i\u00e7in haz\u0131rlanm\u0131\u015f, kitap i\u00e7ine yerle\u015ftirilmi\u015f QR kodlar\u0131 ile hemen ula\u015f\u0131labilen \u00e7alma listeleri, incelenen yap\u0131tlar\u0131n t\u00fcm\u00fcn\u00fc dinlemeye olanak sa\u011fl\u0131yor.<\/p>\n","protected":false},"excerpt":{"rendered":"<p>BUG\u00dcNE DEK YAZILMI\u015e EN KAPSAMLI BAROK M\u00dcZ\u0130K \u0130NCELEMELER\u0130NDEN B\u0130R\u0130 OLAN BU ESER, D\u0130NLEMEYE HAZIR M\u00dcZ\u0130K L\u0130STELER\u0130YLE B\u0130RL\u0130KTE KLAS\u0130K M\u00dcZ\u0130K HAYRANLARININ BA\u015eUCU K\u0130TABI OLMAYA HAZIR\u2026 \u201c1500\u2019l\u00fc y\u0131llar\u0131n<span class=\"excerpt-hellip\"> [\u2026]<\/span><\/p>\n","protected":false},"featured_media":0,"template":"","meta":{"_monsterinsights_skip_tracking":false,"_monsterinsights_sitenote_active":false,"_monsterinsights_sitenote_note":"","_monsterinsights_sitenote_category":0},"product_brand":[],"product_cat":[14591,14556],"product_tag":[],"class_list":{"0":"post-735566","1":"product","2":"type-product","3":"status-publish","5":"product_cat-genel-kavramlar-kuram-ve-tarihce","6":"product_cat-muzik","7":"pa_cilt-ciltsiz","8":"pa_tur-kitap","9":"pa_yayinevi-epsilon-yayinlari","10":"pa_yazar-aydin-buke-ipek-mine-sonakin","12":"first","13":"instock","14":"sale","15":"shipping-taxable","16":"purchasable","17":"product-type-simple"},"_links":{"self":[{"href":"https:\/\/roveyayinevi.com.tr\/index.php\/wp-json\/wp\/v2\/product\/735566","targetHints":{"allow":["GET"]}}],"collection":[{"href":"https:\/\/roveyayinevi.com.tr\/index.php\/wp-json\/wp\/v2\/product"}],"about":[{"href":"https:\/\/roveyayinevi.com.tr\/index.php\/wp-json\/wp\/v2\/types\/product"}],"wp:attachment":[{"href":"https:\/\/roveyayinevi.com.tr\/index.php\/wp-json\/wp\/v2\/media?parent=735566"}],"wp:term":[{"taxonomy":"product_brand","embeddable":true,"href":"https:\/\/roveyayinevi.com.tr\/index.php\/wp-json\/wp\/v2\/product_brand?post=735566"},{"taxonomy":"product_cat","embeddable":true,"href":"https:\/\/roveyayinevi.com.tr\/index.php\/wp-json\/wp\/v2\/product_cat?post=735566"},{"taxonomy":"product_tag","embeddable":true,"href":"https:\/\/roveyayinevi.com.tr\/index.php\/wp-json\/wp\/v2\/product_tag?post=735566"}],"curies":[{"name":"wp","href":"https:\/\/api.w.org\/{rel}","templated":true}]}}