{"id":735563,"date":"2025-08-27T22:50:06","date_gmt":"2025-08-27T19:50:06","guid":{"rendered":"https:\/\/roveyayinevi.com.tr\/index.php\/urun\/guz-esintisi-1-ciltli\/"},"modified":"2026-04-16T02:43:51","modified_gmt":"2026-04-15T23:43:51","slug":"guz-esintisi-1-ciltli","status":"publish","type":"product","link":"https:\/\/roveyayinevi.com.tr\/index.php\/urun\/guz-esintisi-1-ciltli\/","title":{"rendered":"G\u00fcz Esintisi 1 (Ciltli)"},"content":{"rendered":"<p>Sanat galerisinde g\u00f6rd\u00fc\u011f\u00fc bir tablo Hare G\u00fcz\u2019\u00fcn olduk\u00e7a ilgisini \u00e7eker. Tabloyu dikkatli bir \u015fekildeincelerken hayat\u0131ndaki dengeleri alt \u00fcst edecek adamla tan\u0131\u015faca\u011f\u0131ndan bihaberdir. Gen\u00e7 kad\u0131n\u0131n h\u00fcz\u00fcnl\u00fcbak\u0131\u015flar\u0131n\u0131 fark eden adam, tabloyu hediye olarak Hare G\u00fcz\u2019e g\u00f6nderir ve hik\u00e2ye ba\u015flar.   \u0130kisini bir araya getiren kader, tesad\u00fcf san\u0131lan kar\u015f\u0131la\u015fmalarla daha da d\u00fc\u011f\u00fcmlenir. Hare G\u00fcz, ilgisini cesurbir \u015fekilde belli eden adamdan uzak durmaya \u00e7al\u0131\u015f\u0131r \u00e7\u00fcnk\u00fc korkuyordur. Korktu\u011fu kar\u015f\u0131s\u0131ndaki adam de\u011fil;o adam\u0131 sevmek, en \u00f6nemlisi de sevdikten sonra onu kaybetme ihtimalidir.   Akl\u0131 ve kalbi aras\u0131nda ya\u015fanan sava\u015f\u0131n ortas\u0131nda kalan Hare G\u00fcz, en mutlu olmas\u0131 gereken g\u00fcnde ac\u0131mas\u0131zbir ger\u00e7ekle kar\u015f\u0131 kar\u015f\u0131ya kal\u0131r. O ger\u00e7ek; inanc\u0131n\u0131, kalbini, yaralar\u0131n\u0131 ve \u00e7ocuklu\u011funu sular alt\u0131ndab\u0131rakacakt\u0131r.   \u201c\u0130nsanlar\u0131n yaralar\u0131 \u00e7ocuklu\u011fundan ba\u015flar. Gel biz seninle yeniden ba\u015flayal\u0131m, bu kez yaram\u0131z yokken tan\u0131\u015fal\u0131m.\u2019\u2019 <\/p>\n","protected":false},"excerpt":{"rendered":"<p>Sanat galerisinde g\u00f6rd\u00fc\u011f\u00fc bir tablo Hare G\u00fcz\u2019\u00fcn olduk\u00e7a ilgisini \u00e7eker. Tabloyu dikkatli bir \u015fekildeincelerken hayat\u0131ndaki dengeleri alt \u00fcst edecek adamla tan\u0131\u015faca\u011f\u0131ndan bihaberdir. Gen\u00e7 kad\u0131n\u0131n h\u00fcz\u00fcnl\u00fcbak\u0131\u015flar\u0131n\u0131 fark<span class=\"excerpt-hellip\"> [\u2026]<\/span><\/p>\n","protected":false},"featured_media":0,"template":"","meta":{"_monsterinsights_skip_tracking":false,"_monsterinsights_sitenote_active":false,"_monsterinsights_sitenote_note":"","_monsterinsights_sitenote_category":0},"product_brand":[],"product_cat":[12291,12711],"product_tag":[],"class_list":{"0":"post-735563","1":"product","2":"type-product","3":"status-publish","5":"product_cat-edebiyat","6":"product_cat-roman-oyku","7":"pa_cilt-ciltli","8":"pa_tur-kitap","9":"pa_yayinevi-ephesus-yayinlari","10":"pa_yazar-burcin-saridogan","12":"first","13":"instock","14":"sale","15":"shipping-taxable","16":"purchasable","17":"product-type-simple"},"_links":{"self":[{"href":"https:\/\/roveyayinevi.com.tr\/index.php\/wp-json\/wp\/v2\/product\/735563","targetHints":{"allow":["GET"]}}],"collection":[{"href":"https:\/\/roveyayinevi.com.tr\/index.php\/wp-json\/wp\/v2\/product"}],"about":[{"href":"https:\/\/roveyayinevi.com.tr\/index.php\/wp-json\/wp\/v2\/types\/product"}],"wp:attachment":[{"href":"https:\/\/roveyayinevi.com.tr\/index.php\/wp-json\/wp\/v2\/media?parent=735563"}],"wp:term":[{"taxonomy":"product_brand","embeddable":true,"href":"https:\/\/roveyayinevi.com.tr\/index.php\/wp-json\/wp\/v2\/product_brand?post=735563"},{"taxonomy":"product_cat","embeddable":true,"href":"https:\/\/roveyayinevi.com.tr\/index.php\/wp-json\/wp\/v2\/product_cat?post=735563"},{"taxonomy":"product_tag","embeddable":true,"href":"https:\/\/roveyayinevi.com.tr\/index.php\/wp-json\/wp\/v2\/product_tag?post=735563"}],"curies":[{"name":"wp","href":"https:\/\/api.w.org\/{rel}","templated":true}]}}