{"id":735561,"date":"2025-08-27T22:50:05","date_gmt":"2025-08-27T19:50:05","guid":{"rendered":"https:\/\/roveyayinevi.com.tr\/index.php\/urun\/bagliliktan-bagimliliga-hangimiz\/"},"modified":"2026-04-16T02:43:51","modified_gmt":"2026-04-15T23:43:51","slug":"bagliliktan-bagimliliga-hangimiz","status":"publish","type":"product","link":"https:\/\/roveyayinevi.com.tr\/index.php\/urun\/bagliliktan-bagimliliga-hangimiz\/","title":{"rendered":"Ba\u011fl\u0131l\u0131ktan Ba\u011f\u0131ml\u0131l\u0131\u011fa Hangimiz?"},"content":{"rendered":"<p>Bu \u00e7al\u0131\u015fman\u0131n esas amac\u0131; alkol kullan\u0131m\u0131 ile \u015fiddet aras\u0131ndaki ili\u015fkiyi anlamak ve anlatmakt\u0131r. Alkol kullan\u0131m\u0131 s\u00f6z\u00fcn\u00fcn ge\u00e7ti\u011fi yerde akla genellikle erkekler geliyor; ama bu erkeklerin ili\u015fkileri var. Bu ili\u015fkileri g\u00f6r\u00fcn\u00fcr yapmak bu \u00e7al\u0131\u015fmadaki bir di\u011fer amac\u0131m\u0131zd\u0131r. Bununla beraber, kad\u0131n ba\u011f\u0131ml\u0131 yok gibi bir alg\u0131ya m\u00fcdahale etmek, cinsiyet rolleri ba\u011flam\u0131nda bunu anlamak, de\u011ferlendirmek ve kad\u0131n ba\u011f\u0131ml\u0131lar\u0131 \u00f6yk\u00fcleriyle beraber g\u00f6r\u00fcn\u00fcr yapmak istedik. <\/p>\n","protected":false},"excerpt":{"rendered":"<p>Bu \u00e7al\u0131\u015fman\u0131n esas amac\u0131; alkol kullan\u0131m\u0131 ile \u015fiddet aras\u0131ndaki ili\u015fkiyi anlamak ve anlatmakt\u0131r. Alkol kullan\u0131m\u0131 s\u00f6z\u00fcn\u00fcn ge\u00e7ti\u011fi yerde akla genellikle erkekler geliyor; ama bu erkeklerin ili\u015fkileri<span class=\"excerpt-hellip\"> [\u2026]<\/span><\/p>\n","protected":false},"featured_media":0,"template":"","meta":{"_monsterinsights_skip_tracking":false,"_monsterinsights_sitenote_active":false,"_monsterinsights_sitenote_note":"","_monsterinsights_sitenote_category":0},"product_brand":[],"product_cat":[20502,12357],"product_tag":[],"class_list":{"0":"post-735561","1":"product","2":"type-product","3":"status-publish","5":"product_cat-basvuru-kitaplari-psikoloji","6":"product_cat-psikoloji","7":"pa_cilt-ciltsiz","8":"pa_tur-kitap","9":"pa_yayinevi-toz-yayinlari","10":"pa_yazar-salime-tarikci-inci-ozgur-ilhan","12":"first","13":"instock","14":"sale","15":"shipping-taxable","16":"purchasable","17":"product-type-simple"},"_links":{"self":[{"href":"https:\/\/roveyayinevi.com.tr\/index.php\/wp-json\/wp\/v2\/product\/735561","targetHints":{"allow":["GET"]}}],"collection":[{"href":"https:\/\/roveyayinevi.com.tr\/index.php\/wp-json\/wp\/v2\/product"}],"about":[{"href":"https:\/\/roveyayinevi.com.tr\/index.php\/wp-json\/wp\/v2\/types\/product"}],"wp:attachment":[{"href":"https:\/\/roveyayinevi.com.tr\/index.php\/wp-json\/wp\/v2\/media?parent=735561"}],"wp:term":[{"taxonomy":"product_brand","embeddable":true,"href":"https:\/\/roveyayinevi.com.tr\/index.php\/wp-json\/wp\/v2\/product_brand?post=735561"},{"taxonomy":"product_cat","embeddable":true,"href":"https:\/\/roveyayinevi.com.tr\/index.php\/wp-json\/wp\/v2\/product_cat?post=735561"},{"taxonomy":"product_tag","embeddable":true,"href":"https:\/\/roveyayinevi.com.tr\/index.php\/wp-json\/wp\/v2\/product_tag?post=735561"}],"curies":[{"name":"wp","href":"https:\/\/api.w.org\/{rel}","templated":true}]}}