{"id":735560,"date":"2025-08-27T22:50:04","date_gmt":"2025-08-27T19:50:04","guid":{"rendered":"https:\/\/roveyayinevi.com.tr\/index.php\/urun\/muhurnameyi-caferi\/"},"modified":"2026-04-16T02:43:51","modified_gmt":"2026-04-15T23:43:51","slug":"muhurnameyi-caferi","status":"publish","type":"product","link":"https:\/\/roveyayinevi.com.tr\/index.php\/urun\/muhurnameyi-caferi\/","title":{"rendered":"M\u00fch\u00fcrnameyi Caferi"},"content":{"rendered":"<p>Bu \u00e7al\u0131\u015fma, Dervi\u015f Muhammed Yem\u00een\u00ee\u2019nin Faz\u00eeletn\u00e2mesi\u2019nin muhtelif n\u00fcshalar\u0131nda tesad\u00fcfen bulunmu\u015f M\u00fch\u00fcrn\u00e2me-yi Cafer\u00ee adl\u0131 k\u0131sa bir mesneviyi bar\u0131nd\u0131rmakla birlikte \u00fczerinde yap\u0131lan ilk disiplinli \u00e7al\u0131\u015fma olmas\u0131 bak\u0131m\u0131ndan da \u00f6nem arz etmektedir.    Hz. Muhammed taraf\u0131ndan bir kad\u0131na emanet edilen m\u00fch\u00fcrlenmi\u015f bir ta\u015f\u0131n \u00f6nce Hz. Ebubekir\u2019e g\u00f6t\u00fcr\u00fclmesi, sonras\u0131nda Hz. Ali\u2019den ba\u015flayarak On \u0130ki \u0130mam s\u0131ras\u0131na g\u00f6re fantastik bir kurguyla \u0130mam Cafer\u2019e ula\u015fmas\u0131 ve nihayette bu ta\u015f\u0131n bir Cafer\u00eelik sembol\u00fc h\u00e2line gelmesi hadisesi eserin muhtevas\u0131n\u0131 olu\u015fturmaktad\u0131r. Ayr\u0131ca \u00e7al\u0131\u015fmada, bu hik\u00e2yeye ba\u011fl\u0131 kalmak suretiyle yap\u0131lan objektif de\u011ferlendirmeler d\u0131\u015f\u0131nda metnin yap\u0131 unsurlar\u0131na da de\u011finilmekte; tespit edilen n\u00fcshalar \u00fczerinden metin tenkidiyle birlikte ba\u011flaml\u0131 s\u00f6zl\u00fc\u011f\u00fcn de eklenmesiyle s\u00f6z konusu eserin daha anla\u015f\u0131l\u0131r olmas\u0131 hedeflenmektedir. <\/p>\n","protected":false},"excerpt":{"rendered":"<p>Bu \u00e7al\u0131\u015fma, Dervi\u015f Muhammed Yem\u00een\u00ee\u2019nin Faz\u00eeletn\u00e2mesi\u2019nin muhtelif n\u00fcshalar\u0131nda tesad\u00fcfen bulunmu\u015f M\u00fch\u00fcrn\u00e2me-yi Cafer\u00ee adl\u0131 k\u0131sa bir mesneviyi bar\u0131nd\u0131rmakla birlikte \u00fczerinde yap\u0131lan ilk disiplinli \u00e7al\u0131\u015fma olmas\u0131 bak\u0131m\u0131ndan da<span class=\"excerpt-hellip\"> [\u2026]<\/span><\/p>\n","protected":false},"featured_media":0,"template":"","meta":{"_monsterinsights_skip_tracking":false,"_monsterinsights_sitenote_active":false,"_monsterinsights_sitenote_note":"","_monsterinsights_sitenote_category":0},"product_brand":[],"product_cat":[13575,12718,12719],"product_tag":[],"class_list":{"0":"post-735560","1":"product","2":"type-product","3":"status-publish","5":"product_cat-alevilik-bektasilik","6":"product_cat-din","7":"product_cat-islam","8":"pa_cilt-ciltsiz","9":"pa_tur-kitap","10":"pa_yayinevi-la-kitap-yayinlari","11":"pa_yazar-gokhan-senyurt","13":"first","14":"instock","15":"sale","16":"shipping-taxable","17":"purchasable","18":"product-type-simple"},"_links":{"self":[{"href":"https:\/\/roveyayinevi.com.tr\/index.php\/wp-json\/wp\/v2\/product\/735560","targetHints":{"allow":["GET"]}}],"collection":[{"href":"https:\/\/roveyayinevi.com.tr\/index.php\/wp-json\/wp\/v2\/product"}],"about":[{"href":"https:\/\/roveyayinevi.com.tr\/index.php\/wp-json\/wp\/v2\/types\/product"}],"wp:attachment":[{"href":"https:\/\/roveyayinevi.com.tr\/index.php\/wp-json\/wp\/v2\/media?parent=735560"}],"wp:term":[{"taxonomy":"product_brand","embeddable":true,"href":"https:\/\/roveyayinevi.com.tr\/index.php\/wp-json\/wp\/v2\/product_brand?post=735560"},{"taxonomy":"product_cat","embeddable":true,"href":"https:\/\/roveyayinevi.com.tr\/index.php\/wp-json\/wp\/v2\/product_cat?post=735560"},{"taxonomy":"product_tag","embeddable":true,"href":"https:\/\/roveyayinevi.com.tr\/index.php\/wp-json\/wp\/v2\/product_tag?post=735560"}],"curies":[{"name":"wp","href":"https:\/\/api.w.org\/{rel}","templated":true}]}}