{"id":735557,"date":"2025-08-27T22:49:59","date_gmt":"2025-08-27T19:49:59","guid":{"rendered":"https:\/\/roveyayinevi.com.tr\/index.php\/urun\/yuzyilin-skandali\/"},"modified":"2026-04-16T02:43:51","modified_gmt":"2026-04-15T23:43:51","slug":"yuzyilin-skandali","status":"publish","type":"product","link":"https:\/\/roveyayinevi.com.tr\/index.php\/urun\/yuzyilin-skandali\/","title":{"rendered":"Y\u00fczy\u0131l\u0131n Skandal\u0131"},"content":{"rendered":"<p>Bu yaz\u0131lardaki \u00f6ncelikli amac\u0131m, ortalama okurlara her hafta bir \u015feyler \u00f6\u011fretebilmek, beni as\u0131l ilgilendiren onlar, ki \u00f6\u011fretti\u011fim \u015feyler her \u015feyi bilen uzman okurlara apa\u00e7\u0131k ve \u00e7ocuk\u00e7a gelebilir. Di\u011fer amac\u0131msa \u2013ki bu en zoru\u2013 yaz\u0131lar\u0131m\u0131 ba\u015fkalar\u0131ndan yard\u0131m almadan d\u00fczg\u00fcnce yazabilmek, \u00e7\u00fcnk\u00fc ben hep iyi yazabilmenin ba\u015fl\u0131 ba\u015f\u0131na bir mutluluk kayna\u011f\u0131 oldu\u011funa inanm\u0131\u015f\u0131md\u0131r.   Gabriel Garc\u00eda M\u00e1rquez gazetecili\u011fin \u201cd\u00fcnyan\u0131n en iyi mesle\u011fi\u201d oldu\u011funu her f\u0131rsatta usanmadan tekrarlar, yazardan \u00f6nce gazeteci oldu\u011funu s\u00f6ylerdi: \u201cBen \u00f6z\u00fcmde bir gazeteciyim. Ya\u015fam\u0131m boyunca gazeteci oldum. Her ne kadar pek belli olmasa da kitaplar\u0131m bir gazetecinin kitaplar\u0131.\u201d   1950 ile 1984 y\u0131llar\u0131 aras\u0131nda gazete ve dergilerde yay\u0131mlanan 50 metni bir araya getiren Y\u00fczy\u0131l\u0131n Skandal\u0131 se\u00e7kisinin amac\u0131, Garc\u00eda M\u00e1rquez\u2019in kurmaca eserlerine a\u015fina okurlar\u0131, yazar\u0131n, eserlerine temel olu\u015fturdu\u011funu daima dile getirdi\u011fi gazete ve dergi \u00e7al\u0131\u015fmalar\u0131yla tan\u0131\u015ft\u0131rmak. Okurlar bu metinlerin \u00e7o\u011funda tan\u0131d\u0131k bir sesle kar\u015f\u0131la\u015facak, bu anlat\u0131c\u0131 sesin yazar\u0131n gazetecilik y\u0131llar\u0131nda \u015fekillendi\u011fine tan\u0131k olacaklar. <\/p>\n","protected":false},"excerpt":{"rendered":"<p>Bu yaz\u0131lardaki \u00f6ncelikli amac\u0131m, ortalama okurlara her hafta bir \u015feyler \u00f6\u011fretebilmek, beni as\u0131l ilgilendiren onlar, ki \u00f6\u011fretti\u011fim \u015feyler her \u015feyi bilen uzman okurlara apa\u00e7\u0131k ve \u00e7ocuk\u00e7a<span class=\"excerpt-hellip\"> [\u2026]<\/span><\/p>\n","protected":false},"featured_media":0,"template":"","meta":{"_monsterinsights_skip_tracking":false,"_monsterinsights_sitenote_active":false,"_monsterinsights_sitenote_note":"","_monsterinsights_sitenote_category":0},"product_brand":[],"product_cat":[13072,12291],"product_tag":[],"class_list":{"0":"post-735557","1":"product","2":"type-product","3":"status-publish","5":"product_cat-arastirma-inceleme-referans","6":"product_cat-edebiyat","7":"pa_cilt-ciltsiz","8":"pa_tur-kitap","9":"pa_yayinevi-can-yayinlari","10":"pa_yazar-gabriel-garcia-marquez","12":"first","13":"instock","14":"sale","15":"shipping-taxable","16":"purchasable","17":"product-type-simple"},"_links":{"self":[{"href":"https:\/\/roveyayinevi.com.tr\/index.php\/wp-json\/wp\/v2\/product\/735557","targetHints":{"allow":["GET"]}}],"collection":[{"href":"https:\/\/roveyayinevi.com.tr\/index.php\/wp-json\/wp\/v2\/product"}],"about":[{"href":"https:\/\/roveyayinevi.com.tr\/index.php\/wp-json\/wp\/v2\/types\/product"}],"wp:attachment":[{"href":"https:\/\/roveyayinevi.com.tr\/index.php\/wp-json\/wp\/v2\/media?parent=735557"}],"wp:term":[{"taxonomy":"product_brand","embeddable":true,"href":"https:\/\/roveyayinevi.com.tr\/index.php\/wp-json\/wp\/v2\/product_brand?post=735557"},{"taxonomy":"product_cat","embeddable":true,"href":"https:\/\/roveyayinevi.com.tr\/index.php\/wp-json\/wp\/v2\/product_cat?post=735557"},{"taxonomy":"product_tag","embeddable":true,"href":"https:\/\/roveyayinevi.com.tr\/index.php\/wp-json\/wp\/v2\/product_tag?post=735557"}],"curies":[{"name":"wp","href":"https:\/\/api.w.org\/{rel}","templated":true}]}}