{"id":735556,"date":"2025-08-27T22:49:59","date_gmt":"2025-08-27T19:49:59","guid":{"rendered":"https:\/\/roveyayinevi.com.tr\/index.php\/urun\/osmanli-mimarlik-dilinin-yeniden-uretimi\/"},"modified":"2026-04-16T02:43:51","modified_gmt":"2026-04-15T23:43:51","slug":"osmanli-mimarlik-dilinin-yeniden-uretimi","status":"publish","type":"product","link":"https:\/\/roveyayinevi.com.tr\/index.php\/urun\/osmanli-mimarlik-dilinin-yeniden-uretimi\/","title":{"rendered":"Osmanl\u0131 Mimarl\u0131k Dilinin Yeniden \u00dcretimi"},"content":{"rendered":"<p>Elinizdeki kitap, sizi d\u00fc\u015f\u00fcnsel bir yolculu\u011fa davet ediyor. D\u00fc\u015f\u00fcncelere, kavramlara ve terimlere bug\u00fcn y\u00fckledi\u011finiz anlamlar\u0131 ge\u00e7mi\u015fin her an\u0131nda aramaman\u0131z\u0131 belirtiyor. S\u00f6z, yaz\u0131, dil, roller ve mek\u00e2n \u00fcretimi gibi her k\u00fclt\u00fcrel prati\u011fin tarihsel oldu\u011funu ileri s\u00fcr\u00fcyor. Her pratikle, bug\u00fcnden \u201ctekinsiz\u201d bir ili\u015fki kurulmas\u0131 gereklili\u011fini \u00f6neriyor. Tanzimat\u2019tan erken Cumhuriyet y\u0131llar\u0131na, \u201cOsmanl\u0131 mimarl\u0131k dilin\u201dnin yeniden \u00fcretilme bi\u00e7imlerini tart\u0131\u015fmak i\u00e7in, farkl\u0131 \u201cdo\u011fa\u201dlara sahip tarihsel kaynaklar\u0131 biraraya getiriyor. Genel ve teknik terim s\u00f6zl\u00fckleri, mek\u00e2n \u00fcretimine ili\u015fkin hukuki metinler, matbu \u00fcretimler ve s\u00fcreli yay\u0131nlardan olu\u015fan kaynaklar\u0131n i\u00e7inde dola\u015farak, kavramlar\u0131n izini s\u00fcr\u00fcyor. Mesleki \u00f6znelerden \u201ckalfa, m\u00fchendis ve mimar\u201d, disiplinlerin imalat\u0131n\u0131 \u00f6rnekleyen \u201cfen, sanayi ve sanat\u201d, mek\u00e2n ve m\u00fclkiyet krizi olarak \u201cm\u00eer\u00ee, m\u00fclk ve umum\u00ee\u201dden olu\u015fan dokuz kavram\u0131n tarihi, ara\u015ft\u0131rman\u0131n \u00e7er\u00e7evesini olu\u015fturuyor. Anadolu k\u00fclt\u00fcr evreninde, Tanzimat\u2019tan sonra de\u011fi\u015fen mimarl\u0131k bilgisiyle, yeniden bi\u00e7imlenen mesleki alanla, d\u00f6n\u00fc\u015fen tarih kavray\u0131\u015flar\u0131yla, olu\u015fmaya ba\u015flayan mimarl\u0131k ve sanat tarihleriyle, mek\u00e2n \u00f6zelinde \u201ckamusal\u201d d\u00fc\u015f\u00fcncenin do\u011fu\u015fuyla ve sezgisel bir \u00fcretim olarak sanat\u0131n icad\u0131yla beraber, bir \u201cmimarl\u0131k dili\u201dnin nas\u0131l d\u00f6n\u00fc\u015ft\u00fc\u011f\u00fcn\u00fc inceliyor. <\/p>\n","protected":false},"excerpt":{"rendered":"<p>Elinizdeki kitap, sizi d\u00fc\u015f\u00fcnsel bir yolculu\u011fa davet ediyor. D\u00fc\u015f\u00fcncelere, kavramlara ve terimlere bug\u00fcn y\u00fckledi\u011finiz anlamlar\u0131 ge\u00e7mi\u015fin her an\u0131nda aramaman\u0131z\u0131 belirtiyor. S\u00f6z, yaz\u0131, dil, roller ve mek\u00e2n<span class=\"excerpt-hellip\"> [\u2026]<\/span><\/p>\n","protected":false},"featured_media":0,"template":"","meta":{"_monsterinsights_skip_tracking":false,"_monsterinsights_sitenote_active":false,"_monsterinsights_sitenote_note":"","_monsterinsights_sitenote_category":0},"product_brand":[],"product_cat":[13517,12304],"product_tag":[],"class_list":{"0":"post-735556","1":"product","2":"type-product","3":"status-publish","5":"product_cat-osmanli-tarihi","6":"product_cat-tarih","7":"pa_cilt-ciltsiz","8":"pa_tur-kitap","9":"pa_yayinevi-idealkent-yayincilik","10":"pa_yazar-omer-faruk-gunenc","12":"first","13":"instock","14":"sale","15":"shipping-taxable","16":"purchasable","17":"product-type-simple"},"_links":{"self":[{"href":"https:\/\/roveyayinevi.com.tr\/index.php\/wp-json\/wp\/v2\/product\/735556","targetHints":{"allow":["GET"]}}],"collection":[{"href":"https:\/\/roveyayinevi.com.tr\/index.php\/wp-json\/wp\/v2\/product"}],"about":[{"href":"https:\/\/roveyayinevi.com.tr\/index.php\/wp-json\/wp\/v2\/types\/product"}],"wp:attachment":[{"href":"https:\/\/roveyayinevi.com.tr\/index.php\/wp-json\/wp\/v2\/media?parent=735556"}],"wp:term":[{"taxonomy":"product_brand","embeddable":true,"href":"https:\/\/roveyayinevi.com.tr\/index.php\/wp-json\/wp\/v2\/product_brand?post=735556"},{"taxonomy":"product_cat","embeddable":true,"href":"https:\/\/roveyayinevi.com.tr\/index.php\/wp-json\/wp\/v2\/product_cat?post=735556"},{"taxonomy":"product_tag","embeddable":true,"href":"https:\/\/roveyayinevi.com.tr\/index.php\/wp-json\/wp\/v2\/product_tag?post=735556"}],"curies":[{"name":"wp","href":"https:\/\/api.w.org\/{rel}","templated":true}]}}