{"id":735555,"date":"2025-08-27T22:49:58","date_gmt":"2025-08-27T19:49:58","guid":{"rendered":"https:\/\/roveyayinevi.com.tr\/index.php\/urun\/anadolu-turk-kentinde-fiziksel-yapinin-degisimi\/"},"modified":"2026-04-16T02:43:51","modified_gmt":"2026-04-15T23:43:51","slug":"anadolu-turk-kentinde-fiziksel-yapinin-degisimi","status":"publish","type":"product","link":"https:\/\/roveyayinevi.com.tr\/index.php\/urun\/anadolu-turk-kentinde-fiziksel-yapinin-degisimi\/","title":{"rendered":"Anadolu &#8211; T\u00fcrk Kentinde Fiziksel Yap\u0131n\u0131n De\u011fi\u015fimi"},"content":{"rendered":"<p>Anadolu\u2019da T\u00fcrkle\u015fme s\u00fcrecinin erken evresini olu\u015fturan 11.-15. y\u00fczy\u0131l aral\u0131\u011f\u0131ndaki kentsel de\u011fi\u015fim s\u00fcre\u00e7leri \u00fczerinde hala az say\u0131da \u00e7al\u0131\u015fma var. B\u00f6yle bir giri\u015fimde ba\u015fvurulabilecek \u00f6zg\u00fcn kaynaklar \u00e7ok k\u0131s\u0131tl\u0131 say\u0131dad\u0131r. 7-8 y\u00fczy\u0131l \u00f6nceki mek\u00e2nlar \u00fczerinde alan g\u00f6zlemleriyle yarg\u0131lar verme imk\u00e2nlar\u0131 yok dene &#8211; bilecek kadar azd\u0131r. Ar\u015fiv belgeleri erken d\u00f6nemlere do\u011fru uzan\u0131ld\u0131\u011f\u0131nda iyice seyrelir ve hi\u00e7e kadar d\u00fc\u015fer. Anadolu kentlerinin radikal de\u011fi\u015fimler yaratacak ge\u00e7 19. y\u00fczy\u0131l\u0131 \u00f6ncesinde yap\u0131lm\u0131\u015f haritalar\u0131na rastlama olas\u0131l\u0131\u011f\u0131 da yok gibidir. Dolay\u0131s\u0131yla, fiziksel yap\u0131 konusunda olsa olsa erken 20. y\u00fczy\u0131l kent planlar\u0131n\u0131 kullanarak d\u00fc\u015f\u00fcnme imk\u00e2n\u0131 bulunabilir. Ba\u015fka bir a\u00e7maz, d\u00f6nemi ayd\u0131nlatabilecek kent arkeolojisi ara\u015ft\u0131rmalar\u0131n\u0131n da azl\u0131\u011f\u0131d\u0131r. Halen isk\u00e2n edilmekte olan Orta\u00e7a\u011f kentleri \u00fczerinde kapsaml\u0131 ara\u015ft\u0131rma yapma niyetiyle neredeyse kar\u015f\u0131la\u015f\u0131lmaz. O y\u00fczden arkeolojik fiziksel verilere dayanarak Londra veya Viyana Orta\u00e7a\u011f\u0131 \u00fczerine konu\u015fmak Kayseri, Sivas, Erzurum veya Konya \u00fczerine konu\u015fmaktan \u00e7ok daha kolayd\u0131r. T\u00fcrkiye\u2019de kent merkezlerinde in\u015fa edilen hemen her yeni yap\u0131 \u00f6nceki arkeolojik katmanlar\u0131 d\u00fcped\u00fcz tahrip eder. Alttakiler merak edilmez, g\u00f6r\u00fclse de \u00e7o\u011fu zaman kayda ge\u00e7mez ve silinip giderler. Bu kitap s\u00f6z konusu k\u0131s\u0131tl\u0131l\u0131klar \u00e7er\u00e7evesinde, \u00f6nceki ara\u015ft\u0131rmac\u0131lar\u0131n vard\u0131\u011f\u0131 sonu\u00e7lara kat\u0131lmaktan \u00e7ok, onlar\u0131n ele\u015ftirisiyle d\u00fc\u015f\u00fcnebilme aray\u0131\u015f\u0131d\u0131r. <\/p>\n","protected":false},"excerpt":{"rendered":"<p>Anadolu\u2019da T\u00fcrkle\u015fme s\u00fcrecinin erken evresini olu\u015fturan 11.-15. y\u00fczy\u0131l aral\u0131\u011f\u0131ndaki kentsel de\u011fi\u015fim s\u00fcre\u00e7leri \u00fczerinde hala az say\u0131da \u00e7al\u0131\u015fma var. B\u00f6yle bir giri\u015fimde ba\u015fvurulabilecek \u00f6zg\u00fcn kaynaklar \u00e7ok k\u0131s\u0131tl\u0131<span class=\"excerpt-hellip\"> [\u2026]<\/span><\/p>\n","protected":false},"featured_media":0,"template":"","meta":{"_monsterinsights_skip_tracking":false,"_monsterinsights_sitenote_active":false,"_monsterinsights_sitenote_note":"","_monsterinsights_sitenote_category":0},"product_brand":[],"product_cat":[12370,12304],"product_tag":[],"class_list":{"0":"post-735555","1":"product","2":"type-product","3":"status-publish","5":"product_cat-arastirma-inceleme","6":"product_cat-tarih","7":"pa_cilt-ciltsiz","8":"pa_tur-kitap","9":"pa_yayinevi-idealkent-yayincilik","10":"pa_yazar-ugur-tanyeli","12":"first","13":"instock","14":"sale","15":"shipping-taxable","16":"purchasable","17":"product-type-simple"},"_links":{"self":[{"href":"https:\/\/roveyayinevi.com.tr\/index.php\/wp-json\/wp\/v2\/product\/735555","targetHints":{"allow":["GET"]}}],"collection":[{"href":"https:\/\/roveyayinevi.com.tr\/index.php\/wp-json\/wp\/v2\/product"}],"about":[{"href":"https:\/\/roveyayinevi.com.tr\/index.php\/wp-json\/wp\/v2\/types\/product"}],"wp:attachment":[{"href":"https:\/\/roveyayinevi.com.tr\/index.php\/wp-json\/wp\/v2\/media?parent=735555"}],"wp:term":[{"taxonomy":"product_brand","embeddable":true,"href":"https:\/\/roveyayinevi.com.tr\/index.php\/wp-json\/wp\/v2\/product_brand?post=735555"},{"taxonomy":"product_cat","embeddable":true,"href":"https:\/\/roveyayinevi.com.tr\/index.php\/wp-json\/wp\/v2\/product_cat?post=735555"},{"taxonomy":"product_tag","embeddable":true,"href":"https:\/\/roveyayinevi.com.tr\/index.php\/wp-json\/wp\/v2\/product_tag?post=735555"}],"curies":[{"name":"wp","href":"https:\/\/api.w.org\/{rel}","templated":true}]}}