{"id":735553,"date":"2025-08-27T22:49:56","date_gmt":"2025-08-27T19:49:56","guid":{"rendered":"https:\/\/roveyayinevi.com.tr\/index.php\/urun\/benedictus-de-spinoza-hakikat-kendisinin-olcusudur\/"},"modified":"2026-04-16T02:43:51","modified_gmt":"2026-04-15T23:43:51","slug":"benedictus-de-spinoza-hakikat-kendisinin-olcusudur","status":"publish","type":"product","link":"https:\/\/roveyayinevi.com.tr\/index.php\/urun\/benedictus-de-spinoza-hakikat-kendisinin-olcusudur\/","title":{"rendered":"Benedictus de Spinoza &#8211; Hakikat Kendisinin \u00d6l\u00e7\u00fcs\u00fcd\u00fcr"},"content":{"rendered":"<p>\u201c\u0130nsan insan\u0131n tanr\u0131s\u0131d\u0131r.\u201d Spinoza, felsefesi ve ya\u015fam\u0131yla d\u00fc\u015f\u00fcnce tarihinin en \u00f6nemli ve en kritik e\u015fiklerinden birisi olmu\u015ftur. Zira o, d\u0131\u015flanma pahas\u0131na, Tanr\u0131\u2019ya dair genel kavray\u0131\u015f\u0131 k\u00f6kl\u00fc bi\u00e7imde ele\u015ftirmi\u015f ve Tanr\u0131\u2019y\u0131 zorunluluk gere\u011fi yer kaplayan bir t\u00f6z olarak kavram\u0131\u015ft\u0131r. Onun engin d\u00fc\u015f\u00fcnce d\u00fcnyas\u0131 Marx, Nietzsche, Kant, Hegel, Goethe, Einstein ve daha pek \u00e7ok ki\u015fiye ilham vermi\u015ftir. Kendi krizini yaratan, \u00e7abukla\u015ft\u0131ran, kendi kendisini y\u0131kan ve b\u00f6ylece kendisini \u00f6zg\u00fcrce ve \u00f6z\u00fcne en yak\u0131n bi\u00e7imde yeniden in\u015fa eden; kendisini s\u0131n\u0131rlayan her \u015feyi \u2013yazg\u0131s\u0131n\u0131, bedenini, arzular\u0131n\u0131, \u00f6tekilerin varl\u0131\u011f\u0131n\u0131, i\u00e7ine do\u011fdu\u011fu t\u00fcm belirlenimleri\u2013 kabul ederek, hatta y\u00fccelterek a\u015fan bir felsefeyi ve bu felsefenin neredeyse bire bir izd\u00fc\u015f\u00fcm\u00fc olan bir ya\u015fam\u00f6yk\u00fcs\u00fcn\u00fc anlamaya niyetlendi\u011fimiz bir yolculu\u011fa \u00e7\u0131k\u0131yoruz. \u015eeylerin g\u00f6r\u00fcn\u00fc\u015flerini de\u011fil, onlar\u0131 kendileri k\u0131lan \u015feyleri kovalayan; \u00f6tekileri kucaklayan, onlar\u0131n varl\u0131\u011f\u0131ndan ho\u015fnutluk duyan, incelikli, uyumlu, tutarl\u0131 ve sars\u0131lmaz bir d\u00fc\u015f\u00fcnce sistemati\u011fi ile tan\u0131\u015fmaya haz\u0131r m\u0131s\u0131n\u0131z? <\/p>\n","protected":false},"excerpt":{"rendered":"<p>\u201c\u0130nsan insan\u0131n tanr\u0131s\u0131d\u0131r.\u201d Spinoza, felsefesi ve ya\u015fam\u0131yla d\u00fc\u015f\u00fcnce tarihinin en \u00f6nemli ve en kritik e\u015fiklerinden birisi olmu\u015ftur. Zira o, d\u0131\u015flanma pahas\u0131na, Tanr\u0131\u2019ya dair genel kavray\u0131\u015f\u0131 k\u00f6kl\u00fc<span class=\"excerpt-hellip\"> [\u2026]<\/span><\/p>\n","protected":false},"featured_media":0,"template":"","meta":{"_monsterinsights_skip_tracking":false,"_monsterinsights_sitenote_active":false,"_monsterinsights_sitenote_note":"","_monsterinsights_sitenote_category":0},"product_brand":[],"product_cat":[20351,12388],"product_tag":[],"class_list":{"0":"post-735553","1":"product","2":"type-product","3":"status-publish","5":"product_cat-dusunce","6":"product_cat-felsefe","7":"pa_cilt-ciltsiz","8":"pa_tur-kitap","9":"pa_yayinevi-destek-yayinlari","10":"pa_yazar-ozgecan-sekerci","12":"first","13":"instock","14":"sale","15":"shipping-taxable","16":"purchasable","17":"product-type-simple"},"_links":{"self":[{"href":"https:\/\/roveyayinevi.com.tr\/index.php\/wp-json\/wp\/v2\/product\/735553","targetHints":{"allow":["GET"]}}],"collection":[{"href":"https:\/\/roveyayinevi.com.tr\/index.php\/wp-json\/wp\/v2\/product"}],"about":[{"href":"https:\/\/roveyayinevi.com.tr\/index.php\/wp-json\/wp\/v2\/types\/product"}],"wp:attachment":[{"href":"https:\/\/roveyayinevi.com.tr\/index.php\/wp-json\/wp\/v2\/media?parent=735553"}],"wp:term":[{"taxonomy":"product_brand","embeddable":true,"href":"https:\/\/roveyayinevi.com.tr\/index.php\/wp-json\/wp\/v2\/product_brand?post=735553"},{"taxonomy":"product_cat","embeddable":true,"href":"https:\/\/roveyayinevi.com.tr\/index.php\/wp-json\/wp\/v2\/product_cat?post=735553"},{"taxonomy":"product_tag","embeddable":true,"href":"https:\/\/roveyayinevi.com.tr\/index.php\/wp-json\/wp\/v2\/product_tag?post=735553"}],"curies":[{"name":"wp","href":"https:\/\/api.w.org\/{rel}","templated":true}]}}