{"id":735550,"date":"2025-08-27T22:49:52","date_gmt":"2025-08-27T19:49:52","guid":{"rendered":"https:\/\/roveyayinevi.com.tr\/index.php\/urun\/18-yuzyil-dunya-edebiyatinda-aydinlanma\/"},"modified":"2026-04-16T02:43:50","modified_gmt":"2026-04-15T23:43:50","slug":"18-yuzyil-dunya-edebiyatinda-aydinlanma","status":"publish","type":"product","link":"https:\/\/roveyayinevi.com.tr\/index.php\/urun\/18-yuzyil-dunya-edebiyatinda-aydinlanma\/","title":{"rendered":"18. Y\u00fczy\u0131l D\u00fcnya Edebiyat\u0131nda Ayd\u0131nlanma"},"content":{"rendered":"<p>G\u00fcrsel Ayta\u00e7\u2019a g\u00f6re edebiyatta \u201cklasik\u201d bir se\u00e7kinlik, \u00e2deta bir \u00f6l\u00fcms\u00fczl\u00fck, yani her zaman, her yerde de\u011ferlilik anlam\u0131n\u0131 ta\u015f\u0131r. Ayd\u0131nlanma ile kastedilen, insan\u0131n Orta\u00e7a\u011f\u0131 belirleyen, \u201cakla ayk\u0131r\u0131 oldu\u011fu i\u00e7in inanmak\u201d anlay\u0131\u015f\u0131n\u0131n yap\u0131land\u0131rd\u0131\u011f\u0131 bir hayat tarz\u0131d\u0131r. G\u00fcrsel Ayta\u00e7\u2019\u0131n kaleminden; 18\u2019inci y\u00fczy\u0131l edebiyat\u0131na ayr\u0131nt\u0131l\u0131 bak\u0131\u015f&#8230; <\/p>\n","protected":false},"excerpt":{"rendered":"<p>G\u00fcrsel Ayta\u00e7\u2019a g\u00f6re edebiyatta \u201cklasik\u201d bir se\u00e7kinlik, \u00e2deta bir \u00f6l\u00fcms\u00fczl\u00fck, yani her zaman, her yerde de\u011ferlilik anlam\u0131n\u0131 ta\u015f\u0131r. Ayd\u0131nlanma ile kastedilen, insan\u0131n Orta\u00e7a\u011f\u0131 belirleyen, \u201cakla ayk\u0131r\u0131<span class=\"excerpt-hellip\"> [\u2026]<\/span><\/p>\n","protected":false},"featured_media":0,"template":"","meta":{"_monsterinsights_skip_tracking":false,"_monsterinsights_sitenote_active":false,"_monsterinsights_sitenote_note":"","_monsterinsights_sitenote_category":0},"product_brand":[],"product_cat":[12777,12291],"product_tag":[],"class_list":{"0":"post-735550","1":"product","2":"type-product","3":"status-publish","5":"product_cat-deneme","6":"product_cat-edebiyat","7":"pa_cilt-ciltsiz","8":"pa_tur-kitap","9":"pa_yayinevi-cumhuriyet-kitaplari","10":"pa_yazar-gursel-aytac","12":"first","13":"instock","14":"sale","15":"shipping-taxable","16":"purchasable","17":"product-type-simple"},"_links":{"self":[{"href":"https:\/\/roveyayinevi.com.tr\/index.php\/wp-json\/wp\/v2\/product\/735550","targetHints":{"allow":["GET"]}}],"collection":[{"href":"https:\/\/roveyayinevi.com.tr\/index.php\/wp-json\/wp\/v2\/product"}],"about":[{"href":"https:\/\/roveyayinevi.com.tr\/index.php\/wp-json\/wp\/v2\/types\/product"}],"wp:attachment":[{"href":"https:\/\/roveyayinevi.com.tr\/index.php\/wp-json\/wp\/v2\/media?parent=735550"}],"wp:term":[{"taxonomy":"product_brand","embeddable":true,"href":"https:\/\/roveyayinevi.com.tr\/index.php\/wp-json\/wp\/v2\/product_brand?post=735550"},{"taxonomy":"product_cat","embeddable":true,"href":"https:\/\/roveyayinevi.com.tr\/index.php\/wp-json\/wp\/v2\/product_cat?post=735550"},{"taxonomy":"product_tag","embeddable":true,"href":"https:\/\/roveyayinevi.com.tr\/index.php\/wp-json\/wp\/v2\/product_tag?post=735550"}],"curies":[{"name":"wp","href":"https:\/\/api.w.org\/{rel}","templated":true}]}}