{"id":735549,"date":"2025-08-27T22:49:51","date_gmt":"2025-08-27T19:49:51","guid":{"rendered":"https:\/\/roveyayinevi.com.tr\/index.php\/urun\/47-hadisesi\/"},"modified":"2026-04-16T02:43:50","modified_gmt":"2026-04-15T23:43:50","slug":"47-hadisesi","status":"publish","type":"product","link":"https:\/\/roveyayinevi.com.tr\/index.php\/urun\/47-hadisesi\/","title":{"rendered":"47 Hadisesi"},"content":{"rendered":"<p>Edebiyat\u0131m\u0131z\u0131n \u00e7\u0131narlar\u0131ndan, yaz\u0131n\u0131m\u0131z\u0131n usta kalemlerinden Osman \u015eahin, do\u011fup b\u00fcy\u00fcd\u00fc\u011f\u00fc Arslank\u00f6y&#8217;\u00fcn tarihini, Toroslar&#8217;\u0131n ete\u011findeki bu k\u00f6ydeki Y\u00f6r\u00fcklerin g\u00fcndelik ya\u015famlar\u0131n\u0131, gelenek ve g\u00f6reneklerini \u00f6yk\u00fcsel bir dille anlat\u0131yor. Ayr\u0131ca T\u00fcrk siyasi tarihine &#8220;1947 Hadisesi&#8221; olarak ge\u00e7en &#8216;Arslank\u00f6y Sand\u0131k Olay\u0131&#8217;n\u0131 en ince ayr\u0131nt\u0131lar\u0131yla, olay\u0131n en yak\u0131n tan\u0131klar\u0131n\u0131n anlat\u0131m\u0131yla aktararak s\u00f6zl\u00fc bir tarih \u00e7al\u0131\u015fmas\u0131 sunuyor okurlar\u0131na. Bu kitap, 1946 y\u0131l\u0131ndan beri, kendi yalanlar\u0131n\u0131 ger\u00e7e\u011fin yerine koymaya \u00e7al\u0131\u015fanlar i\u00e7in yaz\u0131lm\u0131\u015ft\u0131r. <\/p>\n","protected":false},"excerpt":{"rendered":"<p>Edebiyat\u0131m\u0131z\u0131n \u00e7\u0131narlar\u0131ndan, yaz\u0131n\u0131m\u0131z\u0131n usta kalemlerinden Osman \u015eahin, do\u011fup b\u00fcy\u00fcd\u00fc\u011f\u00fc Arslank\u00f6y&#8217;\u00fcn tarihini, Toroslar&#8217;\u0131n ete\u011findeki bu k\u00f6ydeki Y\u00f6r\u00fcklerin g\u00fcndelik ya\u015famlar\u0131n\u0131, gelenek ve g\u00f6reneklerini \u00f6yk\u00fcsel bir dille anlat\u0131yor. Ayr\u0131ca<span class=\"excerpt-hellip\"> [\u2026]<\/span><\/p>\n","protected":false},"featured_media":0,"template":"","meta":{"_monsterinsights_skip_tracking":false,"_monsterinsights_sitenote_active":false,"_monsterinsights_sitenote_note":"","_monsterinsights_sitenote_category":0},"product_brand":[],"product_cat":[13701,12291],"product_tag":[],"class_list":{"0":"post-735549","1":"product","2":"type-product","3":"status-publish","5":"product_cat-ani-mektup-gunluk","6":"product_cat-edebiyat","7":"pa_cilt-ciltsiz","8":"pa_tur-kitap","9":"pa_yayinevi-cumhuriyet-kitaplari","10":"pa_yazar-osman-sahin","12":"first","13":"instock","14":"sale","15":"shipping-taxable","16":"purchasable","17":"product-type-simple"},"_links":{"self":[{"href":"https:\/\/roveyayinevi.com.tr\/index.php\/wp-json\/wp\/v2\/product\/735549","targetHints":{"allow":["GET"]}}],"collection":[{"href":"https:\/\/roveyayinevi.com.tr\/index.php\/wp-json\/wp\/v2\/product"}],"about":[{"href":"https:\/\/roveyayinevi.com.tr\/index.php\/wp-json\/wp\/v2\/types\/product"}],"wp:attachment":[{"href":"https:\/\/roveyayinevi.com.tr\/index.php\/wp-json\/wp\/v2\/media?parent=735549"}],"wp:term":[{"taxonomy":"product_brand","embeddable":true,"href":"https:\/\/roveyayinevi.com.tr\/index.php\/wp-json\/wp\/v2\/product_brand?post=735549"},{"taxonomy":"product_cat","embeddable":true,"href":"https:\/\/roveyayinevi.com.tr\/index.php\/wp-json\/wp\/v2\/product_cat?post=735549"},{"taxonomy":"product_tag","embeddable":true,"href":"https:\/\/roveyayinevi.com.tr\/index.php\/wp-json\/wp\/v2\/product_tag?post=735549"}],"curies":[{"name":"wp","href":"https:\/\/api.w.org\/{rel}","templated":true}]}}