{"id":735544,"date":"2025-08-27T22:49:46","date_gmt":"2025-08-27T19:49:46","guid":{"rendered":"https:\/\/roveyayinevi.com.tr\/index.php\/urun\/farkindaligin-gucu\/"},"modified":"2025-10-06T07:02:10","modified_gmt":"2025-10-06T04:02:10","slug":"farkindaligin-gucu","status":"publish","type":"product","link":"https:\/\/roveyayinevi.com.tr\/index.php\/urun\/farkindaligin-gucu\/","title":{"rendered":"Fark\u0131ndal\u0131\u011f\u0131n G\u00fcc\u00fc"},"content":{"rendered":"<p>K\u00f6t\u00fcl\u00fc\u011fe direnmek ve ondan vazge\u00e7mek aras\u0131nda b\u00fcy\u00fck bir fark vard\u0131r. K\u00f6t\u00fcl\u00fc\u011fe kar\u015f\u0131 koydu\u011funuzda ona dikkatinizi verirsiniz ve ger\u00e7e\u011fe d\u00f6n\u00fc\u015ft\u00fcrmeye devam edersiniz. K\u00f6t\u00fcl\u00fckten vazge\u00e7ti\u011finizde, dikkatinizi ondan al\u0131rs\u0131n\u0131z ve ne istedi\u011finize dikkatinizi verirsiniz. \u0130nsan\u0131n as\u0131l yan\u0131lg\u0131s\u0131, kendi bilin\u00e7 durumundan ba\u015fka nedenler oldu\u011funa inanmas\u0131d\u0131r. Bir insana ait olan her \u015fey -ondan gelen her \u015fey- onun bilin\u00e7 durumunun bir sonucu olarak ger\u00e7ekle\u015fir. Bir insan\u0131n bilinci d\u00fc\u015f\u00fcnd\u00fc\u011f\u00fc, arzu etti\u011fi ve sevdi\u011fi \u015feylerdir, inand\u0131\u011f\u0131 her \u015fey do\u011frudur ve insan bunlara r\u0131za g\u00f6sterir. Bu y\u00fczden d\u0131\u015f d\u00fcnyan\u0131z\u0131 de\u011fi\u015ftirmeden \u00f6nce bir bilin\u00e7 de\u011fi\u015fikli\u011fi gereklidir. Zihninizin yenilenmesiyle d\u00f6n\u00fc\u015f\u00fcn. Fark\u0131ndal\u0131\u011f\u0131n\u0131zla, huzurla ilerleyin. PEN \u00f6d\u00fcll\u00fc yazar Mitch Horowitz\u2019in edit\u00f6rl\u00fc\u011f\u00fcn\u00fc ve \u00f6zetleme g\u00f6revini \u00fcstlendi\u011fi K\u0131salt\u0131lm\u0131\u015f Klasikler Serisi, \u00e7a\u011f\u0131m\u0131za damgas\u0131n\u0131 vuran ve milyonlar\u0131 etkileyen \u00e7ok de\u011ferli kitaplar\u0131n \u00f6z h\u00e2le getirilmi\u015f versiyonlar\u0131ndan olu\u015fmaktad\u0131r. Bilginin b\u00fcy\u00fck bir h\u0131zla yay\u0131ld\u0131\u011f\u0131 modern \u00e7a\u011fda, vakti s\u0131n\u0131rl\u0131 olmas\u0131na ra\u011fmen kendini geli\u015ftirmek isteyen okurlar d\u00fc\u015f\u00fcn\u00fclerek haz\u0131rlanm\u0131\u015ft\u0131r.<\/p>\n","protected":false},"excerpt":{"rendered":"<p>K\u00f6t\u00fcl\u00fc\u011fe direnmek ve ondan vazge\u00e7mek aras\u0131nda b\u00fcy\u00fck bir fark vard\u0131r. K\u00f6t\u00fcl\u00fc\u011fe kar\u015f\u0131 koydu\u011funuzda ona dikkatinizi verirsiniz ve ger\u00e7e\u011fe d\u00f6n\u00fc\u015ft\u00fcrmeye devam edersiniz. K\u00f6t\u00fcl\u00fckten vazge\u00e7ti\u011finizde, dikkatinizi ondan al\u0131rs\u0131n\u0131z<span class=\"excerpt-hellip\"> [\u2026]<\/span><\/p>\n","protected":false},"featured_media":0,"template":"","meta":{"_monsterinsights_skip_tracking":false,"_monsterinsights_sitenote_active":false,"_monsterinsights_sitenote_note":"","_monsterinsights_sitenote_category":0},"product_brand":[],"product_cat":[12364,12376],"product_tag":[],"class_list":{"0":"post-735544","1":"product","2":"type-product","3":"status-publish","5":"product_cat-genel-konular","6":"product_cat-kisisel-gelisim","7":"pa_cilt-ciltsiz","8":"pa_tur-kitap","9":"pa_yayinevi-sola-unitas","10":"pa_yazar-neville","12":"first","13":"instock","14":"sale","15":"shipping-taxable","16":"purchasable","17":"product-type-simple"},"_links":{"self":[{"href":"https:\/\/roveyayinevi.com.tr\/index.php\/wp-json\/wp\/v2\/product\/735544","targetHints":{"allow":["GET"]}}],"collection":[{"href":"https:\/\/roveyayinevi.com.tr\/index.php\/wp-json\/wp\/v2\/product"}],"about":[{"href":"https:\/\/roveyayinevi.com.tr\/index.php\/wp-json\/wp\/v2\/types\/product"}],"wp:attachment":[{"href":"https:\/\/roveyayinevi.com.tr\/index.php\/wp-json\/wp\/v2\/media?parent=735544"}],"wp:term":[{"taxonomy":"product_brand","embeddable":true,"href":"https:\/\/roveyayinevi.com.tr\/index.php\/wp-json\/wp\/v2\/product_brand?post=735544"},{"taxonomy":"product_cat","embeddable":true,"href":"https:\/\/roveyayinevi.com.tr\/index.php\/wp-json\/wp\/v2\/product_cat?post=735544"},{"taxonomy":"product_tag","embeddable":true,"href":"https:\/\/roveyayinevi.com.tr\/index.php\/wp-json\/wp\/v2\/product_tag?post=735544"}],"curies":[{"name":"wp","href":"https:\/\/api.w.org\/{rel}","templated":true}]}}