{"id":735543,"date":"2025-08-27T22:49:46","date_gmt":"2025-08-27T19:49:46","guid":{"rendered":"https:\/\/roveyayinevi.com.tr\/index.php\/urun\/dusunsel-ve-gorsel-boyutlariyla-kultur\/"},"modified":"2026-04-16T02:43:50","modified_gmt":"2026-04-15T23:43:50","slug":"dusunsel-ve-gorsel-boyutlariyla-kultur","status":"publish","type":"product","link":"https:\/\/roveyayinevi.com.tr\/index.php\/urun\/dusunsel-ve-gorsel-boyutlariyla-kultur\/","title":{"rendered":"D\u00fc\u015f\u00fcnsel ve G\u00f6rsel Boyutlar\u0131yla K\u00fclt\u00fcr"},"content":{"rendered":"<p>\u0130\u00e7indekiler   1.      B\u00d6L\u00dcM I D\u00dc\u015e\u00dcNSEL BOYUT 1.1.   Bilimsel Nesnellik, K\u00fclt\u00fcr ve Protokol \u00d6nermeleri Tart\u0131\u015fmas\u0131: Carnap, Neurath ve Popper 1.2.   \u0130leti\u015fim \u00c7al\u0131\u015fmalar\u0131nda K\u00fclt\u00fcr Nosyonu 1.3.   T\u00fcrk Edebiyat\u0131nda Sinema, Ye\u015fil\u00e7am ve Seyir K\u00fclt\u00fcr\u00fc 1.4.   K\u00fclt\u00fcr ve De\u011ferlerin Bilimdeki Rol\u00fc: Popper ve Kuhn\u2019un Bilimsel Nesnellik Anlay\u0131\u015f\u0131 1.5.   \u00c7okk\u00fclt\u00fcrc\u00fcl\u00fck Ba\u011flam\u0131nda De\u011fi\u015fen Diaspora A\u011flar\u0131 ve Aidiyet Alg\u0131s\u0131 2.      B\u00d6L\u00dcM II G\u00d6RSEL BOYUT 2.1.   T\u00fcrk El Sanatlar\u0131n\u0131n Halk K\u00fclt\u00fcr\u00fcndeki Yeri 2.2.   Bir \u0130nan\u00e7 ve K\u00fclt\u00fcr Nesnesi Olarak Kandil Kullan\u0131m\u0131 2.3.   Sinema K\u00fclt\u00fcr\u00fcnde Kad\u0131n Stereotipleri: Gupse \u00d6zay Filmleri \u00dczerinden Bir De\u011ferlendirme 2.4.   Heterodoks T\u00fcrk Dervi\u015fi Olarak Yunus Emre\u2019nin Ge\u00e7mi\u015ften G\u00fcn\u00fcm\u00fcze T\u00fcrk Sinemas\u0131ndaki Temsillerine K\u0131sa Bir Bak\u0131\u015f 2.5.   Bizans K\u00fclt\u00fcr Tarihinde On \u0130ki B\u00fcy\u00fck Bayram: Pentekost 3.      B\u00d6L\u00dcM III K\u00dcLT\u00dcREL \u00c7ALI\u015eMALARDA ALAN ARA\u015eTIRMASI 3.1.   Sosyal Bilimlerde Anket Haz\u0131rlama: Soru Tipi, Soru Se\u00e7imi ve \u00d6rneklem B\u00fcy\u00fckl\u00fc\u011f\u00fc <\/p>\n","protected":false},"excerpt":{"rendered":"<p>\u0130\u00e7indekiler 1. B\u00d6L\u00dcM I D\u00dc\u015e\u00dcNSEL BOYUT 1.1. Bilimsel Nesnellik, K\u00fclt\u00fcr ve Protokol \u00d6nermeleri Tart\u0131\u015fmas\u0131: Carnap, Neurath ve Popper 1.2. \u0130leti\u015fim \u00c7al\u0131\u015fmalar\u0131nda K\u00fclt\u00fcr Nosyonu 1.3. T\u00fcrk Edebiyat\u0131nda<span class=\"excerpt-hellip\"> [\u2026]<\/span><\/p>\n","protected":false},"featured_media":0,"template":"","meta":{"_monsterinsights_skip_tracking":false,"_monsterinsights_sitenote_active":false,"_monsterinsights_sitenote_note":"","_monsterinsights_sitenote_category":0},"product_brand":[],"product_cat":[12835,12324],"product_tag":[],"class_list":{"0":"post-735543","1":"product","2":"type-product","3":"status-publish","5":"product_cat-genel-sosyoloji","6":"product_cat-sosyoloji","7":"pa_cilt-ciltsiz","8":"pa_tur-kitap","9":"pa_yayinevi-gazi-kitabevi","10":"pa_yazar-baris-cagirkan","12":"first","13":"instock","14":"sale","15":"shipping-taxable","16":"purchasable","17":"product-type-simple"},"_links":{"self":[{"href":"https:\/\/roveyayinevi.com.tr\/index.php\/wp-json\/wp\/v2\/product\/735543","targetHints":{"allow":["GET"]}}],"collection":[{"href":"https:\/\/roveyayinevi.com.tr\/index.php\/wp-json\/wp\/v2\/product"}],"about":[{"href":"https:\/\/roveyayinevi.com.tr\/index.php\/wp-json\/wp\/v2\/types\/product"}],"wp:attachment":[{"href":"https:\/\/roveyayinevi.com.tr\/index.php\/wp-json\/wp\/v2\/media?parent=735543"}],"wp:term":[{"taxonomy":"product_brand","embeddable":true,"href":"https:\/\/roveyayinevi.com.tr\/index.php\/wp-json\/wp\/v2\/product_brand?post=735543"},{"taxonomy":"product_cat","embeddable":true,"href":"https:\/\/roveyayinevi.com.tr\/index.php\/wp-json\/wp\/v2\/product_cat?post=735543"},{"taxonomy":"product_tag","embeddable":true,"href":"https:\/\/roveyayinevi.com.tr\/index.php\/wp-json\/wp\/v2\/product_tag?post=735543"}],"curies":[{"name":"wp","href":"https:\/\/api.w.org\/{rel}","templated":true}]}}